{"id":2,"date":"2016-11-11T11:44:56","date_gmt":"2016-11-11T09:44:57","guid":{"rendered":"https:\/\/blog.edu.turku.fi\/sirkkalaskola\/?page_id=2"},"modified":"2026-04-12T16:33:20","modified_gmt":"2026-04-12T13:33:20","slug":"esimerkkisivu","status":"publish","type":"page","link":"https:\/\/blog.edu.turku.fi\/sirkkalaskola\/","title":{"rendered":"Hem"},"content":{"rendered":"<p align=\"center\"><img loading=\"lazy\" decoding=\"async\" class=\"alignnone size-medium wp-image-38\" src=\"https:\/\/blog.edu.turku.fi\/sirkkalaskola\/files\/2016\/11\/sirkkala_text-300x54.jpg\" alt=\"sirkkala_text\" width=\"300\" height=\"54\" srcset=\"https:\/\/blog.edu.turku.fi\/sirkkalaskola\/files\/2016\/11\/sirkkala_text-300x54.jpg 300w, https:\/\/blog.edu.turku.fi\/sirkkalaskola\/files\/2016\/11\/sirkkala_text.jpg 308w\" sizes=\"auto, (max-width: 300px) 85vw, 300px\" \/><\/p>\n<p align=\"center\">V\u00e4lkommen till skolans hemsida.<\/p>\n<p align=\"center\">Sirkkala skola \u00e4r en svenskspr\u00e5kig skola i centrala \u00c5bo n\u00e4ra parker och naturen.<\/p>\n<div class=\"x_elementToProof\">\n<div class=\"x_x_x_elementToProof\" style=\"text-align: center\" data-olk-copy-source=\"MessageBody\">Fr\u00e5n och med 1.4.2026 heter Sirkkala skolas rektor Charlotte (Lotta) Liljestr\u00f6m &#8211; charlotte.liljestrom@edu.turku.fi&nbsp;<\/div>\n<div class=\"x_x_x_elementToProof\" style=\"text-align: center\">Ellu Kurt\u00e9n inleder samtidigt sorgfritt pension\u00e4rsliv och titulerar sig h\u00e4refter rektor emerita.<\/div>\n<\/div>\n<div>&nbsp;<\/div>\n<p align=\"center\">Vill du vara i kontakt med l\u00e4rarna? E-postadresserna \u00e4r nuf\u00f6rtiden fornamn.efternamn@edu.turku.fi<\/p>\n<p align=\"center\"><span class=\"style23\">Vi har ocks\u00e5 en egen bloggsida och en instagramsida d\u00e4r du kan l\u00e4sa om v\u00e5r skolvardag och se bilder.<\/span><\/p>\n<p align=\"center\"><a href=\"https:\/\/instagram.com\/sirkkalaskola?igshid=MzMyNGUyNmU2YQ%3D%3D&amp;utm_source=qr\">Sirkkala skolas instagram<\/a><\/p>\n<p align=\"center\"><a class=\"style22\" href=\"https:\/\/blog.edu.turku.fi\/sirkkala\/\">Skolans blogg<\/a><\/p>\n<h2 align=\"center\"><strong>P\u00e5 g\u00e5ng just nu:<\/strong><\/h2>\n<div style=\"text-align: center\">\n<div class=\"x_elementToProof\">\n<div data-olk-copy-source=\"MessageBody\">\n<div data-olk-copy-source=\"MessageBody\">G\u00e5rdsfest den 5.5&nbsp;<\/div>\n<div data-olk-copy-source=\"MessageBody\">&nbsp;<\/div>\n<div class=\"x_elementToProof\" data-olk-copy-source=\"MessageBody\"><strong>Bes\u00f6ksdag f\u00f6r nya ettor<\/strong> med v\u00e5rdnadshavare tisdagen den 12.5.2026 kl. 14.00-15.00.<\/div>\n<div class=\"x_elementToProof\">V\u00e4lkomna!<\/div>\n<\/div>\n<div data-olk-copy-source=\"MessageBody\">&nbsp;<\/div>\n<\/div>\n<div>&nbsp;<\/div>\n<div>Ledig dag 15.5 (\u00f6ppet hus)<\/div>\n<\/div>\n<div>\n<p dir=\"auto\">&nbsp;<\/p>\n<p dir=\"auto\" style=\"text-align: center\"><strong>Detta g\u00e4ller f\u00f6r blivande sjuor.<\/strong><\/p>\n<p dir=\"auto\" style=\"text-align: center\">Varmt v\u00e4lkommen torsdagen den 21 maj kl. 18.30 p\u00e5 bekantningskv\u00e4ll till S:t Olofsskolan (Sirkkalagatan 39).Vi \u00f6nskar att du kommer 10 \u2013 15 minuter innan s\u00e5 alla hinner hitta sin egen klass. Skolans v\u00e4nelever tar emot dig utanf\u00f6r skolan.<\/p>\n<p style=\"text-align: center\">Under kv\u00e4llen kommer du som elev att f\u00e5 tr\u00e4ffa din nya klass och klassf\u00f6rest\u00e5ndare. V\u00e5rdnadshavarna kommer under tiden att f\u00e5 en kort presentation av skolan.<\/p>\n<div dir=\"auto\">&nbsp;<\/div>\n<\/div>\n<div style=\"text-align: center\">\n<div>Sista skoldagen 29.5<\/div>\n<div>Skolavslutning 30.5<\/div>\n<div class=\"x_elementToProof\">&nbsp;<\/div>\n<div id=\"x_Signature\" class=\"x_elementToProof\">\n<div class=\"x_elementToProof\">&nbsp;<\/div>\n<\/div>\n<\/div>\n<div style=\"text-align: center\">\n<p>&nbsp;<\/p>\n<\/div>\n<div style=\"text-align: left\">&nbsp; &nbsp; &nbsp; &nbsp; &nbsp; &nbsp; &nbsp; &nbsp; &nbsp; &nbsp; &nbsp; &nbsp; &nbsp; &nbsp; &nbsp; &nbsp; &nbsp; &nbsp; &nbsp; &nbsp; &nbsp; &nbsp; &nbsp; &nbsp; &nbsp;&nbsp;<\/div>\n<div style=\"text-align: center\">&nbsp;<\/div>\n","protected":false},"excerpt":{"rendered":"<p>V\u00e4lkommen till skolans hemsida. Sirkkala skola \u00e4r en svenskspr\u00e5kig skola i centrala \u00c5bo n\u00e4ra parker och naturen. Fr\u00e5n och med 1.4.2026 heter Sirkkala skolas rektor Charlotte (Lotta) Liljestr\u00f6m &#8211; charlotte.liljestrom@edu.turku.fi&nbsp; Ellu Kurt\u00e9n inleder samtidigt sorgfritt pension\u00e4rsliv och titulerar sig h\u00e4refter rektor emerita. &nbsp; Vill du vara i kontakt med l\u00e4rarna? E-postadresserna \u00e4r nuf\u00f6rtiden fornamn.efternamn@edu.turku.fi Vi &hellip; <a href=\"https:\/\/blog.edu.turku.fi\/sirkkalaskola\/\" class=\"more-link\">Forts\u00e4tt l\u00e4sa<span class=\"screen-reader-text\"> \u201dHem\u201d<\/span><\/a><\/p>\n","protected":false},"author":1018,"featured_media":0,"parent":0,"menu_order":0,"comment_status":"closed","ping_status":"open","template":"","meta":{"ngg_post_thumbnail":0,"footnotes":""},"class_list":["post-2","page","type-page","status-publish","hentry"],"_links":{"self":[{"href":"https:\/\/blog.edu.turku.fi\/sirkkalaskola\/wp-json\/wp\/v2\/pages\/2","targetHints":{"allow":["GET"]}}],"collection":[{"href":"https:\/\/blog.edu.turku.fi\/sirkkalaskola\/wp-json\/wp\/v2\/pages"}],"about":[{"href":"https:\/\/blog.edu.turku.fi\/sirkkalaskola\/wp-json\/wp\/v2\/types\/page"}],"author":[{"embeddable":true,"href":"https:\/\/blog.edu.turku.fi\/sirkkalaskola\/wp-json\/wp\/v2\/users\/1018"}],"replies":[{"embeddable":true,"href":"https:\/\/blog.edu.turku.fi\/sirkkalaskola\/wp-json\/wp\/v2\/comments?post=2"}],"version-history":[{"count":108,"href":"https:\/\/blog.edu.turku.fi\/sirkkalaskola\/wp-json\/wp\/v2\/pages\/2\/revisions"}],"predecessor-version":[{"id":1270,"href":"https:\/\/blog.edu.turku.fi\/sirkkalaskola\/wp-json\/wp\/v2\/pages\/2\/revisions\/1270"}],"wp:attachment":[{"href":"https:\/\/blog.edu.turku.fi\/sirkkalaskola\/wp-json\/wp\/v2\/media?parent=2"}],"curies":[{"name":"wp","href":"https:\/\/api.w.org\/{rel}","templated":true}]}}