{"id":171,"date":"2016-11-29T15:02:30","date_gmt":"2016-11-29T13:02:30","guid":{"rendered":"https:\/\/blog.edu.turku.fi\/sirkkalaskola\/?page_id=171"},"modified":"2020-01-14T15:55:08","modified_gmt":"2020-01-14T13:55:08","slug":"penninginsamlingar","status":"publish","type":"page","link":"https:\/\/blog.edu.turku.fi\/sirkkalaskola\/penninginsamlingar\/","title":{"rendered":"Penninginsamlingar"},"content":{"rendered":"<h2>Synpunkter p\u00e5 penninginsamlingar i Sirkkala skola:<\/h2>\n<p>Grundskolan ska inte kosta eleverna n\u00e5gonting. Detta st\u00e5r helt klart i lagen 6 \u00a7 3 mom.:<\/p>\n<p>\u201dUtan sin v\u00e5rdnadshavares samtycke f\u00e5r ett barn inte h\u00e4nvisas till undervisning d\u00e4r det med st\u00f6d av 31 \u00a7 3 mom. tas ut avgifter av eleverna eller till undervisning d\u00e4r det enligt kommunens eget beslut eller tillst\u00e5ndet att ordna utbildning iakttas en s\u00e4rskild metod som baserar sig p\u00e5 en viss v\u00e4rlds\u00e5sk\u00e5dning eller pedagogisk princip. \u201d<\/p>\n<p>Ibland f\u00f6rekommer olika typer av insamlingar. Eftersom dylika insamlingar utg\u00e5r helt ifr\u00e5n frivilliga initiativ b\u00f6r de h\u00e5llas is\u00e4r fr\u00e5n skolans ordinarie verksamhet. Vi f\u00f6resl\u00e5r att rektor och l\u00e4rare informeras om insamlingar och deras \u00e4ndam\u00e5l samtidigt som f\u00f6r\u00e4ldrarna f\u00e5r informationen.<\/p>\n<h3>I Sirkkala skola anv\u00e4nds medel fr\u00e5n en eventuell klasskassa till:<\/h3>\n<p>L\u00e4gerskola i \u00e5rskurs 5.<\/p>\n<p>F\u00f6r\u00e4ldrarna till v\u00e5ra fj\u00e4rdeklassare brukar varje \u00e5r enligt en fin och gammal tradition ordna den stora g\u00e5rdsfesten i maj. Festen har blivit en fin sammanh\u00e5llande faktor f\u00f6r alla sirkkalaf\u00f6r\u00e4ldrar, barn och l\u00e4rare. De inbringade medlen t\u00e4cker till stor del l\u00e4gerskolkostnaderna i \u00e5rskurs 5.<\/p>\n<p>P\u00e5 sexan f\u00e5r eleverna ordna ett disko, detta \u00e4r en viktig del i elevernas f\u00f6retagsamhetsfostran.<\/p>\n","protected":false},"excerpt":{"rendered":"<p>Synpunkter p\u00e5 penninginsamlingar i Sirkkala skola: Grundskolan ska inte kosta eleverna n\u00e5gonting. Detta st\u00e5r helt klart i lagen 6 \u00a7 3 mom.: \u201dUtan sin v\u00e5rdnadshavares samtycke f\u00e5r ett barn inte h\u00e4nvisas till undervisning d\u00e4r det med st\u00f6d av 31 \u00a7 3 mom. tas ut avgifter av eleverna eller till undervisning d\u00e4r det enligt kommunens eget &hellip; <a href=\"https:\/\/blog.edu.turku.fi\/sirkkalaskola\/penninginsamlingar\/\" class=\"more-link\">Forts\u00e4tt l\u00e4sa<span class=\"screen-reader-text\"> \u201dPenninginsamlingar\u201d<\/span><\/a><\/p>\n","protected":false},"author":2095,"featured_media":0,"parent":0,"menu_order":0,"comment_status":"closed","ping_status":"closed","template":"","meta":{"ngg_post_thumbnail":0,"footnotes":""},"class_list":["post-171","page","type-page","status-publish","hentry"],"_links":{"self":[{"href":"https:\/\/blog.edu.turku.fi\/sirkkalaskola\/wp-json\/wp\/v2\/pages\/171","targetHints":{"allow":["GET"]}}],"collection":[{"href":"https:\/\/blog.edu.turku.fi\/sirkkalaskola\/wp-json\/wp\/v2\/pages"}],"about":[{"href":"https:\/\/blog.edu.turku.fi\/sirkkalaskola\/wp-json\/wp\/v2\/types\/page"}],"author":[{"embeddable":true,"href":"https:\/\/blog.edu.turku.fi\/sirkkalaskola\/wp-json\/wp\/v2\/users\/2095"}],"replies":[{"embeddable":true,"href":"https:\/\/blog.edu.turku.fi\/sirkkalaskola\/wp-json\/wp\/v2\/comments?post=171"}],"version-history":[{"count":5,"href":"https:\/\/blog.edu.turku.fi\/sirkkalaskola\/wp-json\/wp\/v2\/pages\/171\/revisions"}],"predecessor-version":[{"id":701,"href":"https:\/\/blog.edu.turku.fi\/sirkkalaskola\/wp-json\/wp\/v2\/pages\/171\/revisions\/701"}],"wp:attachment":[{"href":"https:\/\/blog.edu.turku.fi\/sirkkalaskola\/wp-json\/wp\/v2\/media?parent=171"}],"curies":[{"name":"wp","href":"https:\/\/api.w.org\/{rel}","templated":true}]}}