{"id":169,"date":"2016-11-29T15:01:23","date_gmt":"2016-11-29T13:01:23","guid":{"rendered":"https:\/\/blog.edu.turku.fi\/sirkkalaskola\/?page_id=169"},"modified":"2024-12-16T11:02:58","modified_gmt":"2024-12-16T09:02:58","slug":"farfar-i-skolan","status":"publish","type":"page","link":"https:\/\/blog.edu.turku.fi\/sirkkalaskola\/farfar-i-skolan\/","title":{"rendered":"Skolfarfar \/ -mormor"},"content":{"rendered":"<p align=\"justify\"><span lang=\"SV\">V\u00e5ra skolfarf\u00e4der heter Tom Nybom, G\u00f6ran\/Wiki Wikstedt, Synn\u00f6ve Alanko och Barbro Sipil\u00e4. De hoppas kunna ge eleverna en trygg vuxenkontakt till h\u00e4r i skolan. Det \u00e4r viktigt med n\u00e5gon som lyssnar till l\u00e4sl\u00e4xan i de l\u00e4gre \u00e5rskurserna, fungerar som en hj\u00e4lpande hand i det dagliga skolarbetet eller i den livliga trafiken, eller annars bara finns till f\u00f6r v\u00e5ra m\u00e5nga barn.<\/span><\/p>\n<p align=\"justify\"><a href=\"https:\/\/www.folkhalsan.fi\/foreningar\/frivilliguppdrag\/senior-i-skola-daghem-eller-eftis\/\" target=\"_blank\" rel=\"noopener noreferrer\" data-auth=\"NotApplicable\" data-safelink=\"true\" data-linkindex=\"0\">Senior i skola, daghem eller eftis &#8211; Folkh\u00e4lsan (folkhalsan.fi)<\/a><\/p>\n","protected":false},"excerpt":{"rendered":"<p>V\u00e5ra skolfarf\u00e4der heter Tom Nybom, G\u00f6ran\/Wiki Wikstedt, Synn\u00f6ve Alanko och Barbro Sipil\u00e4. De hoppas kunna ge eleverna en trygg vuxenkontakt till h\u00e4r i skolan. Det \u00e4r viktigt med n\u00e5gon som lyssnar till l\u00e4sl\u00e4xan i de l\u00e4gre \u00e5rskurserna, fungerar som en hj\u00e4lpande hand i det dagliga skolarbetet eller i den livliga trafiken, eller annars bara finns &hellip; <a href=\"https:\/\/blog.edu.turku.fi\/sirkkalaskola\/farfar-i-skolan\/\" class=\"more-link\">Forts\u00e4tt l\u00e4sa<span class=\"screen-reader-text\"> \u201dSkolfarfar \/ -mormor\u201d<\/span><\/a><\/p>\n","protected":false},"author":1020,"featured_media":0,"parent":0,"menu_order":0,"comment_status":"closed","ping_status":"closed","template":"","meta":{"ngg_post_thumbnail":0,"footnotes":""},"class_list":["post-169","page","type-page","status-publish","hentry"],"_links":{"self":[{"href":"https:\/\/blog.edu.turku.fi\/sirkkalaskola\/wp-json\/wp\/v2\/pages\/169","targetHints":{"allow":["GET"]}}],"collection":[{"href":"https:\/\/blog.edu.turku.fi\/sirkkalaskola\/wp-json\/wp\/v2\/pages"}],"about":[{"href":"https:\/\/blog.edu.turku.fi\/sirkkalaskola\/wp-json\/wp\/v2\/types\/page"}],"author":[{"embeddable":true,"href":"https:\/\/blog.edu.turku.fi\/sirkkalaskola\/wp-json\/wp\/v2\/users\/1020"}],"replies":[{"embeddable":true,"href":"https:\/\/blog.edu.turku.fi\/sirkkalaskola\/wp-json\/wp\/v2\/comments?post=169"}],"version-history":[{"count":14,"href":"https:\/\/blog.edu.turku.fi\/sirkkalaskola\/wp-json\/wp\/v2\/pages\/169\/revisions"}],"predecessor-version":[{"id":1163,"href":"https:\/\/blog.edu.turku.fi\/sirkkalaskola\/wp-json\/wp\/v2\/pages\/169\/revisions\/1163"}],"wp:attachment":[{"href":"https:\/\/blog.edu.turku.fi\/sirkkalaskola\/wp-json\/wp\/v2\/media?parent=169"}],"curies":[{"name":"wp","href":"https:\/\/api.w.org\/{rel}","templated":true}]}}