{"id":167,"date":"2016-11-29T15:00:47","date_gmt":"2016-11-29T13:00:47","guid":{"rendered":"https:\/\/blog.edu.turku.fi\/sirkkalaskola\/?page_id=167"},"modified":"2023-12-05T11:20:58","modified_gmt":"2023-12-05T09:20:58","slug":"borttappat","status":"publish","type":"page","link":"https:\/\/blog.edu.turku.fi\/sirkkalaskola\/borttappat\/","title":{"rendered":"Borttappat eller s\u00f6nder?"},"content":{"rendered":"<h3><span class=\"rubrik_middle\">Om busskortet tappas bort eller g\u00e5r s\u00f6nder kontakta Servicebyr\u00e5n f\u00f6r lokaltrafiken, Auragatan 5.<\/span><\/h3>\n<p><strong>Har du tappat kl\u00e4desplagg?<\/strong><\/p>\n<p>Alla kl\u00e4der som blir kvar i korridorerna eller p\u00e5 skolg\u00e5rden s\u00e4tts i korgar f\u00f6r upphittade kl\u00e4der. Korgarna finns i alla v\u00e5ra skolhus. Skolan st\u00e4ller ut alla upphittade kl\u00e4der med j\u00e4mna mellanrum. Kl\u00e4der som inte hittar sina r\u00e4tta \u00e4gare g\u00e5r vidare till v\u00e4lg\u00f6rande \u00e4ndam\u00e5l.<\/p>\n<p><strong>Har du tappat v\u00e4rdef\u00f6rem\u00e5l eller nycklar? <\/strong><\/p>\n<p>Smycken, klockor, nycklar och andra v\u00e4rdef\u00f6rem\u00e5l uppbevaras i personalrummet. De kan l\u00f6sas ut mot en beskrivning av f\u00f6rem\u00e5let.<\/p>\n<p><strong>Har du tappat skolb\u00f6cker\/ h\u00e4ften?<\/strong><\/p>\n<p>Kontakta genast din l\u00e4rare. Leta noga igenom din pulpet\/l\u00e5da, ryggs\u00e4ck och s\u00f6k ocks\u00e5 tillsammans med f\u00f6r\u00e4ldrarna d\u00e4r hemma.<\/p>\n<p>&nbsp;<\/p>\n<h4>Ers\u00e4ttning av elevernas i skolan f\u00f6rsvunna\/s\u00f6ndrade personliga egendom<\/h4>\n<p>Elevers personliga egendom kan endast ers\u00e4ttas om de s\u00f6ndrats under lektionstid.<br \/>\nStaden ers\u00e4tter inte t.ex. egendom som l\u00e4mnats i garderobsutrymmen eller som<br \/>\ns\u00f6ndrats\/f\u00f6rsvunnit\/stulits under rasten eller under skolv\u00e4gen (hemf\u00f6rs\u00e4kringens<br \/>\nsj\u00e4lvriskdel). V\u00e4rdefull personlig egendom (t.ex. mobiltelefoner) som eleven frivilligt<br \/>\ntagit till skolan, \u00e4r p\u00e5 elevens eget ansvar och ers\u00e4tts inte.<br \/>\nSt\u00f6lder som h\u00e4nt i skolan \u00e4r brott, varvid elevens v\u00e5rdnadshavare b\u00f6r g\u00f6ra en brotts-<br \/>\nanm\u00e4lan till polisen. Skolan f\u00f6rs\u00f6ker givetvis \u00e4ven utreda det intr\u00e4ffade.<br \/>\nHandledning \u00f6ver hur ers\u00e4ttning s\u00f6ks kan f\u00e5s fr\u00e5n skolans kansli eller p\u00e5 \u00c5bo stads<br \/>\nwebb-sidor www.turku.fi\/sv -&gt; Dagv\u00e5rd och utbildning -&gt; Grundskolan 1-9 -&gt; st\u00f6d f\u00f6r l\u00e4-<br \/>\nrande och skolg\u00e5ng -&gt; Sakskador och ers\u00e4ttande.<\/p>\n<h5>L\u00e4rplattorna<\/h5>\n<p><span lang=\"SV\">Vad h\u00e4nder om l\u00e4rplattan g\u00e5r s\u00f6nder, vem ansvarar, vilka regler har vi? <\/span><\/p>\n<p><span lang=\"SV\">Detta utreder vi fr\u00e5n fall till fall h\u00e4r i skolan. Ytterst viktigt \u00e4r att alla \u00e4r medvetna om att det handlar om dyrbara saker och d\u00e4rf\u00f6r m\u00e5ste man agera med st\u00f6rsta f\u00f6rsiktighet. Det g\u00e5r t.ex. inte att kasta ryggs\u00e4ckar hur som helst \u2026<\/span><\/p>\n<p><a href=\"https:\/\/blog.edu.turku.fi\/sirkkalaskola\/files\/2018\/09\/anm\u00e4lan-om-f\u00f6rsvunnen-eller-skadad-terminal.pdf\">S\u00f6ndrig eller f\u00f6rsvunnen l\u00e4rplatta<\/a> (\u00d6ppnas i PDF)<\/p>\n","protected":false},"excerpt":{"rendered":"<p>Om busskortet tappas bort eller g\u00e5r s\u00f6nder kontakta Servicebyr\u00e5n f\u00f6r lokaltrafiken, Auragatan 5. Har du tappat kl\u00e4desplagg? Alla kl\u00e4der som blir kvar i korridorerna eller p\u00e5 skolg\u00e5rden s\u00e4tts i korgar f\u00f6r upphittade kl\u00e4der. Korgarna finns i alla v\u00e5ra skolhus. Skolan st\u00e4ller ut alla upphittade kl\u00e4der med j\u00e4mna mellanrum. Kl\u00e4der som inte hittar sina r\u00e4tta \u00e4gare &hellip; <a href=\"https:\/\/blog.edu.turku.fi\/sirkkalaskola\/borttappat\/\" class=\"more-link\">Forts\u00e4tt l\u00e4sa<span class=\"screen-reader-text\"> \u201dBorttappat eller s\u00f6nder?\u201d<\/span><\/a><\/p>\n","protected":false},"author":2095,"featured_media":0,"parent":0,"menu_order":0,"comment_status":"closed","ping_status":"closed","template":"","meta":{"ngg_post_thumbnail":0,"footnotes":""},"class_list":["post-167","page","type-page","status-publish","hentry"],"_links":{"self":[{"href":"https:\/\/blog.edu.turku.fi\/sirkkalaskola\/wp-json\/wp\/v2\/pages\/167","targetHints":{"allow":["GET"]}}],"collection":[{"href":"https:\/\/blog.edu.turku.fi\/sirkkalaskola\/wp-json\/wp\/v2\/pages"}],"about":[{"href":"https:\/\/blog.edu.turku.fi\/sirkkalaskola\/wp-json\/wp\/v2\/types\/page"}],"author":[{"embeddable":true,"href":"https:\/\/blog.edu.turku.fi\/sirkkalaskola\/wp-json\/wp\/v2\/users\/2095"}],"replies":[{"embeddable":true,"href":"https:\/\/blog.edu.turku.fi\/sirkkalaskola\/wp-json\/wp\/v2\/comments?post=167"}],"version-history":[{"count":12,"href":"https:\/\/blog.edu.turku.fi\/sirkkalaskola\/wp-json\/wp\/v2\/pages\/167\/revisions"}],"predecessor-version":[{"id":1032,"href":"https:\/\/blog.edu.turku.fi\/sirkkalaskola\/wp-json\/wp\/v2\/pages\/167\/revisions\/1032"}],"wp:attachment":[{"href":"https:\/\/blog.edu.turku.fi\/sirkkalaskola\/wp-json\/wp\/v2\/media?parent=167"}],"curies":[{"name":"wp","href":"https:\/\/api.w.org\/{rel}","templated":true}]}}