{"id":165,"date":"2016-11-29T14:59:38","date_gmt":"2016-11-29T12:59:38","guid":{"rendered":"https:\/\/blog.edu.turku.fi\/sirkkalaskola\/?page_id=165"},"modified":"2019-05-15T09:52:54","modified_gmt":"2019-05-15T06:52:54","slug":"sjukanmalan","status":"publish","type":"page","link":"https:\/\/blog.edu.turku.fi\/sirkkalaskola\/sjukanmalan\/","title":{"rendered":"Sjukanm\u00e4lan"},"content":{"rendered":"<p style=\"text-align: left\" align=\"justify\">Meddela klassl\u00e4raren t.ex. via Wilma n\u00e4r ditt barn uteblir fr\u00e5n undervisningen p.g.a. sjukdom. V\u00e4nligen meddela skolh\u00e4lsov\u00e5rdaren om ditt barn har n\u00e5gon smittosam sjukdom.<\/p>\n<p style=\"text-align: left\" align=\"justify\"><a href=\"https:\/\/blog.edu.turku.fi\/sirkkalaskola\/halsovardaren-informerar\/\">H\u00e4lsov\u00e5rdaren<\/a><\/p>\n","protected":false},"excerpt":{"rendered":"<p>Meddela klassl\u00e4raren t.ex. via Wilma n\u00e4r ditt barn uteblir fr\u00e5n undervisningen p.g.a. sjukdom. V\u00e4nligen meddela skolh\u00e4lsov\u00e5rdaren om ditt barn har n\u00e5gon smittosam sjukdom. H\u00e4lsov\u00e5rdaren<\/p>\n","protected":false},"author":2095,"featured_media":0,"parent":0,"menu_order":0,"comment_status":"closed","ping_status":"closed","template":"","meta":{"ngg_post_thumbnail":0,"footnotes":""},"class_list":["post-165","page","type-page","status-publish","hentry"],"_links":{"self":[{"href":"https:\/\/blog.edu.turku.fi\/sirkkalaskola\/wp-json\/wp\/v2\/pages\/165","targetHints":{"allow":["GET"]}}],"collection":[{"href":"https:\/\/blog.edu.turku.fi\/sirkkalaskola\/wp-json\/wp\/v2\/pages"}],"about":[{"href":"https:\/\/blog.edu.turku.fi\/sirkkalaskola\/wp-json\/wp\/v2\/types\/page"}],"author":[{"embeddable":true,"href":"https:\/\/blog.edu.turku.fi\/sirkkalaskola\/wp-json\/wp\/v2\/users\/2095"}],"replies":[{"embeddable":true,"href":"https:\/\/blog.edu.turku.fi\/sirkkalaskola\/wp-json\/wp\/v2\/comments?post=165"}],"version-history":[{"count":6,"href":"https:\/\/blog.edu.turku.fi\/sirkkalaskola\/wp-json\/wp\/v2\/pages\/165\/revisions"}],"predecessor-version":[{"id":531,"href":"https:\/\/blog.edu.turku.fi\/sirkkalaskola\/wp-json\/wp\/v2\/pages\/165\/revisions\/531"}],"wp:attachment":[{"href":"https:\/\/blog.edu.turku.fi\/sirkkalaskola\/wp-json\/wp\/v2\/media?parent=165"}],"curies":[{"name":"wp","href":"https:\/\/api.w.org\/{rel}","templated":true}]}}