{"id":159,"date":"2016-11-29T14:54:47","date_gmt":"2016-11-29T12:54:47","guid":{"rendered":"https:\/\/blog.edu.turku.fi\/sirkkalaskola\/?page_id=159"},"modified":"2019-08-21T15:29:14","modified_gmt":"2019-08-21T12:29:14","slug":"samarbete-med-hemmen","status":"publish","type":"page","link":"https:\/\/blog.edu.turku.fi\/sirkkalaskola\/samarbete-med-hemmen\/","title":{"rendered":"Samarbete med hemmen"},"content":{"rendered":"<p>Ett gott samarbete och \u00f6msesidig respekt i relationen hem och skola \u00e4r mycket viktigt med tanke p\u00e5 elevens allsidiga utveckling. Vi str\u00e4var efter att h\u00e5lla en \u00f6ppen kontakt genom att informera, diskutera, planera, fr\u00e5ga och utbyta tankar. Kontakt f\u00f6rekommer p\u00e5 m\u00e5nga plan och p\u00e5 m\u00e5nga s\u00e4tt:<\/p>\n<ul>\n<li>F\u00f6r\u00e4ldram\u00f6ten<br \/>\nDet f\u00f6rsta m\u00f6tet h\u00e5lls ca 5-6 veckor efter skolstarten och sammankallas av l\u00e4raren. Under detta m\u00f6te v\u00e4ljs klassf\u00f6r\u00e4ldrarna, tidigare klassf\u00f6r\u00e4ldrar informerar om klassf\u00f6r\u00e4lderns uppgifter. Andra m\u00f6ten arrangeras av f\u00f6r\u00e4ldrar.<\/li>\n<li>Tr\u00e4ffar mellan l\u00e4rare och klassf\u00f6r\u00e4ldrar<br \/>\nS\u00e5dana kan ordnas f\u00f6re eller efter det f\u00f6rsta f\u00f6r\u00e4ldram\u00f6tet, eller vid behov.<\/li>\n<li>Barn-f\u00f6r\u00e4ldratr\u00e4ffar<\/li>\n<li>Storm\u00f6ten.<\/li>\n<li>Skriftligt, per telefon, Wilma eller e-post (l\u00e4raren och f\u00f6r\u00e4ldrar kommer \u00f6verens om b\u00e4sta s\u00e4ttet f\u00f6r kontakten)<br \/>\n\u2013 kontakth\u00e4fte<br \/>\n\u2013 veckobrev i vissa l\u00e4gre klasser<br \/>\n\u2013 informationsh\u00e4fte ges till alla i b\u00f6rjan av skol\u00e5ret<br \/>\n\u2013 skolans hemsida<\/li>\n<li>Personlig kontakt med l\u00e4raren enligt behov<\/li>\n<li>Utvecklingssamtal i november<\/li>\n<li>F\u00f6r\u00e4ldramedverkan i undervisningen<br \/>\nT.ex. deltagande i utflykter, l\u00e4gerskola, klassresor, men kan \u00e4ven g\u00e4lla annan verksamhet.<\/li>\n<li>F\u00f6r\u00e4ldramedverkan i utv\u00e4rderingen<br \/>\n\u2013 i elevutv\u00e4rderingen (utvecklingssamtalet)<br \/>\n\u2013 utv\u00e4rderingen av hela skolans arbete<br \/>\n\u2013 ev. annan utv\u00e4rdering<\/li>\n<li>Genom att h\u00e5lla \u201d\u00d6ppet hus\u201d-dagar i skolan<\/li>\n<li>En l\u00e4rarrepresentant i f\u00f6reningen Hem och Skolas styrelse och en representant p\u00e5 klassombudsm\u00f6ten<\/li>\n<li>Vid samarbete kring klubbar och eftermiddagsverksamhet<\/li>\n<\/ul>\n<p>Ut\u00f6ver de h\u00e4r kontaktformerna st\u00e5r det alla fritt att komma med id\u00e9er om tr\u00e4ffar eller temakv\u00e4llar etc.<\/p>\n","protected":false},"excerpt":{"rendered":"<p>Ett gott samarbete och \u00f6msesidig respekt i relationen hem och skola \u00e4r mycket viktigt med tanke p\u00e5 elevens allsidiga utveckling. Vi str\u00e4var efter att h\u00e5lla en \u00f6ppen kontakt genom att informera, diskutera, planera, fr\u00e5ga och utbyta tankar. Kontakt f\u00f6rekommer p\u00e5 m\u00e5nga plan och p\u00e5 m\u00e5nga s\u00e4tt: F\u00f6r\u00e4ldram\u00f6ten Det f\u00f6rsta m\u00f6tet h\u00e5lls ca 5-6 veckor efter &hellip; <a href=\"https:\/\/blog.edu.turku.fi\/sirkkalaskola\/samarbete-med-hemmen\/\" class=\"more-link\">Forts\u00e4tt l\u00e4sa<span class=\"screen-reader-text\"> \u201dSamarbete med hemmen\u201d<\/span><\/a><\/p>\n","protected":false},"author":2095,"featured_media":0,"parent":0,"menu_order":0,"comment_status":"closed","ping_status":"closed","template":"","meta":{"ngg_post_thumbnail":0,"footnotes":""},"class_list":["post-159","page","type-page","status-publish","hentry"],"_links":{"self":[{"href":"https:\/\/blog.edu.turku.fi\/sirkkalaskola\/wp-json\/wp\/v2\/pages\/159","targetHints":{"allow":["GET"]}}],"collection":[{"href":"https:\/\/blog.edu.turku.fi\/sirkkalaskola\/wp-json\/wp\/v2\/pages"}],"about":[{"href":"https:\/\/blog.edu.turku.fi\/sirkkalaskola\/wp-json\/wp\/v2\/types\/page"}],"author":[{"embeddable":true,"href":"https:\/\/blog.edu.turku.fi\/sirkkalaskola\/wp-json\/wp\/v2\/users\/2095"}],"replies":[{"embeddable":true,"href":"https:\/\/blog.edu.turku.fi\/sirkkalaskola\/wp-json\/wp\/v2\/comments?post=159"}],"version-history":[{"count":2,"href":"https:\/\/blog.edu.turku.fi\/sirkkalaskola\/wp-json\/wp\/v2\/pages\/159\/revisions"}],"predecessor-version":[{"id":611,"href":"https:\/\/blog.edu.turku.fi\/sirkkalaskola\/wp-json\/wp\/v2\/pages\/159\/revisions\/611"}],"wp:attachment":[{"href":"https:\/\/blog.edu.turku.fi\/sirkkalaskola\/wp-json\/wp\/v2\/media?parent=159"}],"curies":[{"name":"wp","href":"https:\/\/api.w.org\/{rel}","templated":true}]}}