{"id":157,"date":"2016-11-29T14:54:23","date_gmt":"2016-11-29T12:54:23","guid":{"rendered":"https:\/\/blog.edu.turku.fi\/sirkkalaskola\/?page_id=157"},"modified":"2018-01-18T14:17:56","modified_gmt":"2018-01-18T12:17:56","slug":"profilering","status":"publish","type":"page","link":"https:\/\/blog.edu.turku.fi\/sirkkalaskola\/profilering\/","title":{"rendered":"Profilering"},"content":{"rendered":"<p>Vi str\u00e4var efter att r\u00f6ra p\u00e5 oss s\u00e5 mycket som m\u00f6jligt under skoldagen f\u00f6r att fr\u00e4mja barnens v\u00e4lm\u00e5ende. Vi deltar i projektet Skolan i r\u00f6relse. Ut\u00f6ver det ordnas sportdagar och andra utedagar. Skolans elever deltar ocks\u00e5 i m\u00e5nga olika idrottst\u00e4vlingar under l\u00e4s\u00e5ret.<\/p>\n<p>I v\u00e5r skola l\u00e4ser vi mycket. Eleverna bes\u00f6ker barnbiblioteket regelbundet. Vi str\u00e4var efter dagliga l\u00e4sstunder i skolan och hoppas att ni ocks\u00e5 l\u00e4ser hemma med barnen. Vi \u00e4gnar oss \u00e5t tystl\u00e4sning, parl\u00e4sning, gruppl\u00e4sning, fadderl\u00e4sning och h\u00f6gl\u00e4sning f\u00f6r att n\u00e4mna n\u00e5gra typer. L\u00e4sning \u00e4r b\u00e5de nyttigt och trevligt!<\/p>\n","protected":false},"excerpt":{"rendered":"<p>Vi str\u00e4var efter att r\u00f6ra p\u00e5 oss s\u00e5 mycket som m\u00f6jligt under skoldagen f\u00f6r att fr\u00e4mja barnens v\u00e4lm\u00e5ende. Vi deltar i projektet Skolan i r\u00f6relse. Ut\u00f6ver det ordnas sportdagar och andra utedagar. Skolans elever deltar ocks\u00e5 i m\u00e5nga olika idrottst\u00e4vlingar under l\u00e4s\u00e5ret. I v\u00e5r skola l\u00e4ser vi mycket. Eleverna bes\u00f6ker barnbiblioteket regelbundet. Vi str\u00e4var efter &hellip; <a href=\"https:\/\/blog.edu.turku.fi\/sirkkalaskola\/profilering\/\" class=\"more-link\">Forts\u00e4tt l\u00e4sa<span class=\"screen-reader-text\"> \u201dProfilering\u201d<\/span><\/a><\/p>\n","protected":false},"author":2095,"featured_media":0,"parent":0,"menu_order":0,"comment_status":"closed","ping_status":"closed","template":"","meta":{"ngg_post_thumbnail":0,"footnotes":""},"class_list":["post-157","page","type-page","status-publish","hentry"],"_links":{"self":[{"href":"https:\/\/blog.edu.turku.fi\/sirkkalaskola\/wp-json\/wp\/v2\/pages\/157","targetHints":{"allow":["GET"]}}],"collection":[{"href":"https:\/\/blog.edu.turku.fi\/sirkkalaskola\/wp-json\/wp\/v2\/pages"}],"about":[{"href":"https:\/\/blog.edu.turku.fi\/sirkkalaskola\/wp-json\/wp\/v2\/types\/page"}],"author":[{"embeddable":true,"href":"https:\/\/blog.edu.turku.fi\/sirkkalaskola\/wp-json\/wp\/v2\/users\/2095"}],"replies":[{"embeddable":true,"href":"https:\/\/blog.edu.turku.fi\/sirkkalaskola\/wp-json\/wp\/v2\/comments?post=157"}],"version-history":[{"count":3,"href":"https:\/\/blog.edu.turku.fi\/sirkkalaskola\/wp-json\/wp\/v2\/pages\/157\/revisions"}],"predecessor-version":[{"id":311,"href":"https:\/\/blog.edu.turku.fi\/sirkkalaskola\/wp-json\/wp\/v2\/pages\/157\/revisions\/311"}],"wp:attachment":[{"href":"https:\/\/blog.edu.turku.fi\/sirkkalaskola\/wp-json\/wp\/v2\/media?parent=157"}],"curies":[{"name":"wp","href":"https:\/\/api.w.org\/{rel}","templated":true}]}}