{"id":151,"date":"2016-11-29T14:51:53","date_gmt":"2016-11-29T12:51:53","guid":{"rendered":"https:\/\/blog.edu.turku.fi\/sirkkalaskola\/?page_id=151"},"modified":"2023-10-06T08:29:23","modified_gmt":"2023-10-06T05:29:23","slug":"skolans-historik","status":"publish","type":"page","link":"https:\/\/blog.edu.turku.fi\/sirkkalaskola\/skolans-historik\/","title":{"rendered":"Skolans historik"},"content":{"rendered":"<p>Efter att folkskolef\u00f6rordningen i Finland tr\u00e4tt i kraft \u00e5r 1866, fick ocks\u00e5 \u00c5bo sin f\u00f6rsta folkskola i hyrda utrymmen vid det d\u00e5varande Alexandertorget (Salutorget). S\u00e5 sm\u00e5ningom blev det dock klart att \u00c5bo m\u00e5ste bygga nya utrymmen f\u00f6r det allt st\u00f6rre elevantalet. F\u00f6rst hyrde man utrymmen vid h\u00f6rnet av d\u00e5varande Arsenigatan (nuv. Nylandsgatan) och Arsenitv\u00e4rgatan (nuv. Sirkkalagatan). Dessa gator hade f\u00f6r \u00f6vrigt f\u00e5tt sina namn efter den ryska generalguvern\u00f6ren i Finland, Arseni Zakrevskij, som hj\u00e4lpt till att f\u00e5 \u00c5bo \u00e5teruppbyggt efter den f\u00f6r\u00f6dande branden \u00e5r 1827. \u00c5r 1882 k\u00f6per s\u00e5lunda staden tomten vid nuvarande Sirkkalagatan 20, som ligger i kvarteret Pomona enligt Engels stadsplan fr\u00e5n \u00e5r 1830.<\/p>\n<p>Namnet Pomona h\u00e4rstammar fr\u00e5n den \u00e4ppeltr\u00e4dg\u00e5rd som f\u00f6rut fanns p\u00e5 den nuvarande skoltomten. N\u00e4r staden hade k\u00f6pt tomten, s\u00e5 bad d\u00e5varande direktionsordf\u00f6rande R\u00f6nnb\u00e4ck att stadsarkitekt C.J.F. von Heideken skulle g\u00f6ra upp en kostnadskalkyl och ritningar f\u00f6r den kommande skolan.<\/p>\n<p>Kort historik om Sirkkala skola. Enligt von Heideken skulle en skola av tr\u00e4 komma att kosta 54500 mk och en skola av sten 75000 mk. Fullm\u00e4ktige godk\u00e4nde planerna f\u00f6r en skola av tr\u00e4 med \u201d\u00f6verl\u00e4gsen och odisputabel majoritet\u201d . Den 13 september \u00e5r 1884 invigdes skolan av skolinspekt\u00f6r Berner. Skolan var den f\u00f6rsta folkskolan p\u00e5 \u00f6stra sidan av Aura \u00e5, ock kom till slut att kosta 52625 mk. Skolan bestod av tv\u00e5 byggnader. I den ena fanns det 4 klassrum, en bostad med 2 rum och k\u00f6k f\u00f6r en l\u00e4rare och 1 rum f\u00f6r en vaktm\u00e4stare. Det andra huset bestod av 3 klassrum.<\/p>\n<p>I b\u00f6rjan hette skolan endast \u201dFemte svenska elementarskolan\u201d, och fick f\u00f6rst p\u00e5 1920 \u2013 talet sitt nuvarande namn, Sirkkala skola. Varifr\u00e5n kom d\u00e5 det namnet? Jo, efter att Finland blivit sj\u00e4lvst\u00e4ndigt \u00e5r 1917, ville man snabbt g\u00f6ra sig av med de ryska namnen. N\u00e5gonstans p\u00e5 d\u00e5varande Arsenigatan fanns en obetydlig g\u00e5rd som kallades f\u00f6r Sirkkala, och \u00c5bo-borna besl\u00f6t snabbt att \u00e4ndra gatans namn till Sirkkalagatan. Sirkkala skola har inte alltid varit en svensk skola. I b\u00f6rjan hade skolan b\u00e5de svenska och finska elever. Dessutom var eleverna s\u00e5 m\u00e5nga att man fick g\u00e5 i olika turer. Den f\u00f6rsta gruppen gick i skolan mellan 8 \u2013 12, och den andra mellan 12 \u2013 16. En tid var de svenskspr\u00e5kiga helt borta fr\u00e5n sj\u00e4lva skolbyggnaden (1909-28 vid Observatoriegatan 5), men fr\u00e5n och med 1950-talet har de allra flesta eleverna varit svenskspr\u00e5kiga med vissa sm\u00e5 undantag. \u00c5r 1955 fick Sirkkala skola sitt tredje skolhus, det som senare fick namnet K\u00e4rnhuset, d\u00e4r det ocks\u00e5 fanns en gymnastiksal och en matsal. \u00c5ren 1957 0ch 1981 gjordes det renoveringar vid skolan, och \u00e5ren 1985 till 2002 h\u00f6ll n\u00e5gra klasser fr\u00e5n Sirkkala skola till i Katedralskolans utrymmen p.g.a. utrymmesbrist. \u00c5r 1998 fick skolan en datorsal och ett bibliotek i den gamla byggnaden mot \u00d6sterl\u00e5nggatan. D\u00e4r fungerar nu Sirkkalabackens skola.<\/p>\n<p>Det nya huset Pomona invigdes i maj 2002. Huset inrymmer en ny matsal, gymnastiksal och 4 klassrum. Fr.o.m. h\u00f6sten 2002 hade skolan en f\u00f6rskola som f\u00f6rsta \u00e5ret var inhyst i ett av skolans klassrum. Efter att eleverna i f\u00f6rskolan arbetade n\u00e5gra \u00e5r i en barack p\u00e5 \u00f6vre skolg\u00e5rden arbetar de sedan i ett eget hus p\u00e5 granng\u00e5rden bredvid skolan. H\u00f6sten 2010 restes baracken igen d\u00e5 antalet f\u00f6rskoleelever \u00f6kade. Nu fungerar baracken som tillf\u00e4lligt utrymme f\u00f6r klassrum.<\/p>\n<p>H\u00f6sten 2007 b\u00f6rjade ettorna i S:t Karins i en egen klass i allaktivitetshuset i Littois. Enheten var under Sirkkala skola som ansvarade administrativt f\u00f6r verksamheten. Ett par \u00e5r senare flyttade S:t Karins enhet till Hovirinnan koulu. Vid ing\u00e5ngen till l\u00e4s\u00e5ret 2011-2012 blev S:t Karins svenska skola en sj\u00e4lvst\u00e4ndig skola under S:t Karins stad med elever i \u00e5k 1-5. Sexorna fortsatte det l\u00e4s\u00e5ret \u00e4nnu sin skolg\u00e5ng i Sirkkala f\u00f6re \u00f6verg\u00e5ngen till S:t Olofskolan.<\/p>\n<p>H\u00f6sten 2015 togs K\u00e4rnhuset ur bruk p\u00e5 grund av st\u00e4ndiga problem med inomhusluften. Tv\u00e5 \u00e5r senare revs halva byggnaden. L\u00e4s\u00e5ren 2021-2022 och 2022-2023 fungerade Sirkkala skola i K\u00e4rs\u00e4m\u00e4ki medan ett nytt skolhus byggdes och de andra renoverades i Sirkkalakvarteret.<\/p>\n<p>I augusti 2023 fick vi \u00e4ntligen komma tillbaka till fr\u00e4scha, \u00e4ndam\u00e5lsenliga och fina utrymmen p\u00e5 Sirkkalagatan. <\/p>\n","protected":false},"excerpt":{"rendered":"<p>Efter att folkskolef\u00f6rordningen i Finland tr\u00e4tt i kraft \u00e5r 1866, fick ocks\u00e5 \u00c5bo sin f\u00f6rsta folkskola i hyrda utrymmen vid det d\u00e5varande Alexandertorget (Salutorget). S\u00e5 sm\u00e5ningom blev det dock klart att \u00c5bo m\u00e5ste bygga nya utrymmen f\u00f6r det allt st\u00f6rre elevantalet. F\u00f6rst hyrde man utrymmen vid h\u00f6rnet av d\u00e5varande Arsenigatan (nuv. Nylandsgatan) och Arsenitv\u00e4rgatan (nuv. &hellip; <a href=\"https:\/\/blog.edu.turku.fi\/sirkkalaskola\/skolans-historik\/\" class=\"more-link\">Forts\u00e4tt l\u00e4sa<span class=\"screen-reader-text\"> \u201dSkolans historik\u201d<\/span><\/a><\/p>\n","protected":false},"author":2095,"featured_media":0,"parent":0,"menu_order":0,"comment_status":"closed","ping_status":"closed","template":"","meta":{"ngg_post_thumbnail":0,"footnotes":""},"class_list":["post-151","page","type-page","status-publish","hentry"],"_links":{"self":[{"href":"https:\/\/blog.edu.turku.fi\/sirkkalaskola\/wp-json\/wp\/v2\/pages\/151","targetHints":{"allow":["GET"]}}],"collection":[{"href":"https:\/\/blog.edu.turku.fi\/sirkkalaskola\/wp-json\/wp\/v2\/pages"}],"about":[{"href":"https:\/\/blog.edu.turku.fi\/sirkkalaskola\/wp-json\/wp\/v2\/types\/page"}],"author":[{"embeddable":true,"href":"https:\/\/blog.edu.turku.fi\/sirkkalaskola\/wp-json\/wp\/v2\/users\/2095"}],"replies":[{"embeddable":true,"href":"https:\/\/blog.edu.turku.fi\/sirkkalaskola\/wp-json\/wp\/v2\/comments?post=151"}],"version-history":[{"count":4,"href":"https:\/\/blog.edu.turku.fi\/sirkkalaskola\/wp-json\/wp\/v2\/pages\/151\/revisions"}],"predecessor-version":[{"id":1017,"href":"https:\/\/blog.edu.turku.fi\/sirkkalaskola\/wp-json\/wp\/v2\/pages\/151\/revisions\/1017"}],"wp:attachment":[{"href":"https:\/\/blog.edu.turku.fi\/sirkkalaskola\/wp-json\/wp\/v2\/media?parent=151"}],"curies":[{"name":"wp","href":"https:\/\/api.w.org\/{rel}","templated":true}]}}