{"id":149,"date":"2016-11-29T14:50:33","date_gmt":"2016-11-29T12:50:33","guid":{"rendered":"https:\/\/blog.edu.turku.fi\/sirkkalaskola\/?page_id=149"},"modified":"2024-12-04T10:46:48","modified_gmt":"2024-12-04T08:46:48","slug":"allmant-om-skolan","status":"publish","type":"page","link":"https:\/\/blog.edu.turku.fi\/sirkkalaskola\/allmant-om-skolan\/","title":{"rendered":"Allm\u00e4nt om skolan"},"content":{"rendered":"<ul>\n<li>Grundskola med \u00e5rskurserna 1-6<\/li>\n<li>Svenska som undervisningsspr\u00e5k<\/li>\n<li>Klassl\u00e4rare, speciall\u00e4rare, specialklassl\u00e4rare, timl\u00e4rare, rektor<\/li>\n<li>Skolg\u00e5ngshandledare<\/li>\n<li>Skolh\u00e4lsov\u00e5rdare (4 dagar\/vecka)<\/li>\n<li>Skolpsykolog (1,5 dagar\/vecka)<\/li>\n<li>Kurator (2 dagar\/vecka)<\/li>\n<li>Skolcoach<\/li>\n<li>Skolsekreterare<\/li>\n<li>Fastighetssk\u00f6tare<\/li>\n<li>K\u00f6kspersonal<\/li>\n<li>Adress: Sirkkala skola, Sirkkalagatan 20, FIN-20700 \u00c5bo<\/li>\n<\/ul>\n","protected":false},"excerpt":{"rendered":"<p>Grundskola med \u00e5rskurserna 1-6 Svenska som undervisningsspr\u00e5k Klassl\u00e4rare, speciall\u00e4rare, specialklassl\u00e4rare, timl\u00e4rare, rektor Skolg\u00e5ngshandledare Skolh\u00e4lsov\u00e5rdare (4 dagar\/vecka) Skolpsykolog (1,5 dagar\/vecka) Kurator (2 dagar\/vecka) Skolcoach Skolsekreterare Fastighetssk\u00f6tare K\u00f6kspersonal Adress: Sirkkala skola, Sirkkalagatan 20, FIN-20700 \u00c5bo<\/p>\n","protected":false},"author":1020,"featured_media":0,"parent":0,"menu_order":0,"comment_status":"closed","ping_status":"closed","template":"","meta":{"ngg_post_thumbnail":0,"footnotes":""},"class_list":["post-149","page","type-page","status-publish","hentry"],"_links":{"self":[{"href":"https:\/\/blog.edu.turku.fi\/sirkkalaskola\/wp-json\/wp\/v2\/pages\/149","targetHints":{"allow":["GET"]}}],"collection":[{"href":"https:\/\/blog.edu.turku.fi\/sirkkalaskola\/wp-json\/wp\/v2\/pages"}],"about":[{"href":"https:\/\/blog.edu.turku.fi\/sirkkalaskola\/wp-json\/wp\/v2\/types\/page"}],"author":[{"embeddable":true,"href":"https:\/\/blog.edu.turku.fi\/sirkkalaskola\/wp-json\/wp\/v2\/users\/1020"}],"replies":[{"embeddable":true,"href":"https:\/\/blog.edu.turku.fi\/sirkkalaskola\/wp-json\/wp\/v2\/comments?post=149"}],"version-history":[{"count":18,"href":"https:\/\/blog.edu.turku.fi\/sirkkalaskola\/wp-json\/wp\/v2\/pages\/149\/revisions"}],"predecessor-version":[{"id":1152,"href":"https:\/\/blog.edu.turku.fi\/sirkkalaskola\/wp-json\/wp\/v2\/pages\/149\/revisions\/1152"}],"wp:attachment":[{"href":"https:\/\/blog.edu.turku.fi\/sirkkalaskola\/wp-json\/wp\/v2\/media?parent=149"}],"curies":[{"name":"wp","href":"https:\/\/api.w.org\/{rel}","templated":true}]}}