{"id":142,"date":"2016-11-29T14:44:38","date_gmt":"2016-11-29T12:44:38","guid":{"rendered":"https:\/\/blog.edu.turku.fi\/sirkkalaskola\/?page_id=142"},"modified":"2016-11-29T14:44:38","modified_gmt":"2016-11-29T12:44:38","slug":"sagt-och-hort","status":"publish","type":"page","link":"https:\/\/blog.edu.turku.fi\/sirkkalaskola\/sagt-och-hort\/","title":{"rendered":"Sagt och h\u00f6rt"},"content":{"rendered":"<p>H\u00e4r f\u00f6ljer f\u00f6rklaringar som elever har framf\u00f6rt d\u00e5 de &#8230;<\/p>\n<p class=\"rubrik_blue2\">kommer f\u00f6rsent till skolan\/ eller meddelar sin fr\u00e5nvaro<\/p>\n<ul>\n<li>&#8221;mamma v\u00e4ckte mig inte&#8221;<\/li>\n<li>&#8221;v\u00e4ckarklockan ringde inte&#8221;<\/li>\n<li>&#8221;mamma och pappa var p\u00e5 arbete&#8221;<\/li>\n<li>&#8221;mommo sov&#8221;<\/li>\n<li>&#8221;jag missade bussen&#8221;<\/li>\n<li>&#8221;jag skulle hitta mina kl\u00e4der&#8221; !!!!????<\/li>\n<li>jag hittade inte mina byxor&#8221;<\/li>\n<li>&#8221;jag var \u00a0i tandl\u00e4karen&#8221;<\/li>\n<li>&#8221;jag var i l\u00e4karen&#8221;<\/li>\n<li>&#8221;det pappa kallar f\u00f6r bil startade inte!&#8221;<\/li>\n<li>&#8221;allts\u00e5, allts\u00e5&#8230;eiku&#8221;<\/li>\n<li>&#8221;jag f\u00f6rsov mig f\u00f6r att mina f\u00f6r\u00e4ldrar f\u00f6rsov sig, s\u00e5 de kunde inte v\u00e4cka mig&#8221;<\/li>\n<li>&#8221;jag orkade inte vakna&#8221;<\/li>\n<li>&#8221;jag har h\u00f6g snuva&#8221; ???<\/li>\n<li>&#8221;jag kommer inte ih\u00e5g, men jag tror jag \u00e4r sjuk&#8221; ???<\/li>\n<li>&#8221;du skulle \u00e4nd\u00e5 inte tro p\u00e5 vad jag s\u00e4ger s\u00e5 jag ids inte ens f\u00f6rs\u00f6ka&#8221;<\/li>\n<\/ul>\n<p class=\"rubrik_blue2\">inte har med gymnastikkl\u00e4der till gymnastiklektionerna<\/p>\n<ul>\n<li>&#8221;jag har inga jompakl\u00e4der&#8221;<\/li>\n<li>&#8221;jag gl\u00f6mde att jag hade gymnastik&#8221; (jo,jo f\u00f6r elfte g\u00e5ngen i rad)<\/li>\n<li>&#8221;jag hittade inte kl\u00e4derna&#8221;<\/li>\n<li>&#8221;mamma gl\u00f6mde att s\u00e4tta dem i v\u00e4skan&#8221;<\/li>\n<li>&#8221;mamma har migr\u00e4n&#8221;<\/li>\n<li>&#8221;mamma kom s\u00e5 sent hem&#8221;<\/li>\n<li>&#8221;mamma har sagt att jag kan jompa i dom kl\u00e4derna jag har&#8221;<\/li>\n<li>&#8221;vem bryr sig&#8221;<\/li>\n<li>&#8221;vi kom hem s\u00e5 sent fr\u00e5n &#8230;&#8221;<\/li>\n<li>&#8221;jag l\u00e4ste till prov p\u00e5 morgonen&#8221;<\/li>\n<li>&#8221;ingen har sagt att vi har gymnastik&#8221; (det var p\u00e5 v\u00e5rterminen)<\/li>\n<li>&#8221;jag var nog h\u00e4r, men jag hittade inte er &#8230;&#8221; (och vi som har klagat p\u00e5 en f\u00f6r liten gymnastiksal)<\/li>\n<li>&#8221;jag tror att jag kanske \u00e4r f\u00f6rkyld&#8221;<\/li>\n<li>&#8221;jag trodde inte att vi skulle ha gymnastik n\u00e4r det \u00e4r s\u00e5 kallt&#8221;<\/li>\n<li>Efter en l\u00e5ng och ing\u00e5ende f\u00f6rklaring&#8230; &#8221;Den var d\u00e5lig, jag tror inte ens p\u00e5 den sj\u00e4lv&#8221; (finns det n\u00e5gon som tror?)<\/li>\n<li>&#8221;jag har inga gymnastikkl\u00e4der med idag f\u00f6r det regnade ig\u00e5r&#8221;<\/li>\n<\/ul>\n<p class=\"rubrik_blue2\">inte duschar efter gymnastiklektionerna<\/p>\n<ul>\n<li>&#8221;jag duschade ig\u00e5r&#8221;<\/li>\n<li>&#8221;jag gl\u00f6mde handduken&#8221;<\/li>\n<li>&#8221;jag hinner inte f\u00f6r jag skall p\u00e5 f\u00f6delsedagskalas nu genast efter&#8221;<\/li>\n<li>&#8221;inte visste jag att man skall duscha!&#8221;<\/li>\n<li>&#8221;mamma har sagt att jag inte beh\u00f6ver duscha&#8221;<\/li>\n<li>&#8221;vi har inga handdukar&#8221;<\/li>\n<li>mamma sa att jag inte f\u00e5r duscha (onsdag) f\u00f6r vi skall g\u00e5 i bastun p\u00e5 l\u00f6rdag<\/li>\n<\/ul>\n<p class=\"rubrik_blue2\">undrat \u00f6ver gymnastiklektionens innh\u00e5ll<\/p>\n<ul>\n<li>&#8221;\u00e4r vi fotboll\/ boboll i dag?&#8221;<\/li>\n<\/ul>\n<p class=\"rubrik_blue2\">S\u00e5 kan det l\u00e5ta<\/p>\n<ul>\n<li>&#8221;en g\u00e5ng var jag d\u00e4r tv\u00e5 g\u00e5nger&#8221; (???!&amp;%\u00a4#)<\/li>\n<li>&#8221;I g\u00e5r var jag med juna till Tampere och se p\u00e5 l\u00e4tk\u00e4. Tuomarin var helt t\u00f6\u00f6t f\u00f6r han k\u00f6rde ut en tepsis hy\u00f6kk\u00e4\u00e4j\u00e4 p\u00e5 j\u00e4\u00e4hy.&#8221;<\/li>\n<li>&#8221;jag skall p\u00e5 legeri p\u00e5 veckoslutet&#8221;<\/li>\n<li>&#8221;gott mat&#8221;<\/li>\n<li>Eleverna sitter och diskuterar vad vi hade till mat. Fisksoppa &#8230; sn\u00e5lsoppa &#8230; jag tyckte det var korvsoppa &#8230; jag \u00e5t i varje fall k\u00f6ttsoppa &#8230; P\u00e5 matsedeln stod det gr\u00f6t , men man kan ju aldrig vara s\u00e4ker.<\/li>\n<li>Anf\u00e5dd elev i \u00e5k 3 tar sig f\u00f6r hj\u00e4rtat och s\u00e4ger:&#8221;H\u00e5h, sm\u00e4rtan brister!&#8221;<\/li>\n<li>elev skulle s\u00e4ga p\u00e5 finska att det skett ett generationsskifte, men det blev n\u00e5got annat&#8230;<strong>sukupolvenvaihdos<\/strong> blev <strong>sukupuolenvaihdos<\/strong><\/li>\n<li>eleven \u00e4r lite bekymrad ifall l\u00e4raren skall k\u00e4nna igen honom n\u00e4r han f\u00e5tt glas\u00f6gon. Eleven s\u00e4tter glas\u00f6gonen p\u00e5 n\u00e4stippen och utbrister<br \/>\n<strong>&#8221;jaaa, det \u00e4\u00e4\u00e4\u00e4r jag, jag har bara glas\u00f6gon nu!&#8221;<\/strong><\/li>\n<\/ul>\n<p><span class=\"rubrik_blue2\">L\u00e4raren:<\/span><br \/>\n&#8221;Varf\u00f6r kommer ni s\u00e5 sent till maten?&#8221;<br \/>\n<span class=\"rubrik_blue2\">Elev:<\/span><br \/>\n&#8221;Vi blev i klassen och selvitt\u00e4\u00e4 n\u00e5gra asior.&#8221;<\/p>\n","protected":false},"excerpt":{"rendered":"<p>H\u00e4r f\u00f6ljer f\u00f6rklaringar som elever har framf\u00f6rt d\u00e5 de &#8230; kommer f\u00f6rsent till skolan\/ eller meddelar sin fr\u00e5nvaro &#8221;mamma v\u00e4ckte mig inte&#8221; &#8221;v\u00e4ckarklockan ringde inte&#8221; &#8221;mamma och pappa var p\u00e5 arbete&#8221; &#8221;mommo sov&#8221; &#8221;jag missade bussen&#8221; &#8221;jag skulle hitta mina kl\u00e4der&#8221; !!!!???? jag hittade inte mina byxor&#8221; &#8221;jag var \u00a0i tandl\u00e4karen&#8221; &#8221;jag var i l\u00e4karen&#8221; &hellip; <a href=\"https:\/\/blog.edu.turku.fi\/sirkkalaskola\/sagt-och-hort\/\" class=\"more-link\">Forts\u00e4tt l\u00e4sa<span class=\"screen-reader-text\"> \u201dSagt och h\u00f6rt\u201d<\/span><\/a><\/p>\n","protected":false},"author":2095,"featured_media":0,"parent":0,"menu_order":0,"comment_status":"closed","ping_status":"closed","template":"","meta":{"ngg_post_thumbnail":0,"footnotes":""},"class_list":["post-142","page","type-page","status-publish","hentry"],"_links":{"self":[{"href":"https:\/\/blog.edu.turku.fi\/sirkkalaskola\/wp-json\/wp\/v2\/pages\/142","targetHints":{"allow":["GET"]}}],"collection":[{"href":"https:\/\/blog.edu.turku.fi\/sirkkalaskola\/wp-json\/wp\/v2\/pages"}],"about":[{"href":"https:\/\/blog.edu.turku.fi\/sirkkalaskola\/wp-json\/wp\/v2\/types\/page"}],"author":[{"embeddable":true,"href":"https:\/\/blog.edu.turku.fi\/sirkkalaskola\/wp-json\/wp\/v2\/users\/2095"}],"replies":[{"embeddable":true,"href":"https:\/\/blog.edu.turku.fi\/sirkkalaskola\/wp-json\/wp\/v2\/comments?post=142"}],"version-history":[{"count":1,"href":"https:\/\/blog.edu.turku.fi\/sirkkalaskola\/wp-json\/wp\/v2\/pages\/142\/revisions"}],"predecessor-version":[{"id":143,"href":"https:\/\/blog.edu.turku.fi\/sirkkalaskola\/wp-json\/wp\/v2\/pages\/142\/revisions\/143"}],"wp:attachment":[{"href":"https:\/\/blog.edu.turku.fi\/sirkkalaskola\/wp-json\/wp\/v2\/media?parent=142"}],"curies":[{"name":"wp","href":"https:\/\/api.w.org\/{rel}","templated":true}]}}