{"id":119,"date":"2016-11-29T14:14:39","date_gmt":"2016-11-29T12:14:39","guid":{"rendered":"https:\/\/blog.edu.turku.fi\/sirkkalaskola\/?page_id=119"},"modified":"2018-04-27T09:08:08","modified_gmt":"2018-04-27T06:08:08","slug":"sa-har-vi-sett-ut","status":"publish","type":"page","link":"https:\/\/blog.edu.turku.fi\/sirkkalaskola\/sa-har-vi-sett-ut\/","title":{"rendered":"S\u00e5 har vi sett ut"},"content":{"rendered":"<h6 style=\"text-align: center\"><img loading=\"lazy\" decoding=\"async\" class=\"wp-image-120 size-large alignnone\" src=\"https:\/\/blog.edu.turku.fi\/sirkkalaskola\/files\/2016\/11\/sir_1995-418x178.jpg\" alt=\"sir_1995\" width=\"418\" height=\"178\" srcset=\"https:\/\/blog.edu.turku.fi\/sirkkalaskola\/files\/2016\/11\/sir_1995.jpg 418w, https:\/\/blog.edu.turku.fi\/sirkkalaskola\/files\/2016\/11\/sir_1995-300x128.jpg 300w\" sizes=\"auto, (max-width: 418px) 85vw, 418px\" \/><\/h6>\n<h6 style=\"text-align: center\"><span class=\"rubrik_middle\">1994\u20131996<\/span><\/h6>\n<h6 style=\"text-align: center\"><img loading=\"lazy\" decoding=\"async\" class=\"aligncenter wp-image-130 size-full\" src=\"https:\/\/blog.edu.turku.fi\/sirkkalaskola\/files\/2016\/11\/sir-1996.gif\" alt=\"sir-1996\" width=\"250\" height=\"188\"><\/h6>\n<h6 style=\"text-align: center\"><span class=\"rubrik_middle\">1996\u20131998 <\/span><\/h6>\n<h6 style=\"text-align: center\"><img loading=\"lazy\" decoding=\"async\" class=\"alignnone wp-image-131 size-large\" src=\"https:\/\/blog.edu.turku.fi\/sirkkalaskola\/files\/2016\/11\/sir1998-250x189.gif\" alt=\"sir1998\" width=\"250\" height=\"189\"><\/h6>\n<h6 style=\"text-align: center\"><span class=\"rubrik_middle\">1998\u20131999<\/span><\/h6>\n<h6 style=\"text-align: center\"><img loading=\"lazy\" decoding=\"async\" class=\"alignnone wp-image-127 size-large\" src=\"https:\/\/blog.edu.turku.fi\/sirkkalaskola\/files\/2016\/11\/sir_vt1999-371x192.jpg\" alt=\"sir_vt1999\" width=\"371\" height=\"192\" srcset=\"https:\/\/blog.edu.turku.fi\/sirkkalaskola\/files\/2016\/11\/sir_vt1999.jpg 371w, https:\/\/blog.edu.turku.fi\/sirkkalaskola\/files\/2016\/11\/sir_vt1999-300x155.jpg 300w\" sizes=\"auto, (max-width: 371px) 85vw, 371px\" \/><\/h6>\n<h6 style=\"text-align: center\"><span class=\"rubrik_middle\">V\u00e5rterminen1999\u2013H\u00f6stterminen1999<\/span><\/h6>\n<h6 style=\"text-align: center\"><img loading=\"lazy\" decoding=\"async\" class=\"alignnone wp-image-121 size-large\" src=\"https:\/\/blog.edu.turku.fi\/sirkkalaskola\/files\/2016\/11\/Sir_ht1999-456x188.gif\" alt=\"sir_ht1999\" width=\"456\" height=\"188\" srcset=\"https:\/\/blog.edu.turku.fi\/sirkkalaskola\/files\/2016\/11\/Sir_ht1999-456x188.gif 456w, https:\/\/blog.edu.turku.fi\/sirkkalaskola\/files\/2016\/11\/Sir_ht1999-300x124.gif 300w\" sizes=\"auto, (max-width: 456px) 85vw, 456px\" \/><\/h6>\n<h6 style=\"text-align: center\"><span class=\"rubrik_middle\">H\u00f6stterminen1999\u2013H\u00f6stterminen 2001<\/span><\/h6>\n<h6 style=\"text-align: center\"><img loading=\"lazy\" decoding=\"async\" class=\"alignnone wp-image-123 size-large\" src=\"https:\/\/blog.edu.turku.fi\/sirkkalaskola\/files\/2016\/11\/sir_ht2001b-387x326.gif\" alt=\"sir_ht2001b\" width=\"387\" height=\"326\" srcset=\"https:\/\/blog.edu.turku.fi\/sirkkalaskola\/files\/2016\/11\/sir_ht2001b-387x326.gif 387w, https:\/\/blog.edu.turku.fi\/sirkkalaskola\/files\/2016\/11\/sir_ht2001b-300x253.gif 300w\" sizes=\"auto, (max-width: 387px) 85vw, 387px\" \/><\/h6>\n<h6 style=\"text-align: center\"><span class=\"rubrik_middle\">H\u00f6stterminen aug-oktober 2001<\/span><\/h6>\n<h6 style=\"text-align: center\"><img loading=\"lazy\" decoding=\"async\" class=\"alignnone wp-image-122 size-large\" src=\"https:\/\/blog.edu.turku.fi\/sirkkalaskola\/files\/2016\/11\/sir_ht2001-400x250.gif\" alt=\"sir_ht2001\" width=\"400\" height=\"250\" srcset=\"https:\/\/blog.edu.turku.fi\/sirkkalaskola\/files\/2016\/11\/sir_ht2001-400x250.gif 400w, https:\/\/blog.edu.turku.fi\/sirkkalaskola\/files\/2016\/11\/sir_ht2001-300x188.gif 300w\" sizes=\"auto, (max-width: 400px) 85vw, 400px\" \/><\/h6>\n<h6 style=\"text-align: center\"><span class=\"rubrik_middle\">H\u00f6stterminen oktober 2001<\/span><\/h6>\n<h6 style=\"text-align: center\"><img loading=\"lazy\" decoding=\"async\" class=\"alignnone wp-image-128 size-large\" src=\"https:\/\/blog.edu.turku.fi\/sirkkalaskola\/files\/2016\/11\/sir_vt2001-518x216.jpg\" alt=\"sir_vt2001\" width=\"518\" height=\"216\" srcset=\"https:\/\/blog.edu.turku.fi\/sirkkalaskola\/files\/2016\/11\/sir_vt2001.jpg 518w, https:\/\/blog.edu.turku.fi\/sirkkalaskola\/files\/2016\/11\/sir_vt2001-300x125.jpg 300w\" sizes=\"auto, (max-width: 518px) 85vw, 518px\" \/><\/h6>\n<h6 style=\"text-align: center\"><span class=\"rubrik_middle\">H\u00f6stterminen november 2001<\/span><\/h6>\n<h6 style=\"text-align: center\"><img loading=\"lazy\" decoding=\"async\" class=\"alignnone wp-image-124 size-large\" src=\"https:\/\/blog.edu.turku.fi\/sirkkalaskola\/files\/2016\/11\/sir_ht2002-449x256.jpg\" alt=\"sir_ht2002\" width=\"449\" height=\"256\" srcset=\"https:\/\/blog.edu.turku.fi\/sirkkalaskola\/files\/2016\/11\/sir_ht2002.jpg 449w, https:\/\/blog.edu.turku.fi\/sirkkalaskola\/files\/2016\/11\/sir_ht2002-300x171.jpg 300w\" sizes=\"auto, (max-width: 449px) 85vw, 449px\" \/><\/h6>\n<h6 style=\"text-align: center\"><span class=\"rubrik_middle\">H\u00f6stterminen,&nbsp;oktober 2002<\/span><\/h6>\n<h6 style=\"text-align: center\"><img loading=\"lazy\" decoding=\"async\" class=\"alignnone size-medium wp-image-129\" src=\"https:\/\/blog.edu.turku.fi\/sirkkalaskola\/files\/2016\/11\/sir_vt2003-300x238.jpg\" alt=\"sir_vt2003\" width=\"300\" height=\"238\" srcset=\"https:\/\/blog.edu.turku.fi\/sirkkalaskola\/files\/2016\/11\/sir_vt2003-300x238.jpg 300w, https:\/\/blog.edu.turku.fi\/sirkkalaskola\/files\/2016\/11\/sir_vt2003.jpg 332w\" sizes=\"auto, (max-width: 300px) 85vw, 300px\" \/><\/h6>\n<h6 style=\"text-align: center\"><span class=\"rubrik_middle\">V\u00e5rterminen 2003<\/span><\/h6>\n<h6 style=\"text-align: center\"><img loading=\"lazy\" decoding=\"async\" class=\"alignnone wp-image-125 size-large\" src=\"https:\/\/blog.edu.turku.fi\/sirkkalaskola\/files\/2016\/11\/sir_ht2003-324x246.jpg\" alt=\"sir_ht2003\" width=\"324\" height=\"246\" srcset=\"https:\/\/blog.edu.turku.fi\/sirkkalaskola\/files\/2016\/11\/sir_ht2003.jpg 324w, https:\/\/blog.edu.turku.fi\/sirkkalaskola\/files\/2016\/11\/sir_ht2003-300x228.jpg 300w\" sizes=\"auto, (max-width: 324px) 85vw, 324px\" \/><\/h6>\n<h6 style=\"text-align: center\"><span class=\"rubrik_middle\">H\u00f6stterminen 2003<\/span><\/h6>\n<h6 style=\"text-align: center\"><img loading=\"lazy\" decoding=\"async\" class=\"alignnone wp-image-126 size-large\" src=\"https:\/\/blog.edu.turku.fi\/sirkkalaskola\/files\/2016\/11\/sir_ht2005-324x335.jpg\" alt=\"sir_ht2005\" width=\"324\" height=\"335\" srcset=\"https:\/\/blog.edu.turku.fi\/sirkkalaskola\/files\/2016\/11\/sir_ht2005.jpg 324w, https:\/\/blog.edu.turku.fi\/sirkkalaskola\/files\/2016\/11\/sir_ht2005-290x300.jpg 290w\" sizes=\"auto, (max-width: 324px) 85vw, 324px\" \/><\/h6>\n<h6 style=\"text-align: center\"><span class=\"rubrik_middle\">Sommaren 2005<\/span><\/h6>\n<h6 style=\"text-align: center\"><img loading=\"lazy\" decoding=\"async\" class=\"alignnone size-medium wp-image-133\" src=\"https:\/\/blog.edu.turku.fi\/sirkkalaskola\/files\/2016\/11\/sirkkalabacken-2016-300x193.jpg\" alt=\"sirkkalabacken-2016\" width=\"300\" height=\"193\" srcset=\"https:\/\/blog.edu.turku.fi\/sirkkalaskola\/files\/2016\/11\/sirkkalabacken-2016-300x193.jpg 300w, https:\/\/blog.edu.turku.fi\/sirkkalaskola\/files\/2016\/11\/sirkkalabacken-2016-1024x659.jpg 1024w, https:\/\/blog.edu.turku.fi\/sirkkalaskola\/files\/2016\/11\/sirkkalabacken-2016.jpg 1107w\" sizes=\"auto, (max-width: 300px) 85vw, 300px\" \/> <img loading=\"lazy\" decoding=\"async\" class=\"alignnone size-medium wp-image-132\" src=\"https:\/\/blog.edu.turku.fi\/sirkkalaskola\/files\/2016\/11\/sirkkala-2016-300x239.jpg\" alt=\"sirkkala-2016\" width=\"300\" height=\"239\" srcset=\"https:\/\/blog.edu.turku.fi\/sirkkalaskola\/files\/2016\/11\/sirkkala-2016-300x239.jpg 300w, https:\/\/blog.edu.turku.fi\/sirkkalaskola\/files\/2016\/11\/sirkkala-2016-1024x816.jpg 1024w, https:\/\/blog.edu.turku.fi\/sirkkalaskola\/files\/2016\/11\/sirkkala-2016.jpg 1141w\" sizes=\"auto, (max-width: 300px) 85vw, 300px\" \/><\/h6>\n<h6 style=\"text-align: center\">2016<\/h6>\n<h6 style=\"text-align: center\"><img loading=\"lazy\" decoding=\"async\" class=\"alignnone size-medium wp-image-375\" src=\"https:\/\/blog.edu.turku.fi\/sirkkalaskola\/files\/2018\/04\/Skolans-hemsida-300x235.jpg\" alt=\"\" width=\"300\" height=\"235\" srcset=\"https:\/\/blog.edu.turku.fi\/sirkkalaskola\/files\/2018\/04\/Skolans-hemsida-300x235.jpg 300w, https:\/\/blog.edu.turku.fi\/sirkkalaskola\/files\/2018\/04\/Skolans-hemsida.jpg 877w\" sizes=\"auto, (max-width: 300px) 85vw, 300px\" \/> &nbsp;&nbsp; <img loading=\"lazy\" decoding=\"async\" class=\"alignnone size-medium wp-image-378\" src=\"https:\/\/blog.edu.turku.fi\/sirkkalaskola\/files\/2018\/04\/Skolans-blogg-300x204.jpg\" alt=\"\" width=\"300\" height=\"204\" srcset=\"https:\/\/blog.edu.turku.fi\/sirkkalaskola\/files\/2018\/04\/Skolans-blogg-300x204.jpg 300w, https:\/\/blog.edu.turku.fi\/sirkkalaskola\/files\/2018\/04\/Skolans-blogg.jpg 1008w\" sizes=\"auto, (max-width: 300px) 85vw, 300px\" \/><\/h6>\n<h6 style=\"text-align: center\">2016-2018<\/h6>\n","protected":false},"excerpt":{"rendered":"<p>1994\u20131996 1996\u20131998 1998\u20131999 V\u00e5rterminen1999\u2013H\u00f6stterminen1999 H\u00f6stterminen1999\u2013H\u00f6stterminen 2001 H\u00f6stterminen aug-oktober 2001 H\u00f6stterminen oktober 2001 H\u00f6stterminen november 2001 H\u00f6stterminen,&nbsp;oktober 2002 V\u00e5rterminen 2003 H\u00f6stterminen 2003 Sommaren 2005 2016 &nbsp;&nbsp; 2016-2018<\/p>\n","protected":false},"author":2095,"featured_media":0,"parent":0,"menu_order":0,"comment_status":"closed","ping_status":"closed","template":"","meta":{"ngg_post_thumbnail":0,"footnotes":""},"class_list":["post-119","page","type-page","status-publish","hentry"],"_links":{"self":[{"href":"https:\/\/blog.edu.turku.fi\/sirkkalaskola\/wp-json\/wp\/v2\/pages\/119","targetHints":{"allow":["GET"]}}],"collection":[{"href":"https:\/\/blog.edu.turku.fi\/sirkkalaskola\/wp-json\/wp\/v2\/pages"}],"about":[{"href":"https:\/\/blog.edu.turku.fi\/sirkkalaskola\/wp-json\/wp\/v2\/types\/page"}],"author":[{"embeddable":true,"href":"https:\/\/blog.edu.turku.fi\/sirkkalaskola\/wp-json\/wp\/v2\/users\/2095"}],"replies":[{"embeddable":true,"href":"https:\/\/blog.edu.turku.fi\/sirkkalaskola\/wp-json\/wp\/v2\/comments?post=119"}],"version-history":[{"count":8,"href":"https:\/\/blog.edu.turku.fi\/sirkkalaskola\/wp-json\/wp\/v2\/pages\/119\/revisions"}],"predecessor-version":[{"id":379,"href":"https:\/\/blog.edu.turku.fi\/sirkkalaskola\/wp-json\/wp\/v2\/pages\/119\/revisions\/379"}],"wp:attachment":[{"href":"https:\/\/blog.edu.turku.fi\/sirkkalaskola\/wp-json\/wp\/v2\/media?parent=119"}],"curies":[{"name":"wp","href":"https:\/\/api.w.org\/{rel}","templated":true}]}}