{"id":109,"date":"2016-11-29T13:56:40","date_gmt":"2016-11-29T11:56:40","guid":{"rendered":"https:\/\/blog.edu.turku.fi\/sirkkalaskola\/?page_id=109"},"modified":"2025-01-20T15:30:58","modified_gmt":"2025-01-20T13:30:58","slug":"klubbar-i-sirkkala-skola","status":"publish","type":"page","link":"https:\/\/blog.edu.turku.fi\/sirkkalaskola\/klubbar-i-sirkkala-skola\/","title":{"rendered":"Klubbar i Sirkkala skola"},"content":{"rendered":"<h2><strong>Klubbar som ordnas av Sirkkala skola l\u00e5 2024-2025<br \/>\n<\/strong><\/h2>\n<p>&nbsp;<\/p>\n<p><strong>Schack<\/strong> &#8211; m\u00e5ndagar 14-30-15.30<br \/>\nNyb\u00f6rjarkurs m\u00e5n 13.20-14.20<\/p>\n<p><strong>Klubbar som ordnas av Hem och Skola<\/strong><\/p>\n<p>Formgivning &#8211; onsdagar&nbsp;<\/p>\n<p><strong>Franskaklubb<\/strong> &#8211; torsdagar 14.30-15.30<\/p>\n<p><strong>Dans<\/strong> &#8211; onsdagar 15-16<\/p>\n<p><strong>Dessutom:<\/strong><\/p>\n<p>F\u00f6rsamlingens k\u00f6r<\/p>\n<p>Ordkonst<\/p>\n","protected":false},"excerpt":{"rendered":"<p>Klubbar som ordnas av Sirkkala skola l\u00e5 2024-2025 &nbsp; Schack &#8211; m\u00e5ndagar 14-30-15.30 Nyb\u00f6rjarkurs m\u00e5n 13.20-14.20 Klubbar som ordnas av Hem och Skola Formgivning &#8211; onsdagar&nbsp; Franskaklubb &#8211; torsdagar 14.30-15.30 Dans &#8211; onsdagar 15-16 Dessutom: F\u00f6rsamlingens k\u00f6r Ordkonst<\/p>\n","protected":false},"author":1020,"featured_media":0,"parent":0,"menu_order":0,"comment_status":"closed","ping_status":"closed","template":"","meta":{"ngg_post_thumbnail":0,"footnotes":""},"class_list":["post-109","page","type-page","status-publish","hentry"],"_links":{"self":[{"href":"https:\/\/blog.edu.turku.fi\/sirkkalaskola\/wp-json\/wp\/v2\/pages\/109","targetHints":{"allow":["GET"]}}],"collection":[{"href":"https:\/\/blog.edu.turku.fi\/sirkkalaskola\/wp-json\/wp\/v2\/pages"}],"about":[{"href":"https:\/\/blog.edu.turku.fi\/sirkkalaskola\/wp-json\/wp\/v2\/types\/page"}],"author":[{"embeddable":true,"href":"https:\/\/blog.edu.turku.fi\/sirkkalaskola\/wp-json\/wp\/v2\/users\/1020"}],"replies":[{"embeddable":true,"href":"https:\/\/blog.edu.turku.fi\/sirkkalaskola\/wp-json\/wp\/v2\/comments?post=109"}],"version-history":[{"count":34,"href":"https:\/\/blog.edu.turku.fi\/sirkkalaskola\/wp-json\/wp\/v2\/pages\/109\/revisions"}],"predecessor-version":[{"id":1171,"href":"https:\/\/blog.edu.turku.fi\/sirkkalaskola\/wp-json\/wp\/v2\/pages\/109\/revisions\/1171"}],"wp:attachment":[{"href":"https:\/\/blog.edu.turku.fi\/sirkkalaskola\/wp-json\/wp\/v2\/media?parent=109"}],"curies":[{"name":"wp","href":"https:\/\/api.w.org\/{rel}","templated":true}]}}