{"id":1059,"date":"2024-01-26T12:56:05","date_gmt":"2024-01-26T10:56:05","guid":{"rendered":"https:\/\/blog.edu.turku.fi\/sirkkalaskola\/?page_id=1059"},"modified":"2025-02-26T13:33:52","modified_gmt":"2025-02-26T11:33:52","slug":"ingripande-i-skolfranvaro-anvisningar-till-vardandshavarna-2","status":"publish","type":"page","link":"https:\/\/blog.edu.turku.fi\/sirkkalaskola\/ingripande-i-skolfranvaro-anvisningar-till-vardandshavarna-2\/","title":{"rendered":"Ingripande i skolfr\u00e5nvaro, anvisningar till v\u00e5rdandshavarna"},"content":{"rendered":"<p><a href=\"https:\/\/blog.edu.turku.fi\/sirkkalaskola\/files\/2024\/01\/Ingripande-i-skolfranvaro-anvisningar-till-vardandshavarna.pdf\"><span class=\"MByod JdFsz\">Ingripande i skolfr\u00e5nvaro, anvisningar till v\u00e5rdandshavarna<\/span><\/a><\/p>\n<div class=\"dDKtC MByod\" title=\"\"><a href=\"https:\/\/www.turku.fi\/sv\/grundlaggande-utbildning\/franvaro-fran-skolan\">Uppf\u00f6ljning av fr\u00e5nvaro, \u00c5bo stads sidor<\/a><\/div>\n","protected":false},"excerpt":{"rendered":"<p>Ingripande i skolfr\u00e5nvaro, anvisningar till v\u00e5rdandshavarna Uppf\u00f6ljning av fr\u00e5nvaro, \u00c5bo stads sidor<\/p>\n","protected":false},"author":1018,"featured_media":0,"parent":0,"menu_order":0,"comment_status":"closed","ping_status":"closed","template":"","meta":{"ngg_post_thumbnail":0,"footnotes":""},"class_list":["post-1059","page","type-page","status-publish","hentry"],"_links":{"self":[{"href":"https:\/\/blog.edu.turku.fi\/sirkkalaskola\/wp-json\/wp\/v2\/pages\/1059","targetHints":{"allow":["GET"]}}],"collection":[{"href":"https:\/\/blog.edu.turku.fi\/sirkkalaskola\/wp-json\/wp\/v2\/pages"}],"about":[{"href":"https:\/\/blog.edu.turku.fi\/sirkkalaskola\/wp-json\/wp\/v2\/types\/page"}],"author":[{"embeddable":true,"href":"https:\/\/blog.edu.turku.fi\/sirkkalaskola\/wp-json\/wp\/v2\/users\/1018"}],"replies":[{"embeddable":true,"href":"https:\/\/blog.edu.turku.fi\/sirkkalaskola\/wp-json\/wp\/v2\/comments?post=1059"}],"version-history":[{"count":6,"href":"https:\/\/blog.edu.turku.fi\/sirkkalaskola\/wp-json\/wp\/v2\/pages\/1059\/revisions"}],"predecessor-version":[{"id":1181,"href":"https:\/\/blog.edu.turku.fi\/sirkkalaskola\/wp-json\/wp\/v2\/pages\/1059\/revisions\/1181"}],"wp:attachment":[{"href":"https:\/\/blog.edu.turku.fi\/sirkkalaskola\/wp-json\/wp\/v2\/media?parent=1059"}],"curies":[{"name":"wp","href":"https:\/\/api.w.org\/{rel}","templated":true}]}}