{"id":2,"date":"2016-12-12T12:55:02","date_gmt":"2016-12-12T10:55:02","guid":{"rendered":"https:\/\/blog.edu.turku.fi\/sirkkalabacken\/?page_id=2"},"modified":"2024-05-02T13:27:24","modified_gmt":"2024-05-02T10:27:24","slug":"esimerkkisivu","status":"publish","type":"page","link":"https:\/\/blog.edu.turku.fi\/sirkkalabacken\/","title":{"rendered":"Hem"},"content":{"rendered":"<p>Sirkkalabackens skola har fusionerats med Sirkkala skola (l\u00e5gstadiet) och med S:t Olofsskolan (h\u00f6gstadiet).<\/p>\n<p>Se vidare information p\u00e5 Sirkkala skolas hemsida&nbsp; <a href=\"https:\/\/blog.edu.turku.fi\/sirkkalaskola\/\">https:\/\/blog.edu.turku.fi\/sirkkalaskola\/<\/a>&nbsp; och&nbsp; p\u00e5 S:t Olofsskolans hemsida <a href=\"https:\/\/blog.edu.turku.fi\/stolofsskolan\/\">https:\/\/blog.edu.turku.fi\/stolofsskolan\/<\/a>&nbsp;<\/p>\n<p>&nbsp;<\/p>\n","protected":false},"excerpt":{"rendered":"<p>Sirkkalabackens skola har fusionerats med Sirkkala skola (l\u00e5gstadiet) och med S:t Olofsskolan (h\u00f6gstadiet). Se vidare information p\u00e5 Sirkkala skolas hemsida&nbsp; https:\/\/blog.edu.turku.fi\/sirkkalaskola\/&nbsp; och&nbsp; p\u00e5 S:t Olofsskolans hemsida https:\/\/blog.edu.turku.fi\/stolofsskolan\/&nbsp; &nbsp;<\/p>\n","protected":false},"author":2095,"featured_media":0,"parent":0,"menu_order":0,"comment_status":"closed","ping_status":"open","template":"","meta":{"ngg_post_thumbnail":0,"footnotes":""},"class_list":["post-2","page","type-page","status-publish","hentry"],"_links":{"self":[{"href":"https:\/\/blog.edu.turku.fi\/sirkkalabacken\/wp-json\/wp\/v2\/pages\/2","targetHints":{"allow":["GET"]}}],"collection":[{"href":"https:\/\/blog.edu.turku.fi\/sirkkalabacken\/wp-json\/wp\/v2\/pages"}],"about":[{"href":"https:\/\/blog.edu.turku.fi\/sirkkalabacken\/wp-json\/wp\/v2\/types\/page"}],"author":[{"embeddable":true,"href":"https:\/\/blog.edu.turku.fi\/sirkkalabacken\/wp-json\/wp\/v2\/users\/2095"}],"replies":[{"embeddable":true,"href":"https:\/\/blog.edu.turku.fi\/sirkkalabacken\/wp-json\/wp\/v2\/comments?post=2"}],"version-history":[{"count":45,"href":"https:\/\/blog.edu.turku.fi\/sirkkalabacken\/wp-json\/wp\/v2\/pages\/2\/revisions"}],"predecessor-version":[{"id":314,"href":"https:\/\/blog.edu.turku.fi\/sirkkalabacken\/wp-json\/wp\/v2\/pages\/2\/revisions\/314"}],"wp:attachment":[{"href":"https:\/\/blog.edu.turku.fi\/sirkkalabacken\/wp-json\/wp\/v2\/media?parent=2"}],"curies":[{"name":"wp","href":"https:\/\/api.w.org\/{rel}","templated":true}]}}