{"id":20,"date":"2019-03-01T09:38:14","date_gmt":"2019-03-01T07:38:14","guid":{"rendered":"https:\/\/blog.edu.turku.fi\/scienceed\/?page_id=20"},"modified":"2021-02-09T10:57:56","modified_gmt":"2021-02-09T08:57:56","slug":"om-mig","status":"publish","type":"page","link":"https:\/\/blog.edu.turku.fi\/scienceed\/om-mig\/","title":{"rendered":"Om mig"},"content":{"rendered":"<p><img loading=\"lazy\" decoding=\"async\" class=\"alignleft wp-image-330 size-medium\" src=\"https:\/\/blog.edu.turku.fi\/iktpedagogik\/files\/2019\/01\/Portratt-3-205x300.jpg\" alt=\"Bj\u00f6rn Bergvall, digimentor.\" width=\"205\" height=\"300\" \/>Jag jobbar sedan December 2018 som Digimentor vid \u00c5bo stad. L\u00e4rare inom sm\u00e5barnspedogiken har jag varit sedan l\u00e4nge, i s\u00e5v\u00e4l Sverige som Finland. Jag \u00e4r dessutom utbildad till yrkesl\u00e4rare inom datavetenskap, med matematik och fysik som sido\u00e4mnen.<\/p>\n<p>Jag\u00a0arbetar \u00e4ven med en annan blog &#8221;<a href=\"https:\/\/blog.edu.turku.fi\/iktpedagogik\/\">IKT-pedaogogik<\/a>&#8221; som\u00a0vill g\u00f6ra ett f\u00f6rs\u00f6k att bena ut vad det finns f\u00f6r IKT resurser tillhanda f\u00f6r personer som jobbar p\u00e5 f\u00f6rskola<a href=\"https:\/\/blog.edu.turku.fi\/iktpedagogik\/\"><img loading=\"lazy\" decoding=\"async\" class=\"alignright wp-image-183 size-full\" src=\"https:\/\/blog.edu.turku.fi\/scienceed\/files\/2019\/03\/IKT-pedagog-2.png\" alt=\"L\u00e4nk till IKT pedagogik.\" width=\"293\" height=\"150\" \/><\/a> eller dagis. IKT st\u00e5r f\u00f6r \u201dInformations- och Kommunikationsteknik\u201d, h\u00e4r \u00e4r det reducerat till appar och program som \u00e4r anpassade f\u00f6r barn innan skol\u00e5ldern. Jag letar \u00e4ven \u00a0id\u00e9er hur man kan integrera tekniken i pedagogiken s\u00e5 det inte blir n\u00e5got rent frist\u00e5ende att arbeta med teknik utan det g\u00e5r hand i hand med vad man redan g\u00f6r p\u00e5 f\u00f6rskolan eller dagiset.<\/p>\n<p>Ytterligare en blog jag driver \u00e4r bloggen &#8221;<a href=\"https:\/\/blog.edu.turku.fi\/smabarnssang\/\">Sm\u00e5barnss\u00e5ng<\/a>&#8221; d\u00e4r jag samlat ihop s\u00e5nger och rim passande f\u00f6r dagis och f\u00f6rskola.<\/p>\n<p><img loading=\"lazy\" decoding=\"async\" class=\"alignright size-medium wp-image-687\" src=\"https:\/\/blog.edu.turku.fi\/scienceed\/files\/2020\/09\/Sm\u00e5barnss\u00e5ng-300x69.png\" alt=\"\" width=\"300\" height=\"69\" srcset=\"https:\/\/blog.edu.turku.fi\/scienceed\/files\/2020\/09\/Sm\u00e5barnss\u00e5ng-300x69.png 300w, https:\/\/blog.edu.turku.fi\/scienceed\/files\/2020\/09\/Sm\u00e5barnss\u00e5ng.png 1024w\" sizes=\"auto, (max-width: 300px) 85vw, 300px\" \/><\/p>\n","protected":false},"excerpt":{"rendered":"<p>Jag jobbar sedan December 2018 som Digimentor vid \u00c5bo stad. L\u00e4rare inom sm\u00e5barnspedogiken har jag varit sedan l\u00e4nge, i s\u00e5v\u00e4l Sverige som Finland. Jag \u00e4r dessutom utbildad till yrkesl\u00e4rare inom datavetenskap, med matematik och fysik som sido\u00e4mnen. Jag\u00a0arbetar \u00e4ven med en annan blog &#8221;IKT-pedaogogik&#8221; som\u00a0vill g\u00f6ra ett f\u00f6rs\u00f6k att bena ut vad det finns f\u00f6r &hellip; <a href=\"https:\/\/blog.edu.turku.fi\/scienceed\/om-mig\/\" class=\"more-link\">Forts\u00e4tt l\u00e4sa<span class=\"screen-reader-text\"> \u201dOm mig\u201d<\/span><\/a><\/p>\n","protected":false},"author":2590,"featured_media":0,"parent":0,"menu_order":0,"comment_status":"closed","ping_status":"closed","template":"","meta":{"footnotes":""},"class_list":["post-20","page","type-page","status-publish","hentry"],"_links":{"self":[{"href":"https:\/\/blog.edu.turku.fi\/scienceed\/wp-json\/wp\/v2\/pages\/20","targetHints":{"allow":["GET"]}}],"collection":[{"href":"https:\/\/blog.edu.turku.fi\/scienceed\/wp-json\/wp\/v2\/pages"}],"about":[{"href":"https:\/\/blog.edu.turku.fi\/scienceed\/wp-json\/wp\/v2\/types\/page"}],"author":[{"embeddable":true,"href":"https:\/\/blog.edu.turku.fi\/scienceed\/wp-json\/wp\/v2\/users\/2590"}],"replies":[{"embeddable":true,"href":"https:\/\/blog.edu.turku.fi\/scienceed\/wp-json\/wp\/v2\/comments?post=20"}],"version-history":[{"count":8,"href":"https:\/\/blog.edu.turku.fi\/scienceed\/wp-json\/wp\/v2\/pages\/20\/revisions"}],"predecessor-version":[{"id":806,"href":"https:\/\/blog.edu.turku.fi\/scienceed\/wp-json\/wp\/v2\/pages\/20\/revisions\/806"}],"wp:attachment":[{"href":"https:\/\/blog.edu.turku.fi\/scienceed\/wp-json\/wp\/v2\/media?parent=20"}],"curies":[{"name":"wp","href":"https:\/\/api.w.org\/{rel}","templated":true}]}}