{"id":8,"date":"2024-08-19T13:15:25","date_gmt":"2024-08-19T10:15:25","guid":{"rendered":"https:\/\/blog.edu.turku.fi\/sairaalavaka\/?page_id=8"},"modified":"2025-05-26T12:37:30","modified_gmt":"2025-05-26T09:37:30","slug":"ohjeet-lapsille","status":"publish","type":"page","link":"https:\/\/blog.edu.turku.fi\/sairaalavaka\/ohjeet-lapsille\/","title":{"rendered":"Ohjeet huoltajille"},"content":{"rendered":"\n<p>Yhteisty\u00f6 varhaiskasvatuksen kanssa lapsen sairaalajakson aikana tuo lapselle turvaa ja mahdollisuuden osallistua tutun lapsiryhm\u00e4n arkeen.<\/p>\n\n\n\n<p>Yhteisty\u00f6n onnistumiseksi toivomme huoltajien apua Ipadin tms. v\u00e4lineen k\u00e4yt\u00f6ss\u00e4.<\/p>\n\n\n\n<p>Mahdollisuuksien mukaan voitte katsoa lapsenne kanssa joko nauhoitettuja tallenteita p\u00e4iv\u00e4kodista tai osallistua reaaliaikaiseen p\u00e4iv\u00e4kodin toimintahetkeen.<\/p>\n\n\n<div class=\"lightweight-accordion\"><details><summary class=\"lightweight-accordion-title\"><span><strong>Ipadin perusniksit<\/strong><\/span><\/summary><div class=\"lightweight-accordion-body\">\n\n<p><strong>Miten suljet sovelluksia?&nbsp;<\/strong><br>Paina fyysist\u00e4 kotin\u00e4pp\u00e4int\u00e4 (ympyr\u00e4 alareunassa) kaksi kertaa nopeaa tai sipaise vasen alareuna sormella avoinna olevat ohjelmat auki.&nbsp;&nbsp;Sulje sovelluksia sipaisemalla niit\u00e4 sormella alhaalta yl\u00f6sp\u00e4in.&nbsp;<\/p>\n\n\n\n<p><strong>Mist\u00e4 toimii \u00e4\u00e4net?&nbsp;<\/strong><br>Fyysiset n\u00e4pp\u00e4imet \u00e4\u00e4nille on iPadin laidassa + ja \u2013&nbsp;. Oikeasta yl\u00e4kulmasta saat my\u00f6s sipaistua auki valikon, miss\u00e4 saat auki my\u00f6s \u00e4\u00e4nivalikon&nbsp;&nbsp;<\/p>\n\n\n\n<p><strong>Miten laitan iPadin wi-fi verkkoon?&nbsp;<\/strong><br>Avaa harmaa hammasratas iPadin kotivalikossa.&nbsp;<br>Vasemmasta reunasta etsi wi-fi ja kilkkaa auki.&nbsp;<br>Oikealle ilmestyy lista valittavista verkoista -&gt; valitse sopiva&nbsp;<br>Sy\u00f6t\u00e4 tarvittaessa verkon salasana.&nbsp;<\/p>\n\n<\/div><\/details><\/div>\n\n<div class=\"lightweight-accordion\"><details><summary class=\"lightweight-accordion-title\"><span><strong>Miten liityt p\u00e4iv\u00e4kodin j\u00e4rjest\u00e4m\u00e4\u00e4n Teams kokoukseen?<\/strong><\/span><\/summary><div class=\"lightweight-accordion-body\">\n\n<p>Avaa iPadin n\u00e4yt\u00f6ll\u00e4 oleva Y=yhteyslinkit. Valitse yhdess\u00e4 sovittu IPAD 1 tai vastaava kokous. <br>Linkist\u00e4 avautuu Teams-kokouslinkki. <br>Kirjoita siihen nimesi. P\u00e4iv\u00e4kodin puolella oleva henkil\u00f6 p\u00e4\u00e4st\u00e4\u00e4 sinut kokoukseen sis\u00e4lle. <br>Kokouksen p\u00e4\u00e4tytty\u00e4 sulje yhteys.<br>Tyhjenn\u00e4 v\u00e4lisivu klikkaamalla fyysist\u00e4 kotin\u00e4pp\u00e4int\u00e4 kaksi kertaa ja avautuneesta valikosta sipaise Teams-sovellus yl\u00f6sp\u00e4in pois.<\/p>\n\n<\/div><\/details><\/div>\n\n<div class=\"lightweight-accordion\"><details><summary class=\"lightweight-accordion-title\"><span><strong>Miten katson p\u00e4iv\u00e4kodin l\u00e4hett\u00e4mi\u00e4 kuvia lapsen kanssa?<\/strong><\/span><\/summary><div class=\"lightweight-accordion-body\">\n\n<p>Avaa iPadill\u00e4 joko Safari-selain (kompassin kuva) tai Chrome-selain. <br>Kirjoita hakukentt\u00e4\u00e4n eVakan sivu <a href=\"https:\/\/evaka.turku.fi\/login\">https:\/\/evaka.turku.fi\/login<\/a> tai kilkkaa iPadin n\u00e4yt\u00f6ll\u00e4 olevaa kuvaketta V (eVaka). <br>Kirjaudu sis\u00e4\u00e4n vahvalla tunnistautumisella ja avaa viesteiss\u00e4 oleva linkki suoraan tai kopioi ja vie nettiselaimeen. <br>Linkin kautta n\u00e4ette kuvia ja videoita lapsen p\u00e4iv\u00e4kotiryhm\u00e4st\u00e4.<\/p>\n\n<\/div><\/details><\/div>","protected":false},"excerpt":{"rendered":"<p>Yhteisty\u00f6 varhaiskasvatuksen kanssa lapsen sairaalajakson aikana tuo lapselle turvaa ja mahdollisuuden osallistua tutun lapsiryhm\u00e4n arkeen. Yhteisty\u00f6n onnistumiseksi toivomme huoltajien apua Ipadin tms. v\u00e4lineen k\u00e4yt\u00f6ss\u00e4. Mahdollisuuksien mukaan voitte katsoa lapsenne kanssa joko nauhoitettuja tallenteita p\u00e4iv\u00e4kodista tai osallistua reaaliaikaiseen p\u00e4iv\u00e4kodin toimintahetkeen.<\/p>\n","protected":false},"author":56,"featured_media":0,"parent":0,"menu_order":0,"comment_status":"closed","ping_status":"closed","template":"","meta":{"footnotes":""},"class_list":["post-8","page","type-page","status-publish","hentry"],"_links":{"self":[{"href":"https:\/\/blog.edu.turku.fi\/sairaalavaka\/wp-json\/wp\/v2\/pages\/8","targetHints":{"allow":["GET"]}}],"collection":[{"href":"https:\/\/blog.edu.turku.fi\/sairaalavaka\/wp-json\/wp\/v2\/pages"}],"about":[{"href":"https:\/\/blog.edu.turku.fi\/sairaalavaka\/wp-json\/wp\/v2\/types\/page"}],"author":[{"embeddable":true,"href":"https:\/\/blog.edu.turku.fi\/sairaalavaka\/wp-json\/wp\/v2\/users\/56"}],"replies":[{"embeddable":true,"href":"https:\/\/blog.edu.turku.fi\/sairaalavaka\/wp-json\/wp\/v2\/comments?post=8"}],"version-history":[{"count":26,"href":"https:\/\/blog.edu.turku.fi\/sairaalavaka\/wp-json\/wp\/v2\/pages\/8\/revisions"}],"predecessor-version":[{"id":204,"href":"https:\/\/blog.edu.turku.fi\/sairaalavaka\/wp-json\/wp\/v2\/pages\/8\/revisions\/204"}],"wp:attachment":[{"href":"https:\/\/blog.edu.turku.fi\/sairaalavaka\/wp-json\/wp\/v2\/media?parent=8"}],"curies":[{"name":"wp","href":"https:\/\/api.w.org\/{rel}","templated":true}]}}