{"id":6,"date":"2024-08-19T13:15:10","date_gmt":"2024-08-19T10:15:10","guid":{"rendered":"https:\/\/blog.edu.turku.fi\/sairaalavaka\/?page_id=6"},"modified":"2025-05-26T11:50:54","modified_gmt":"2025-05-26T08:50:54","slug":"ohjeet-paivakodille","status":"publish","type":"page","link":"https:\/\/blog.edu.turku.fi\/sairaalavaka\/ohjeet-paivakodille\/","title":{"rendered":"Ohjeet p\u00e4iv\u00e4kodille"},"content":{"rendered":"\n<p>Turun yliopistollisesta keskussairaalasta ollaan yhteydess\u00e4 Turun sairaalavarhaiskasvatusyhteisty\u00f6st\u00e4 vastaaviin varhaiskasvatuksen erityisopettajiin, kun lapsi on sairaalajaksolla.<\/p>\n\n\n\n<p>Sairaalasta tehdyn yhteydenoton j\u00e4lkeen sairaalavarhaiskasvatusyhteisty\u00f6st\u00e4 vastaavat varhaiskasvatuksen erityisopettajat ottavat yhteytt\u00e4 lapsen p\u00e4iv\u00e4kotiin p\u00e4iv\u00e4kodinjohtajaan ja p\u00e4iv\u00e4kodin erityisopettajaan. <\/p>\n\n\n\n<p>T\u00e4m\u00e4n j\u00e4lkeen sairaalavarhaiskasvatuksesta vastaavat varhaiskasvatuksen erityisopettajat ovat yhteydess\u00e4 sairaalan yhteyshenkil\u00f6\u00f6n yhteisty\u00f6palaverin j\u00e4rjest\u00e4miseksi. Yhteisty\u00f6palaveriin kutsutaan huoltajat sek\u00e4 sairaalan edustaja. Yhteisty\u00f6palaverissa sovitaan yksil\u00f6lliset k\u00e4yt\u00e4nn\u00f6t miten lapsen varhaiskasvatusta toteutetaan sairaalajakson aikana lapsen vointi ja jaksaminen huomioiden.<\/p>\n\n\n\n<p>Kunnallisessa varhaiskasvatuksessa et\u00e4yhteys voi toteutua joko valmiiksi nauhoitettujen tallenteiden kautta tai osallistumalla reaaliaikaisesti varhaiskasvatuksen toimintahetkiin Teamsin kautta. Valmiiksi nauhoitettujen tallenteiden katsominen tapahtuu yhteisty\u00f6palaverissa sovitulla tavalla.<br><br>Huom! P\u00e4iv\u00e4kotiryhm\u00e4n henkil\u00f6st\u00f6 voi tarvittaessa pyyt\u00e4\u00e4 teknist\u00e4 tukea oman p\u00e4iv\u00e4kodin TVT-vastaavalta tai TOP- keskuksesta.<\/p>\n\n\n<div class=\"lightweight-accordion\"><details><summary class=\"lightweight-accordion-title\"><span><strong>Miten liityt Teams kokoukseen?<\/strong><\/span><\/summary><div class=\"lightweight-accordion-body\">\n\n<p>Avaa sivu yhteyslinkit ja valitse oikea yhteys (IPAD 1 tai vastaava). T\u00e4m\u00e4 sovittu etuk\u00e4teen huoltajien\/sairaalan kanssa mit\u00e4 yhteytt\u00e4 k\u00e4ytet\u00e4\u00e4n. Klikkaa itsesi sis\u00e4lle kokoukseen ja varmista ett\u00e4 videot sek\u00e4 \u00e4\u00e4net ett\u00e4 mikrofoni on sovitusti auki.<\/p>\n\n<\/div><\/details><\/div>","protected":false},"excerpt":{"rendered":"<p>Turun yliopistollisesta keskussairaalasta ollaan yhteydess\u00e4 Turun sairaalavarhaiskasvatusyhteisty\u00f6st\u00e4 vastaaviin varhaiskasvatuksen erityisopettajiin, kun lapsi on sairaalajaksolla. Sairaalasta tehdyn yhteydenoton j\u00e4lkeen sairaalavarhaiskasvatusyhteisty\u00f6st\u00e4 vastaavat varhaiskasvatuksen erityisopettajat ottavat yhteytt\u00e4 lapsen p\u00e4iv\u00e4kotiin p\u00e4iv\u00e4kodinjohtajaan ja p\u00e4iv\u00e4kodin erityisopettajaan. T\u00e4m\u00e4n j\u00e4lkeen sairaalavarhaiskasvatuksesta vastaavat varhaiskasvatuksen erityisopettajat ovat yhteydess\u00e4 sairaalan yhteyshenkil\u00f6\u00f6n yhteisty\u00f6palaverin j\u00e4rjest\u00e4miseksi. Yhteisty\u00f6palaveriin kutsutaan huoltajat sek\u00e4 sairaalan edustaja. Yhteisty\u00f6palaverissa sovitaan yksil\u00f6lliset k\u00e4yt\u00e4nn\u00f6t miten lapsen varhaiskasvatusta &hellip; <a href=\"https:\/\/blog.edu.turku.fi\/sairaalavaka\/ohjeet-paivakodille\/\" class=\"more-link\">Jatka lukemista<span class=\"screen-reader-text\"> &#8221;Ohjeet p\u00e4iv\u00e4kodille&#8221;<\/span><\/a><\/p>\n","protected":false},"author":56,"featured_media":0,"parent":0,"menu_order":0,"comment_status":"closed","ping_status":"closed","template":"","meta":{"footnotes":""},"class_list":["post-6","page","type-page","status-publish","hentry"],"_links":{"self":[{"href":"https:\/\/blog.edu.turku.fi\/sairaalavaka\/wp-json\/wp\/v2\/pages\/6","targetHints":{"allow":["GET"]}}],"collection":[{"href":"https:\/\/blog.edu.turku.fi\/sairaalavaka\/wp-json\/wp\/v2\/pages"}],"about":[{"href":"https:\/\/blog.edu.turku.fi\/sairaalavaka\/wp-json\/wp\/v2\/types\/page"}],"author":[{"embeddable":true,"href":"https:\/\/blog.edu.turku.fi\/sairaalavaka\/wp-json\/wp\/v2\/users\/56"}],"replies":[{"embeddable":true,"href":"https:\/\/blog.edu.turku.fi\/sairaalavaka\/wp-json\/wp\/v2\/comments?post=6"}],"version-history":[{"count":30,"href":"https:\/\/blog.edu.turku.fi\/sairaalavaka\/wp-json\/wp\/v2\/pages\/6\/revisions"}],"predecessor-version":[{"id":202,"href":"https:\/\/blog.edu.turku.fi\/sairaalavaka\/wp-json\/wp\/v2\/pages\/6\/revisions\/202"}],"wp:attachment":[{"href":"https:\/\/blog.edu.turku.fi\/sairaalavaka\/wp-json\/wp\/v2\/media?parent=6"}],"curies":[{"name":"wp","href":"https:\/\/api.w.org\/{rel}","templated":true}]}}