{"id":4,"date":"2024-08-19T13:14:25","date_gmt":"2024-08-19T10:14:25","guid":{"rendered":"https:\/\/blog.edu.turku.fi\/sairaalavaka\/?page_id=4"},"modified":"2024-11-18T10:47:48","modified_gmt":"2024-11-18T08:47:48","slug":"etusivu","status":"publish","type":"page","link":"https:\/\/blog.edu.turku.fi\/sairaalavaka\/","title":{"rendered":"Varhaiskasvatusyhteisty\u00f6"},"content":{"rendered":"\n<p>Turkulaisella lapsella on sairaalajaksonkin aikana oikeus pit\u00e4\u00e4 yhteytt\u00e4 omaan p\u00e4iv\u00e4kotiin vointinsa ja jaksamisensa mukaan. Yhteisty\u00f6n mahdollistamiseksi tarvitaan huoltajien osallisuutta ja aktiivisuutta.<\/p>\n\n\n\n<p>Leikki on lapselle ominainen tapa toimia ja tukee lapsen hyvinvointia. Sairaalassa ja sairaalajaksoon kuuluvan kotihoidon aikana lapsella on mahdollisuus osallistua p\u00e4iv\u00e4kotiryhm\u00e4ns\u00e4 toimintaan et\u00e4yhteyden avulla. Et\u00e4yhteys voi toteutua joko valmiiksi nauhoitettujen tallenteiden kautta tai osallistumalla reaaliaikaisesti varhaiskasvatuksen toimintahetkiin. K\u00e4yt\u00e4nn\u00f6t sovitaan yksil\u00f6llisesti huoltajien, p\u00e4iv\u00e4kodin ja sairaalan v\u00e4lisess\u00e4 tiedonsiirtopalaverissa lapsen toiveet huomioiden.<\/p>\n\n\n<div class=\"wp-block-image\">\n<figure class=\"alignleft size-large\"><img loading=\"lazy\" decoding=\"async\" width=\"1024\" height=\"724\" src=\"https:\/\/blog.edu.turku.fi\/sairaalavaka\/files\/2024\/11\/Sairaalavaka_vanhemmille_verkko-1024x724.png\" alt=\"\" class=\"wp-image-128\" srcset=\"https:\/\/blog.edu.turku.fi\/sairaalavaka\/files\/2024\/11\/Sairaalavaka_vanhemmille_verkko-1024x724.png 1024w, https:\/\/blog.edu.turku.fi\/sairaalavaka\/files\/2024\/11\/Sairaalavaka_vanhemmille_verkko-300x212.png 300w, https:\/\/blog.edu.turku.fi\/sairaalavaka\/files\/2024\/11\/Sairaalavaka_vanhemmille_verkko-768x543.png 768w, https:\/\/blog.edu.turku.fi\/sairaalavaka\/files\/2024\/11\/Sairaalavaka_vanhemmille_verkko-1536x1086.png 1536w, https:\/\/blog.edu.turku.fi\/sairaalavaka\/files\/2024\/11\/Sairaalavaka_vanhemmille_verkko-2048x1448.png 2048w, https:\/\/blog.edu.turku.fi\/sairaalavaka\/files\/2024\/11\/Sairaalavaka_vanhemmille_verkko-1200x848.png 1200w\" sizes=\"auto, (max-width: 709px) 85vw, (max-width: 909px) 67vw, (max-width: 1362px) 62vw, 840px\" \/><\/figure>\n<\/div>\n\n\n<p><\/p>\n","protected":false},"excerpt":{"rendered":"<p>Turkulaisella lapsella on sairaalajaksonkin aikana oikeus pit\u00e4\u00e4 yhteytt\u00e4 omaan p\u00e4iv\u00e4kotiin vointinsa ja jaksamisensa mukaan. Yhteisty\u00f6n mahdollistamiseksi tarvitaan huoltajien osallisuutta ja aktiivisuutta. Leikki on lapselle ominainen tapa toimia ja tukee lapsen hyvinvointia. Sairaalassa ja sairaalajaksoon kuuluvan kotihoidon aikana lapsella on mahdollisuus osallistua p\u00e4iv\u00e4kotiryhm\u00e4ns\u00e4 toimintaan et\u00e4yhteyden avulla. Et\u00e4yhteys voi toteutua joko valmiiksi nauhoitettujen tallenteiden kautta tai osallistumalla &hellip; <a href=\"https:\/\/blog.edu.turku.fi\/sairaalavaka\/\" class=\"more-link\">Jatka lukemista<span class=\"screen-reader-text\"> &#8221;Varhaiskasvatusyhteisty\u00f6&#8221;<\/span><\/a><\/p>\n","protected":false},"author":56,"featured_media":0,"parent":0,"menu_order":0,"comment_status":"closed","ping_status":"closed","template":"","meta":{"footnotes":""},"class_list":["post-4","page","type-page","status-publish","hentry"],"_links":{"self":[{"href":"https:\/\/blog.edu.turku.fi\/sairaalavaka\/wp-json\/wp\/v2\/pages\/4","targetHints":{"allow":["GET"]}}],"collection":[{"href":"https:\/\/blog.edu.turku.fi\/sairaalavaka\/wp-json\/wp\/v2\/pages"}],"about":[{"href":"https:\/\/blog.edu.turku.fi\/sairaalavaka\/wp-json\/wp\/v2\/types\/page"}],"author":[{"embeddable":true,"href":"https:\/\/blog.edu.turku.fi\/sairaalavaka\/wp-json\/wp\/v2\/users\/56"}],"replies":[{"embeddable":true,"href":"https:\/\/blog.edu.turku.fi\/sairaalavaka\/wp-json\/wp\/v2\/comments?post=4"}],"version-history":[{"count":11,"href":"https:\/\/blog.edu.turku.fi\/sairaalavaka\/wp-json\/wp\/v2\/pages\/4\/revisions"}],"predecessor-version":[{"id":155,"href":"https:\/\/blog.edu.turku.fi\/sairaalavaka\/wp-json\/wp\/v2\/pages\/4\/revisions\/155"}],"wp:attachment":[{"href":"https:\/\/blog.edu.turku.fi\/sairaalavaka\/wp-json\/wp\/v2\/media?parent=4"}],"curies":[{"name":"wp","href":"https:\/\/api.w.org\/{rel}","templated":true}]}}