{"id":157,"date":"2025-02-18T12:22:29","date_gmt":"2025-02-18T10:22:29","guid":{"rendered":"https:\/\/blog.edu.turku.fi\/sairaalavaka\/?page_id=157"},"modified":"2025-03-17T14:17:57","modified_gmt":"2025-03-17T12:17:57","slug":"anvisningar-for-vardnadshavare","status":"publish","type":"page","link":"https:\/\/blog.edu.turku.fi\/sairaalavaka\/anvisningar-for-vardnadshavare\/","title":{"rendered":"Anvisningar f\u00f6r v\u00e5rdnadshavare"},"content":{"rendered":"\n<p>Samarbetet med sm\u00e5barnspedagogiken under v\u00e5rdperioden p\u00e5 sjukhuset ger barnet trygghet och en m\u00f6jlighet att delta i den bekanta barngruppens vardag.<\/p>\n\n\n\n<p>F\u00f6r att samarbetet ska lyckas \u00f6nskar vi att v\u00e5rdnadshavarna kan hj\u00e4lpa med anv\u00e4ndningen av iPaden eller andra apparater.<\/p>\n\n\n\n<p>Enligt m\u00f6jligheter kan ni tillsammans med ert barn se antingen inspelade videor fr\u00e5n daghemmet eller i realtid delta i en stund i daghemmets verksamhet.<\/p>\n\n\n<div class=\"lightweight-accordion\"><details><summary class=\"lightweight-accordion-title\"><span><strong>Grundl\u00e4ggande tips f\u00f6r anv\u00e4ndning av en iPad<\/strong><\/span><\/summary><div class=\"lightweight-accordion-body\">\n\n<p><strong>Hur st\u00e4nger jag applikationerna?<\/strong><br>Tryck p\u00e5 den fysiska hemknappen (cirkel i nedre kanten) tv\u00e5 g\u00e5nger snabbt eller \u00f6ppna upp de \u00f6ppna programmen genom att svepa med fingret den nedre v\u00e4nstra kanten. St\u00e4ng applikationerna genom att svepa dem nedifr\u00e5n och upp\u00e5t.<br><br><strong>Hur fungerar ljuden?<\/strong><br>De fysiska knapparna + och &#8211; anv\u00e4nds f\u00f6r att h\u00f6ja eller s\u00e4nka volymen och de finns p\u00e5 iPadens kant. Fr\u00e5n det h\u00f6gra \u00f6vre h\u00f6rnet f\u00e5r du \u00e4ven upp en meny d\u00e4rifr\u00e5n du kan \u00f6ppna ljudmenyn.<br><br><strong>Hur l\u00e4gger jag till min iPad i wifi-n\u00e4tverket?<\/strong><br>\u00d6ppna det gr\u00e5 kugghjulet i iPadens hemmeny.<br>S\u00f6k wifi fr\u00e5n den v\u00e4nstra kanten och klicka p\u00e5 knappen.<br>Till h\u00f6ger \u00f6ppnas en lista med de n\u00e4tverk som \u00e4r tillg\u00e4ngliga -&gt; v\u00e4lj det l\u00e4mpliga n\u00e4tverket<br>Mata vid behov in n\u00e4tverkets l\u00f6senord.<\/p>\n\n<\/div><\/details><\/div>\n\n<div class=\"lightweight-accordion\"><details><summary class=\"lightweight-accordion-title\"><span><strong>Hur ansluter jag mig till daghemmets m\u00f6te i Teams?<\/strong><\/span><\/summary><div class=\"lightweight-accordion-body\">\n\n<p>\u00d6ppna Y som syns p\u00e5 iPadens sk\u00e4rm. (Y=kontaktl\u00e4nk) V\u00e4lj IPAD 1 eller motsvarande m\u00f6te som ni har kommit \u00f6verens om.<br>Genom att klicka p\u00e5 l\u00e4nken kommer du till Teams m\u00f6tet.<br>Skriv in ditt namn i f\u00e4ltet som \u00f6ppnas. En person fr\u00e5n daghemmet sl\u00e4pper in dig i m\u00f6tet.<br>Efter att m\u00f6tet avslutats ska du st\u00e4nga f\u00f6rbindelsen.<br>T\u00f6m mellanbladet genom att trycka p\u00e5 den fysiska hemknappen tv\u00e5 g\u00e5nger och svep Teamsapplikationen upp\u00e5t och bort.<\/p>\n\n<\/div><\/details><\/div>\n\n<div class=\"lightweight-accordion\"><details><summary class=\"lightweight-accordion-title\"><span><strong>Hur kan jag och mitt barn tillsammans se bilder som daghemmet skickat?<\/strong><\/span><\/summary><div class=\"lightweight-accordion-body\">\n\n<p>\u00d6ppna antingen webbl\u00e4saren Safari (kompassbild) eller webbl\u00e4saren Chrome p\u00e5 din iPad.<br>Skriv in eVakas sida i s\u00f6kf\u00e4ltet https:\/\/evaka.turku.fi\/login eller klicka p\u00e5 V-symbolen p\u00e5 iPadens sk\u00e4rm (eVaka).<br>Logga in med stark identifiering och \u00f6ppna l\u00e4nken i meddelandena direkt eller kopiera och klistra in den i webbl\u00e4sarens adressf\u00e4lt.<br>Via l\u00e4nken kan du se bilder och videor fr\u00e5n barnets daghemsgrupp.<\/p>\n\n<\/div><\/details><\/div>","protected":false},"excerpt":{"rendered":"<p>Samarbetet med sm\u00e5barnspedagogiken under v\u00e5rdperioden p\u00e5 sjukhuset ger barnet trygghet och en m\u00f6jlighet att delta i den bekanta barngruppens vardag. F\u00f6r att samarbetet ska lyckas \u00f6nskar vi att v\u00e5rdnadshavarna kan hj\u00e4lpa med anv\u00e4ndningen av iPaden eller andra apparater. Enligt m\u00f6jligheter kan ni tillsammans med ert barn se antingen inspelade videor fr\u00e5n daghemmet eller i realtid &hellip; <a href=\"https:\/\/blog.edu.turku.fi\/sairaalavaka\/anvisningar-for-vardnadshavare\/\" class=\"more-link\">Jatka lukemista<span class=\"screen-reader-text\"> &#8221;Anvisningar f\u00f6r v\u00e5rdnadshavare&#8221;<\/span><\/a><\/p>\n","protected":false},"author":9,"featured_media":0,"parent":0,"menu_order":0,"comment_status":"closed","ping_status":"closed","template":"","meta":{"footnotes":""},"class_list":["post-157","page","type-page","status-publish","hentry"],"_links":{"self":[{"href":"https:\/\/blog.edu.turku.fi\/sairaalavaka\/wp-json\/wp\/v2\/pages\/157","targetHints":{"allow":["GET"]}}],"collection":[{"href":"https:\/\/blog.edu.turku.fi\/sairaalavaka\/wp-json\/wp\/v2\/pages"}],"about":[{"href":"https:\/\/blog.edu.turku.fi\/sairaalavaka\/wp-json\/wp\/v2\/types\/page"}],"author":[{"embeddable":true,"href":"https:\/\/blog.edu.turku.fi\/sairaalavaka\/wp-json\/wp\/v2\/users\/9"}],"replies":[{"embeddable":true,"href":"https:\/\/blog.edu.turku.fi\/sairaalavaka\/wp-json\/wp\/v2\/comments?post=157"}],"version-history":[{"count":8,"href":"https:\/\/blog.edu.turku.fi\/sairaalavaka\/wp-json\/wp\/v2\/pages\/157\/revisions"}],"predecessor-version":[{"id":187,"href":"https:\/\/blog.edu.turku.fi\/sairaalavaka\/wp-json\/wp\/v2\/pages\/157\/revisions\/187"}],"wp:attachment":[{"href":"https:\/\/blog.edu.turku.fi\/sairaalavaka\/wp-json\/wp\/v2\/media?parent=157"}],"curies":[{"name":"wp","href":"https:\/\/api.w.org\/{rel}","templated":true}]}}