{"id":10,"date":"2024-08-19T13:16:42","date_gmt":"2024-08-19T10:16:42","guid":{"rendered":"https:\/\/blog.edu.turku.fi\/sairaalavaka\/?page_id=10"},"modified":"2025-06-18T12:28:15","modified_gmt":"2025-06-18T09:28:15","slug":"yhteyslinkit","status":"publish","type":"page","link":"https:\/\/blog.edu.turku.fi\/sairaalavaka\/yhteyslinkit\/","title":{"rendered":"Yhteyslinkit"},"content":{"rendered":"\n<p>Toimivat kunnallisen varhaiskasvatuksen hoitopaikan ryhm\u00e4n ja lapsen v\u00e4lisen\u00e4 sovittuna et\u00e4yhteyten\u00e4. Klikkaa lapsen k\u00e4yt\u00f6ss\u00e4 olevan laitteen nime\u00e4.<\/p>\n\n\n\n<p>Fungerar inom den kommunala sm\u00e5barnspedagogiken som distanskontakt mellan barnet och daghemmets barngrupp.<\/p>\n\n\n\n<p>Kontaktl\u00e4nkar: Klicka p\u00e5 namnet f\u00f6r den apparat som barnet anv\u00e4nder.<\/p>\n\n\n\n<div class=\"wp-block-buttons is-layout-flex wp-block-buttons-is-layout-flex\">\n<div class=\"wp-block-button\"><a class=\"wp-block-button__link wp-element-button\" href=\"https:\/\/teams.microsoft.com\/l\/meetup-join\/19%3ameeting_MTNiM2FlNTEtYzg4NC00NjlmLTg0YTMtNTk2OWQxN2RjZTUx%40thread.v2\/0?context=%7b%22Tid%22%3a%22e59f7c03-5759-46b0-af27-7adce0770181%22%2c%22Oid%22%3a%2223de7171-1f94-42f2-8ec4-09ec77d25ae8%22%7d\">iPad 1<\/a><\/div>\n<\/div>\n\n\n\n<p><\/p>\n\n\n\n<div class=\"wp-block-buttons is-layout-flex wp-block-buttons-is-layout-flex\">\n<div class=\"wp-block-button\"><a class=\"wp-block-button__link wp-element-button\" href=\"https:\/\/teams.microsoft.com\/l\/meetup-join\/19%3ameeting_YzYyODhlZTMtOWI5Mi00OTBmLWFiMzUtMTA1YjY1MGJiNGE1%40thread.v2\/0?context=%7b%22Tid%22%3a%22e59f7c03-5759-46b0-af27-7adce0770181%22%2c%22Oid%22%3a%2223de7171-1f94-42f2-8ec4-09ec77d25ae8%22%7d\">iPad 2<\/a><\/div>\n<\/div>\n\n\n\n<p><\/p>\n\n\n\n<div class=\"wp-block-buttons is-layout-flex wp-block-buttons-is-layout-flex\">\n<div class=\"wp-block-button\"><a class=\"wp-block-button__link wp-element-button\" href=\"https:\/\/teams.microsoft.com\/l\/meetup-join\/19%3ameeting_NDU1MzdmY2MtYjY1YS00ZDQ3LWFjMzMtYmQzMjQzNDM1Y2Zh%40thread.v2\/0?context=%7b%22Tid%22%3a%22e59f7c03-5759-46b0-af27-7adce0770181%22%2c%22Oid%22%3a%2223de7171-1f94-42f2-8ec4-09ec77d25ae8%22%7d\">iPad 3<\/a><\/div>\n<\/div>\n\n\n\n<p><\/p>\n\n\n\n<div class=\"wp-block-buttons is-layout-flex wp-block-buttons-is-layout-flex\">\n<div class=\"wp-block-button\"><a class=\"wp-block-button__link wp-element-button\" href=\"https:\/\/teams.microsoft.com\/l\/meetup-join\/19%3ameeting_MzBiZWM0N2MtM2I0ZS00OWM3LWI4MzktNzAyNDJjMDg5Njdi%40thread.v2\/0?context=%7b%22Tid%22%3a%22e59f7c03-5759-46b0-af27-7adce0770181%22%2c%22Oid%22%3a%2223de7171-1f94-42f2-8ec4-09ec77d25ae8%22%7d\">iPad 4<\/a><\/div>\n<\/div>\n\n\n\n<p><\/p>\n\n\n\n<div class=\"wp-block-buttons is-layout-flex wp-block-buttons-is-layout-flex\">\n<div class=\"wp-block-button\"><a class=\"wp-block-button__link wp-element-button\" href=\"https:\/\/teams.microsoft.com\/l\/meetup-join\/19%3ameeting_M2E3MjI0NWYtZTczNS00M2YzLWFjZWItYTYxZDQ3ZWVkMGNl%40thread.v2\/0?context=%7b%22Tid%22%3a%22e59f7c03-5759-46b0-af27-7adce0770181%22%2c%22Oid%22%3a%2223de7171-1f94-42f2-8ec4-09ec77d25ae8%22%7d\">iPad 5<\/a><\/div>\n<\/div>\n\n\n\n<p><\/p>\n","protected":false},"excerpt":{"rendered":"<p>Toimivat kunnallisen varhaiskasvatuksen hoitopaikan ryhm\u00e4n ja lapsen v\u00e4lisen\u00e4 sovittuna et\u00e4yhteyten\u00e4. Klikkaa lapsen k\u00e4yt\u00f6ss\u00e4 olevan laitteen nime\u00e4. Fungerar inom den kommunala sm\u00e5barnspedagogiken som distanskontakt mellan barnet och daghemmets barngrupp. Kontaktl\u00e4nkar: Klicka p\u00e5 namnet f\u00f6r den apparat som barnet anv\u00e4nder.<\/p>\n","protected":false},"author":56,"featured_media":0,"parent":0,"menu_order":0,"comment_status":"closed","ping_status":"closed","template":"","meta":{"footnotes":""},"class_list":["post-10","page","type-page","status-publish","hentry"],"_links":{"self":[{"href":"https:\/\/blog.edu.turku.fi\/sairaalavaka\/wp-json\/wp\/v2\/pages\/10","targetHints":{"allow":["GET"]}}],"collection":[{"href":"https:\/\/blog.edu.turku.fi\/sairaalavaka\/wp-json\/wp\/v2\/pages"}],"about":[{"href":"https:\/\/blog.edu.turku.fi\/sairaalavaka\/wp-json\/wp\/v2\/types\/page"}],"author":[{"embeddable":true,"href":"https:\/\/blog.edu.turku.fi\/sairaalavaka\/wp-json\/wp\/v2\/users\/56"}],"replies":[{"embeddable":true,"href":"https:\/\/blog.edu.turku.fi\/sairaalavaka\/wp-json\/wp\/v2\/comments?post=10"}],"version-history":[{"count":13,"href":"https:\/\/blog.edu.turku.fi\/sairaalavaka\/wp-json\/wp\/v2\/pages\/10\/revisions"}],"predecessor-version":[{"id":210,"href":"https:\/\/blog.edu.turku.fi\/sairaalavaka\/wp-json\/wp\/v2\/pages\/10\/revisions\/210"}],"wp:attachment":[{"href":"https:\/\/blog.edu.turku.fi\/sairaalavaka\/wp-json\/wp\/v2\/media?parent=10"}],"curies":[{"name":"wp","href":"https:\/\/api.w.org\/{rel}","templated":true}]}}