{"id":964,"date":"2015-10-14T13:02:11","date_gmt":"2015-10-14T10:02:11","guid":{"rendered":"https:\/\/blog.edu.turku.fi\/rieskalahteenkoulu\/?page_id=964"},"modified":"2025-04-08T13:53:54","modified_gmt":"2025-04-08T10:53:54","slug":"tukioppilaat","status":"publish","type":"page","link":"https:\/\/blog.edu.turku.fi\/rieskalahteenkoulu\/tukioppilaat\/","title":{"rendered":"Tukioppilaat"},"content":{"rendered":"<p>Tukioppilaat eli tukarit ovat Rieskal\u00e4hteen koulun 9.-luokkalaisista koostuva noin kahdenkymmenen oppilaan ryhm\u00e4, jonka j\u00e4senet valitaan vapaaehtoisista aiempana lukuvuotena. Toiminnan tarkoituksena on tukea 7.-luokkalaisia uudessa koulussa tutustuttaen heid\u00e4t aluksi rakennukseen ja\u00a0koulun\u00a0tapoihin, mutta erityisesti ryhm\u00e4ytt\u00e4en heid\u00e4t uusiin luokkiinsa. Jokainen luokka saa lukukauden alussa kaksi tukioppilasta, jotka pyrkiv\u00e4t\u00a0toiminnallaan parantamaan\u00a0luokkahenke\u00e4 ja antavat oppilaille lis\u00e4\u00e4 tietoa heit\u00e4 koskevista aiheista.<\/p>\n<p>Mannerheimin Lastensuojeluliitto kouluttaa uudet tukioppilaat aluksi leirill\u00e4\u00a0ja 9. luokan aikana p\u00e4iv\u00e4koulutusten muodossa. Koulutusten pohjalta tukarit pit\u00e4v\u00e4t sovituista aiheista oppitunteja\u00a0omille 7. luokilleen (esim. kiusaamisen ehk\u00e4iseminen, mediakasvatus, yhdenvertaisuus, hyvinvointi, tunne- ja vuorovaikutustaidot ja p\u00e4ihdekasvatus).<\/p>\n<p>Sen lis\u00e4ksi, ett\u00e4 tukioppilaat toimivat seiskojen tukena, he voivat virkist\u00e4\u00e4 arkea j\u00e4rjest\u00e4m\u00e4ll\u00e4 teemap\u00e4ivi\u00e4, py\u00f6ritt\u00e4m\u00e4ll\u00e4 viikoittaista\u00a0kioskia\u00a0ja auttamalla koulup\u00e4iv\u00e4n aikana tai sen j\u00e4lkeen pidett\u00e4viss\u00e4 tapahtumissa.\u00a0Monenlaisten\u00a0teht\u00e4vien\u00a0tarkoituksena on edist\u00e4\u00e4 koululaisten ja koko kouluyhteis\u00f6n hyvinvointia.<\/p>\n<p>Tukioppilaiden ohjaavina opettajina toimivat <strong>Saija Naatula<\/strong> ja<strong> Minna Tammenkoski<\/strong>.<\/p>\n<p>&nbsp;<\/p>\n","protected":false},"excerpt":{"rendered":"<p>Tukioppilaat eli tukarit ovat Rieskal\u00e4hteen koulun 9.-luokkalaisista koostuva noin kahdenkymmenen oppilaan ryhm\u00e4, jonka j\u00e4senet valitaan vapaaehtoisista aiempana lukuvuotena. Toiminnan tarkoituksena on tukea 7.-luokkalaisia uudessa koulussa tutustuttaen heid\u00e4t aluksi rakennukseen ja\u00a0koulun\u00a0tapoihin, mutta erityisesti ryhm\u00e4ytt\u00e4en heid\u00e4t uusiin luokkiinsa. Jokainen luokka saa lukukauden alussa kaksi tukioppilasta, jotka pyrkiv\u00e4t\u00a0toiminnallaan parantamaan\u00a0luokkahenke\u00e4 ja antavat oppilaille lis\u00e4\u00e4 tietoa heit\u00e4 koskevista aiheista. Mannerheimin &hellip; <a href=\"https:\/\/blog.edu.turku.fi\/rieskalahteenkoulu\/tukioppilaat\/\" class=\"more-link\">Jatka lukemista<span class=\"screen-reader-text\"> &#8221;Tukioppilaat&#8221;<\/span><\/a><\/p>\n","protected":false},"author":137,"featured_media":0,"parent":0,"menu_order":0,"comment_status":"closed","ping_status":"closed","template":"","meta":{"footnotes":""},"class_list":["post-964","page","type-page","status-publish","hentry"],"_links":{"self":[{"href":"https:\/\/blog.edu.turku.fi\/rieskalahteenkoulu\/wp-json\/wp\/v2\/pages\/964","targetHints":{"allow":["GET"]}}],"collection":[{"href":"https:\/\/blog.edu.turku.fi\/rieskalahteenkoulu\/wp-json\/wp\/v2\/pages"}],"about":[{"href":"https:\/\/blog.edu.turku.fi\/rieskalahteenkoulu\/wp-json\/wp\/v2\/types\/page"}],"author":[{"embeddable":true,"href":"https:\/\/blog.edu.turku.fi\/rieskalahteenkoulu\/wp-json\/wp\/v2\/users\/137"}],"replies":[{"embeddable":true,"href":"https:\/\/blog.edu.turku.fi\/rieskalahteenkoulu\/wp-json\/wp\/v2\/comments?post=964"}],"version-history":[{"count":10,"href":"https:\/\/blog.edu.turku.fi\/rieskalahteenkoulu\/wp-json\/wp\/v2\/pages\/964\/revisions"}],"predecessor-version":[{"id":2921,"href":"https:\/\/blog.edu.turku.fi\/rieskalahteenkoulu\/wp-json\/wp\/v2\/pages\/964\/revisions\/2921"}],"wp:attachment":[{"href":"https:\/\/blog.edu.turku.fi\/rieskalahteenkoulu\/wp-json\/wp\/v2\/media?parent=964"}],"curies":[{"name":"wp","href":"https:\/\/api.w.org\/{rel}","templated":true}]}}