{"id":4,"date":"2012-05-21T06:37:31","date_gmt":"2012-05-21T03:37:31","guid":{"rendered":"https:\/\/blog.edu.turku.fi\/rieskalahteenkoulu\/?page_id=4"},"modified":"2026-02-02T12:32:59","modified_gmt":"2026-02-02T09:32:59","slug":"yhteystiedot","status":"publish","type":"page","link":"https:\/\/blog.edu.turku.fi\/rieskalahteenkoulu\/yhteystiedot\/","title":{"rendered":"Yhteystiedot"},"content":{"rendered":"<address><strong>Rieskal\u00e4hteen koulu<\/strong><\/address>\n<address><strong>J\u00f6llintie 3,\u00a020300\u00a0Turku<\/strong><\/address>\n<address><a href=\"http:\/\/maps.google.fi\/maps?f=q&amp;source=s_q&amp;hl=fi&amp;geocode=&amp;q=Rieskal%C3%A4hteen+Koulu,+J%C3%B6lliv%C3%A4gen,+Turku&amp;aq=2&amp;oq=Rieskal%C3%A4hteen&amp;sll=60.467045,22.260382&amp;sspn=0.006505,0.022638&amp;vpsrc=0&amp;ie=UTF8&amp;hq=Rieskal%C3%A4hteen+Koulu,&amp;hnear=J%C3%B6llintie,+20300+Turku&amp;ll=60.46694,22.257872&amp;spn=0.006505,0.022638&amp;t=m&amp;z=16&amp;cid=8203856866138835876&amp;iwloc=A\" target=\"_blank\" rel=\"noopener noreferrer\">N\u00e4yt\u00e4 kartta<\/a><\/address>\n<p><a href=\"https:\/\/www.turku.fi\/perusopetus\/kouluun-ilmoittautuminen\" target=\"_blank\" rel=\"noopener noreferrer\">Suomenkielisen perusopetuksen oppilasalueet<\/a><\/p>\n<p>&nbsp;<\/p>\n<p>rehtori Tuomas Kankaanp\u00e4\u00e4 <strong>\u00a0044 907 4944<\/strong> <strong>tuomas.kankaanpaa@edu.turku.fi<\/strong><\/p>\n<p>apulaisrehtori Marko Rantanen <strong>044\u00a0907 4395<\/strong><\/p>\n<p>vararehtori Ilari Sairanen <strong>044 907 4928<\/strong><\/p>\n<p>koulusihteeri Anna Salmi <strong>044 907 4820<\/strong><\/p>\n<p>opettajainhuoneet B-siipi <strong>040 586 0894<\/strong> D-siipi <strong>040\u00a0586 3167<\/strong><\/p>\n<p>turvallisuusvastaava Miikka Lahtinen\u00a0<strong>044\u00a0907 4394<\/strong><\/p>\n<p>oppilaanohjaaja Anna R\u00e4s\u00e4nen <strong>040 199 5906<\/strong><\/p>\n<p>oppilaanohjaaja Nina Saari<strong>\u00a0 044 907 4393<\/strong><\/p>\n<p>koulunuorisoty\u00f6ntekij\u00e4 Henna Koivunen <strong>044 902 4205<\/strong><\/p>\n<p>&nbsp;<\/p>\n<p>erityisopettajat<\/p>\n<p>7 lk Antti Kontula <strong>050 432 3638\u00a0<\/strong>ja Sari Talvi <strong>040 136 6254<\/strong><\/p>\n<p>8 lk Auli Karlamaa <strong>044\u00a0907 4407<\/strong><\/p>\n<p>9 lk Linda Liukkonen <strong>044 755 4422<\/strong><\/p>\n<p>&nbsp;<\/p>\n<p>erityisluokanopettaja\u00a0Lassi Karisto\u00a0<strong>044 907 3467<\/strong><\/p>\n<p>erityisluokanopettaja Jukka Laine\u00a0<strong>044\u00a0907 4688<\/strong><\/p>\n<p>erityisluokanopettaja Hannu Lilja (jopo) <strong>040 136 6176<\/strong><\/p>\n<p>erityisluokanopettaja Valtteri Rantanen <strong>044 793 7789<\/strong><\/p>\n<p>erityisluokanopettaja Sami Aaltonen <strong>040 1319 431<\/strong><\/p>\n<p>erityisluokanopettaja Salla Kuusela <strong>050 432 3657<\/strong><\/p>\n<p>erityisluokanopettaja\u00a0Tomas T\u00f6rn\u00a0<strong>040\u00a0592 0283<\/strong><\/p>\n<p>&nbsp;<\/p>\n<p>liikunta Hanna Rantanen\u00a0<strong>040\u00a0591 8411<\/strong><\/p>\n<p>tekninen ty\u00f6 Miikka Lahtinen\u00a0<strong>044\u00a0907 4394<\/strong><\/p>\n<p>opetuskeitti\u00f6t\u00a0<strong>044\u00a0907 4396<\/strong><\/p>\n<p>&nbsp;<\/p>\n<p>Rieskal\u00e4hteen koulun opiskeluhuolto varha.fi-verkkosivuilla:<\/p>\n<p><a href=\"https:\/\/www.varha.fi\/fi\/asiointikanavat\/rieskalahteen-koulun-opiskeluhuolto-turku\">Rieskal\u00e4hteen koulun opiskeluhuolto, Turku | Varha<\/a><\/p>\n<p>terveydenhoitaja Pia Gr\u00f6nblom <strong>040\u00a0149 5448<\/strong><\/p>\n<p>koulupsykologi Marika Fagerstr\u00f6m\u00a0<strong>050\u00a0432 3178<\/strong><\/p>\n<p>koulukuraattori Iiro Nikkola <strong>040 6208965<br \/>\n<\/strong><\/p>\n<p>&nbsp;<\/p>\n<p>valmistava opetus<\/p>\n<p>Mirella Arola <strong>040 183 7443<\/strong><\/p>\n<p>Mia Kallio <strong>044 907 5571<\/strong><\/p>\n<p>Essi Tamminen <strong>044 907 4838<\/strong><\/p>\n<p>&nbsp;<\/p>\n<p>siistij\u00e4t\u00a0<strong>050\u00a0471 3909<\/strong><\/p>\n<p>koulun keitti\u00f6 Hannele Viili\u00a0<strong>040\u00a0195 1912<\/strong><\/p>\n<p>kiinteist\u00f6nhoito\u00a0<strong>050 434 9281<\/strong><\/p>\n<p>&nbsp;<\/p>\n<p><strong>s\u00e4hk\u00f6posti:<\/strong> etunimi.sukunimi@edu.turku.fi<\/p>\n<p>Terveydenhoitajan, kuraattorin ja koulupsykologin s\u00e4hk\u00f6postiosoite on muotoa <em>etunimi.sukunimi@varha.fi<\/em>.<\/p>\n<p>&nbsp;<\/p>\n<p>&nbsp;<\/p>\n<p>&nbsp;<\/p>\n<p>&nbsp;<\/p>\n","protected":false},"excerpt":{"rendered":"<p>Rieskal\u00e4hteen koulu J\u00f6llintie 3,\u00a020300\u00a0Turku N\u00e4yt\u00e4 kartta Suomenkielisen perusopetuksen oppilasalueet &nbsp; rehtori Tuomas Kankaanp\u00e4\u00e4 \u00a0044 907 4944 tuomas.kankaanpaa@edu.turku.fi apulaisrehtori Marko Rantanen 044\u00a0907 4395 vararehtori Ilari Sairanen 044 907 4928 koulusihteeri Anna Salmi 044 907 4820 opettajainhuoneet B-siipi 040 586 0894 D-siipi 040\u00a0586 3167 turvallisuusvastaava Miikka Lahtinen\u00a0044\u00a0907 4394 oppilaanohjaaja Anna R\u00e4s\u00e4nen 040 199 5906 oppilaanohjaaja Nina Saari\u00a0 &hellip; <a href=\"https:\/\/blog.edu.turku.fi\/rieskalahteenkoulu\/yhteystiedot\/\" class=\"more-link\">Jatka lukemista<span class=\"screen-reader-text\"> &#8221;Yhteystiedot&#8221;<\/span><\/a><\/p>\n","protected":false},"author":137,"featured_media":0,"parent":0,"menu_order":0,"comment_status":"closed","ping_status":"closed","template":"","meta":{"footnotes":""},"class_list":["post-4","page","type-page","status-publish","hentry"],"_links":{"self":[{"href":"https:\/\/blog.edu.turku.fi\/rieskalahteenkoulu\/wp-json\/wp\/v2\/pages\/4","targetHints":{"allow":["GET"]}}],"collection":[{"href":"https:\/\/blog.edu.turku.fi\/rieskalahteenkoulu\/wp-json\/wp\/v2\/pages"}],"about":[{"href":"https:\/\/blog.edu.turku.fi\/rieskalahteenkoulu\/wp-json\/wp\/v2\/types\/page"}],"author":[{"embeddable":true,"href":"https:\/\/blog.edu.turku.fi\/rieskalahteenkoulu\/wp-json\/wp\/v2\/users\/137"}],"replies":[{"embeddable":true,"href":"https:\/\/blog.edu.turku.fi\/rieskalahteenkoulu\/wp-json\/wp\/v2\/comments?post=4"}],"version-history":[{"count":165,"href":"https:\/\/blog.edu.turku.fi\/rieskalahteenkoulu\/wp-json\/wp\/v2\/pages\/4\/revisions"}],"predecessor-version":[{"id":3058,"href":"https:\/\/blog.edu.turku.fi\/rieskalahteenkoulu\/wp-json\/wp\/v2\/pages\/4\/revisions\/3058"}],"wp:attachment":[{"href":"https:\/\/blog.edu.turku.fi\/rieskalahteenkoulu\/wp-json\/wp\/v2\/media?parent=4"}],"curies":[{"name":"wp","href":"https:\/\/api.w.org\/{rel}","templated":true}]}}