{"id":2995,"date":"2025-09-12T10:50:01","date_gmt":"2025-09-12T07:50:01","guid":{"rendered":"https:\/\/blog.edu.turku.fi\/rieskalahteenkoulu\/?page_id=2995"},"modified":"2025-09-12T10:52:30","modified_gmt":"2025-09-12T07:52:30","slug":"kiva-koulu-tehdaan-yhdessa","status":"publish","type":"page","link":"https:\/\/blog.edu.turku.fi\/rieskalahteenkoulu\/kiva-koulu-tehdaan-yhdessa\/","title":{"rendered":"KiVa Koulu tehd\u00e4\u00e4n yhdess\u00e4!"},"content":{"rendered":"<p>KiVa Koulu\u00ae on Turun yliopistossa kehitetty n\u00e4ytt\u00f6\u00f6n perustuva kiusaamisen vastainen toimenpideohjelma. KiVassa pyrit\u00e4\u00e4n ehk\u00e4isem\u00e4\u00e4n kiusaamista ennalta. Kiusaamisen vastaisen kulttuurin luominen edellytt\u00e4\u00e4 koko kouluyhteis\u00f6n sitoutumista; siit\u00e4 huolehtimista, ettei kukaan j\u00e4\u00e4 syrj\u00e4\u00e4n tai tule huonosti kohdelluksi. Pitkin vuotta systemaattisesti pidett\u00e4vill\u00e4 KiVa-oppitunneilla avulla voidaan vaikuttaa oppilasryhmien normeihin ja siihen, miten lapset ja nuoret toimivat kiusaamista havaitessaan. T\u00e4m\u00e4 edellytt\u00e4\u00e4 my\u00f6s kaikilta yhteis\u00f6n aikuisilta selke\u00e4\u00e4 viesti\u00e4 siit\u00e4, ett\u00e4 kiusaamista ei hyv\u00e4ksyt\u00e4. Toinen tavoite on tehokas puuttuminen esille tuleviin kiusaamistapauksiin: t\u00e4h\u00e4n KiVa tarjoaa selke\u00e4t ohjeet, joiden takana on vahva tutkimusn\u00e4ytt\u00f6.<\/p>\n<p><span style=\"text-decoration: underline\"><b>Toivomme:<\/b><\/span>\u200b<\/p>\n<ul>\n<li><span data-usefontface=\"false\" data-contrast=\"none\">Aina ilmoitusta kiusaamiseen liittyv\u00e4st\u00e4 huolesta<\/span>\u200b<\/li>\n<li><span data-usefontface=\"false\" data-contrast=\"none\">Luottamusta siihen, ett\u00e4 koulun aikuiset kykenev\u00e4t hoitamaan asiaa eteenp\u00e4in<\/span>\u200b<\/li>\n<li><span data-usefontface=\"false\" data-contrast=\"none\">Kiusaamisen vastaista asennetta ja sen v\u00e4litt\u00e4mist\u00e4 omalle nuorisolle<\/span>\u200b<\/li>\n<li><span data-usefontface=\"false\" data-contrast=\"none\">Huollettavien kanssa kotona k\u00e4yt\u00e4vi\u00e4 keskusteluita ja asioista kertomaan sek\u00e4 puhumaan rohkaisemista!<\/span><\/li>\n<\/ul>\n<p><strong>K\u00e4y tutustumassa KiVa koulun kiusaamisen vastaisiin toimenpiteisiin kotona ja koulussa:<\/strong><a href=\"http:\/\/www.kivakoulu.fi\/toimenpiteet_kotona\" target=\"_blank\" rel=\"noopener noreferrer\"><br \/>\n<\/a><a href=\"https:\/\/www.kivakoulu.fi\/vanhemmille\/\" target=\"_blank\" rel=\"noopener noreferrer\">https:\/\/www.kivakoulu.fi\/vanhemmille\/<\/a><\/p>\n","protected":false},"excerpt":{"rendered":"<p>KiVa Koulu\u00ae on Turun yliopistossa kehitetty n\u00e4ytt\u00f6\u00f6n perustuva kiusaamisen vastainen toimenpideohjelma. KiVassa pyrit\u00e4\u00e4n ehk\u00e4isem\u00e4\u00e4n kiusaamista ennalta. Kiusaamisen vastaisen kulttuurin luominen edellytt\u00e4\u00e4 koko kouluyhteis\u00f6n sitoutumista; siit\u00e4 huolehtimista, ettei kukaan j\u00e4\u00e4 syrj\u00e4\u00e4n tai tule huonosti kohdelluksi. Pitkin vuotta systemaattisesti pidett\u00e4vill\u00e4 KiVa-oppitunneilla avulla voidaan vaikuttaa oppilasryhmien normeihin ja siihen, miten lapset ja nuoret toimivat kiusaamista havaitessaan. T\u00e4m\u00e4 edellytt\u00e4\u00e4 &hellip; <a href=\"https:\/\/blog.edu.turku.fi\/rieskalahteenkoulu\/kiva-koulu-tehdaan-yhdessa\/\" class=\"more-link\">Jatka lukemista<span class=\"screen-reader-text\"> &#8221;KiVa Koulu tehd\u00e4\u00e4n yhdess\u00e4!&#8221;<\/span><\/a><\/p>\n","protected":false},"author":3566,"featured_media":0,"parent":0,"menu_order":0,"comment_status":"closed","ping_status":"closed","template":"","meta":{"footnotes":""},"class_list":["post-2995","page","type-page","status-publish","hentry"],"_links":{"self":[{"href":"https:\/\/blog.edu.turku.fi\/rieskalahteenkoulu\/wp-json\/wp\/v2\/pages\/2995","targetHints":{"allow":["GET"]}}],"collection":[{"href":"https:\/\/blog.edu.turku.fi\/rieskalahteenkoulu\/wp-json\/wp\/v2\/pages"}],"about":[{"href":"https:\/\/blog.edu.turku.fi\/rieskalahteenkoulu\/wp-json\/wp\/v2\/types\/page"}],"author":[{"embeddable":true,"href":"https:\/\/blog.edu.turku.fi\/rieskalahteenkoulu\/wp-json\/wp\/v2\/users\/3566"}],"replies":[{"embeddable":true,"href":"https:\/\/blog.edu.turku.fi\/rieskalahteenkoulu\/wp-json\/wp\/v2\/comments?post=2995"}],"version-history":[{"count":2,"href":"https:\/\/blog.edu.turku.fi\/rieskalahteenkoulu\/wp-json\/wp\/v2\/pages\/2995\/revisions"}],"predecessor-version":[{"id":2997,"href":"https:\/\/blog.edu.turku.fi\/rieskalahteenkoulu\/wp-json\/wp\/v2\/pages\/2995\/revisions\/2997"}],"wp:attachment":[{"href":"https:\/\/blog.edu.turku.fi\/rieskalahteenkoulu\/wp-json\/wp\/v2\/media?parent=2995"}],"curies":[{"name":"wp","href":"https:\/\/api.w.org\/{rel}","templated":true}]}}