{"id":2992,"date":"2025-09-09T15:29:57","date_gmt":"2025-09-09T12:29:57","guid":{"rendered":"https:\/\/blog.edu.turku.fi\/rieskalahteenkoulu\/?page_id=2992"},"modified":"2025-09-09T15:29:57","modified_gmt":"2025-09-09T12:29:57","slug":"wilma-ohjeet","status":"publish","type":"page","link":"https:\/\/blog.edu.turku.fi\/rieskalahteenkoulu\/wilma-ohjeet\/","title":{"rendered":"Wilma-ohjeet"},"content":{"rendered":"<header class=\"entry-header\">\n<h1 class=\"entry-title\">Wilma-ohjeet<\/h1>\n<\/header>\n<div class=\"entry-content\">\n<h2 class=\"xmsonormal\"><strong>Huoltajan Wilma-tunnuksen tekeminen Suomi.fi-tunnistautumisen<\/strong><br \/>\n<strong>avulla<\/strong><\/h2>\n<p>Lapsen huoltajana voit tehd\u00e4 itsellesi Wilma-tunnuksen. Tunnukset tehd\u00e4\u00e4n suomi.fi-<br \/>\ntunnistautumisen avulla, jolloin huoltajatiedot haetaan Digi- ja v\u00e4est\u00f6tietoviraston kautta. Voit my\u00f6s<br \/>\nlis\u00e4t\u00e4 lapsen olemassa olevaan Wilma-k\u00e4ytt\u00e4j\u00e4tunnukseen.<\/p>\n<p>Tunnuksen tekemiseen tarvitset henkil\u00f6kohtaisen s\u00e4hk\u00f6postiosoitteen tai olemassa olevan Wilma-<br \/>\ntunnuksen. Lis\u00e4ksi tarvitset verkkopankkitunnukset tai mobiilivarmenteen, jotta voit tunnistautua<br \/>\nvahvasti suomi.fi palveluun.<\/p>\n<p>K\u00e4ytt\u00e4j\u00e4tunnuksen tekeminen pit\u00e4\u00e4 tehd\u00e4 internet-selaimella. Wilman puhelinsovelluksen k\u00e4ytt\u00f6 ei<br \/>\nole mahdollista.<\/p>\n<p>Jos sinulla ei ole mahdollisuutta tehd\u00e4 k\u00e4ytt\u00e4j\u00e4tunnusta t\u00e4m\u00e4n ohjeen mukaan, ota yhteytt\u00e4 lapsesi<br \/>\nkouluun.<\/p>\n<p><strong>Wilma-tunnuksen tekeminen, jos sinulla ei ole tunnusta Turun kaupungin Wilmaan<\/strong><\/p>\n<p>1. Mene selaimella osoitteeseen https:\/\/turku.inschool.fi\/connect<\/p>\n<p>2. Kirjoita s\u00e4hk\u00f6postiosoitteesi sille varattuun kentt\u00e4\u00e4n ja paina \u201dL\u00e4het\u00e4 varmistusviesti\u201d \u2013<br \/>\npainiketta.<\/p>\n<p>3. Avaa s\u00e4hk\u00f6postiisi tullut varmistusviesti ja klikkaa viestiss\u00e4 olevaa linkki\u00e4.<\/p>\n<p>4. S\u00e4hk\u00f6postin linkki vie takaisin Turun kaupungin Wilmaan. Paina \u201dSeuraava\u201d -painiketta.<\/p>\n<p>5. Valitse asiointikouluksi lapsen koulu ja paina \u201dSeuraava\u201d-painiketta.<\/p>\n<p>6. Suomi.fi-tunnistautuminen-kohdassa siirry tekem\u00e4\u00e4n Suomi.fi-tunnistautuminen painamalla<br \/>\n\u201dSiirry tunnistautumiseen\u201d -painiketta.<\/p>\n<p>7. Tunnistaudu palveluun valitsemallasi tunnistautumistavalla ja jatka palveluun.<\/p>\n<p>8. Wilma-tunnukset\/Avainkoodit- sivulla valitse \u201dhuoltajatiedot saatavilla Digi- ja v\u00e4est\u00f6viraston<br \/>\nkautta\u201d ja paina \u201dHae huollettavasi\u201d -painiketta.<\/p>\n<p>9. Valitse lapsi, jonka haluat lis\u00e4t\u00e4 Wilma-tunnukseen ja paina \u201dValitse ja siirry asiointipalve-<br \/>\nluun\u201d -painiketta.<\/p>\n<p>10. Palaat takaisin Wilmaan. Wilma-tunnukset\/Avainkoodit -sivulla n\u00e4et lis\u00e4\u00e4m\u00e4si lapsen<br \/>\nRoolit-osiossa. Paina \u201dSeuraava\u201d-painiketta.<\/p>\n<p>11. K\u00e4ytt\u00e4j\u00e4n tiedot -sivulla n\u00e4et omat tietosi. Paina \u201dSeuraava\u201d-painiketta.<\/p>\n<p>12. Keksi tunnuksellesi salasana ja kirjoita se molempiin Salasana-kenttiin. Paina \u201dSeuraava\u201d \u2013<br \/>\npainiketta.<\/p>\n<p>13. Tarkista tiedot ja paina \u201dLuo tunnus\u201d -painiketta.<\/p>\n<p>14. Wilma ilmoittaa sinulle lopuksi, ett\u00e4 k\u00e4ytt\u00e4j\u00e4tunnuksen luominen onnistui. Klikkaa Takaisin<br \/>\netusivulle -linkki\u00e4 ja kirjaudu t\u00e4m\u00e4n j\u00e4lkeen Wilmaan.<\/p>\n<p><strong>Jos unohdat salasanasi, saat tilattua uuden salasanan s\u00e4hk\u00f6postiisi (samaan s\u00e4hk\u00f6postiin, jolla olet luonut tunnuksen). Klikkaa etusivulta \u201dUnohditko salasanasi?\u201d -linkki\u00e4, ja saat s\u00e4hk\u00f6postiisi ohjeet salasanan vaihtamiseen.<\/strong><\/p>\n<\/div>\n","protected":false},"excerpt":{"rendered":"<p>Wilma-ohjeet Huoltajan Wilma-tunnuksen tekeminen Suomi.fi-tunnistautumisen avulla Lapsen huoltajana voit tehd\u00e4 itsellesi Wilma-tunnuksen. Tunnukset tehd\u00e4\u00e4n suomi.fi- tunnistautumisen avulla, jolloin huoltajatiedot haetaan Digi- ja v\u00e4est\u00f6tietoviraston kautta. Voit my\u00f6s lis\u00e4t\u00e4 lapsen olemassa olevaan Wilma-k\u00e4ytt\u00e4j\u00e4tunnukseen. Tunnuksen tekemiseen tarvitset henkil\u00f6kohtaisen s\u00e4hk\u00f6postiosoitteen tai olemassa olevan Wilma- tunnuksen. Lis\u00e4ksi tarvitset verkkopankkitunnukset tai mobiilivarmenteen, jotta voit tunnistautua vahvasti suomi.fi palveluun. K\u00e4ytt\u00e4j\u00e4tunnuksen tekeminen pit\u00e4\u00e4 &hellip; <a href=\"https:\/\/blog.edu.turku.fi\/rieskalahteenkoulu\/wilma-ohjeet\/\" class=\"more-link\">Jatka lukemista<span class=\"screen-reader-text\"> &#8221;Wilma-ohjeet&#8221;<\/span><\/a><\/p>\n","protected":false},"author":3566,"featured_media":0,"parent":0,"menu_order":0,"comment_status":"closed","ping_status":"closed","template":"","meta":{"footnotes":""},"class_list":["post-2992","page","type-page","status-publish","hentry"],"_links":{"self":[{"href":"https:\/\/blog.edu.turku.fi\/rieskalahteenkoulu\/wp-json\/wp\/v2\/pages\/2992","targetHints":{"allow":["GET"]}}],"collection":[{"href":"https:\/\/blog.edu.turku.fi\/rieskalahteenkoulu\/wp-json\/wp\/v2\/pages"}],"about":[{"href":"https:\/\/blog.edu.turku.fi\/rieskalahteenkoulu\/wp-json\/wp\/v2\/types\/page"}],"author":[{"embeddable":true,"href":"https:\/\/blog.edu.turku.fi\/rieskalahteenkoulu\/wp-json\/wp\/v2\/users\/3566"}],"replies":[{"embeddable":true,"href":"https:\/\/blog.edu.turku.fi\/rieskalahteenkoulu\/wp-json\/wp\/v2\/comments?post=2992"}],"version-history":[{"count":1,"href":"https:\/\/blog.edu.turku.fi\/rieskalahteenkoulu\/wp-json\/wp\/v2\/pages\/2992\/revisions"}],"predecessor-version":[{"id":2994,"href":"https:\/\/blog.edu.turku.fi\/rieskalahteenkoulu\/wp-json\/wp\/v2\/pages\/2992\/revisions\/2994"}],"wp:attachment":[{"href":"https:\/\/blog.edu.turku.fi\/rieskalahteenkoulu\/wp-json\/wp\/v2\/media?parent=2992"}],"curies":[{"name":"wp","href":"https:\/\/api.w.org\/{rel}","templated":true}]}}