{"id":2982,"date":"2025-08-28T14:03:54","date_gmt":"2025-08-28T11:03:54","guid":{"rendered":"https:\/\/blog.edu.turku.fi\/rieskalahteenkoulu\/?page_id=2982"},"modified":"2025-10-08T10:53:18","modified_gmt":"2025-10-08T07:53:18","slug":"koulupoissaolot","status":"publish","type":"page","link":"https:\/\/blog.edu.turku.fi\/rieskalahteenkoulu\/koulupoissaolot\/","title":{"rendered":"Koulupoissaolot"},"content":{"rendered":"<h3><span class=\"TextRun SCXP180728112 BCX8\" lang=\"FI-FI\" xml:lang=\"FI-FI\" data-scheme-color=\"@000000,1,\" data-usefontface=\"false\" data-contrast=\"none\"><span class=\"NormalTextRun SCXP180728112 BCX8\">Lains\u00e4\u00e4d\u00e4nt\u00f6 tukee koulunk\u00e4ynti\u00e4<\/span><\/span><\/h3>\n<p data-ccp-props=\"{&quot;335551550&quot;:1,&quot;335551620&quot;:1,&quot;335559683&quot;:0,&quot;335559685&quot;:0,&quot;335559731&quot;:0,&quot;335559737&quot;:0,&quot;335562764&quot;:2,&quot;335562765&quot;:1.07,&quot;335562766&quot;:4,&quot;335562767&quot;:0,&quot;335562768&quot;:4,&quot;335562769&quot;:8}\"><span data-usefontface=\"false\" data-contrast=\"none\">1.8.2023 voimaan tulleen lains\u00e4\u00e4d\u00e4nn\u00f6n mukaan: <\/span>\u200b<\/p>\n<ul>\n<li><b><span data-usefontface=\"false\" data-contrast=\"none\">Koulutuksen j\u00e4rjest\u00e4j\u00e4: <\/span><\/b><span data-usefontface=\"false\" data-contrast=\"none\">Ennaltaehk\u00e4ist\u00e4 perusopetukseen osallistuvan <\/span><span data-usefontface=\"false\" data-contrast=\"none\">oppilaan poissaoloja sek\u00e4 seurata ja puuttua niihin suunnitelmallisesti. <\/span><span data-usefontface=\"false\" data-contrast=\"none\">Opetuksen j\u00e4rjest\u00e4j\u00e4n tulee ilmoittaa luvattomista poissaoloista oppilaan <\/span><span data-usefontface=\"false\" data-contrast=\"none\">huoltajalle.(Perusopetuslain 26 \u00a7:n 2 momentin mukaan (947\/2022). <\/span>\u200b<\/li>\n<li><b><span data-usefontface=\"false\" data-contrast=\"none\">Koulu: <\/span><\/b><span data-usefontface=\"false\" data-contrast=\"none\">Luo turvallisen ja viihtyis\u00e4n kouluymp\u00e4rist\u00f6n.<\/span>\u200b<\/li>\n<li><b><span data-usefontface=\"false\" data-contrast=\"none\">Opettaja: <\/span><\/b><span data-usefontface=\"false\" data-contrast=\"none\">Poissaolojen merkint\u00e4 ja seuranta (Wilma).<\/span>\u200b<\/li>\n<li><b><span data-usefontface=\"false\" data-contrast=\"none\">Huoltaja: <\/span><\/b><span data-usefontface=\"false\" data-contrast=\"none\">Velvollisuus ilmoittaa oppilaan poissaolosta mahdollisimman <\/span><span data-usefontface=\"false\" data-contrast=\"none\">nopeasti. Oppivelvollisen huoltajan on huolehdittava siit\u00e4, ett\u00e4 oppivelvollinen <\/span><span data-usefontface=\"false\" data-contrast=\"none\">suorittaa oppivelvollisuuden.<\/span><\/li>\n<\/ul>\n<h3><span class=\"TextRun SCXP83951688 BCX8\" lang=\"FI-FI\" xml:lang=\"FI-FI\" data-scheme-color=\"@000000,1,\" data-usefontface=\"false\" data-contrast=\"none\"><span class=\"NormalTextRun SCXP83951688 BCX8\">Turun kaupungin perusopetuksen <\/span><\/span><span class=\"TextRun SCXP83951688 BCX8\" lang=\"FI-FI\" xml:lang=\"FI-FI\" data-scheme-color=\"@000000,1,\" data-usefontface=\"false\" data-contrast=\"none\"><span class=\"NormalTextRun SCXP83951688 BCX8\">poissaoloihin puuttumisen malli<\/span><\/span><\/h3>\n<ul style=\"font-weight: 400\">\n<li data-aria-posinset=\"1\" data-aria-level=\"1\"><span data-usefontface=\"false\" data-contrast=\"none\">Turun koulupoissaolomallissa on poissaolojen ennaltaehk\u00e4isev\u00e4 ja varhainen puuttuminen keski\u00f6ss\u00e4. <\/span><span data-usefontface=\"false\" data-contrast=\"none\">Opettajat ja huoltajat saavat automaattisesti oppilaan poissaolokoosteen Wilmaan 50, 100 ja 150 <\/span><span data-usefontface=\"false\" data-contrast=\"none\">poissaolotunnin t\u00e4ytytty\u00e4. Rehtorit saavat poissaolokoosteen 100 ja 150 tunnin t\u00e4yttyess\u00e4.<\/span>\u200b<\/li>\n<li data-aria-posinset=\"2\" data-aria-level=\"1\"><span data-usefontface=\"false\" data-contrast=\"none\">Poissaolorajat perustuvat tutkittuun tietoon, opetus- ja kulttuuriministeri\u00f6n ohjaukseen ja alueelliseen sek\u00e4 <\/span><span data-usefontface=\"false\" data-contrast=\"none\">paikalliseen kehitt\u00e4misty\u00f6h\u00f6n. Ongelmalliset poissaolot halutaan havaita varhain, sill\u00e4 runsas <\/span><span data-usefontface=\"false\" data-contrast=\"none\">koulupoissaolojen m\u00e4\u00e4r\u00e4 heikent\u00e4\u00e4 oppimista, koulu- ja luokkayhteis\u00f6\u00f6n kiinnittymist\u00e4 ja lis\u00e4\u00e4 <\/span><span data-usefontface=\"false\" data-contrast=\"none\">syrj\u00e4ytymisen riski\u00e4. <\/span>\u200b<\/li>\n<li data-aria-posinset=\"3\" data-aria-level=\"1\"><span data-usefontface=\"false\" data-contrast=\"none\">Luokanopettaja\/-ohjaaja huomioi jokaisen oppilaan tilanteen yksil\u00f6llisesti poissaolorajojen ylittyess\u00e4 ja k\u00e4y <\/span><span data-usefontface=\"false\" data-contrast=\"none\">l\u00e4pi poissaolojen syit\u00e4. Samalla selvitet\u00e4\u00e4n poissaolojen vaikutus opiskeluun ja mahdollisen lis\u00e4tuen tarve. <\/span><span data-usefontface=\"false\" data-contrast=\"none\">Luokanopettajan\/-ohjaajan tekem\u00e4n tilannearvion mukaan sovitaan yhdess\u00e4 oppilaan ja huoltajan kanssa <\/span><span data-usefontface=\"false\" data-contrast=\"none\">toimenpiteist\u00e4 ja seurannasta. Oppilaan koulunk\u00e4ynti\u00e4 ja oppimista tuetaan tarpeen mukaan yhteisty\u00f6ss\u00e4 <\/span><span data-usefontface=\"false\" data-contrast=\"none\">opiskeluhuoltohenkil\u00f6st\u00f6n kanssa. MAR-palaveri (moniammatillinen asiantuntijaryhm\u00e4) j\u00e4rjestet\u00e4\u00e4n <\/span><span data-usefontface=\"false\" data-contrast=\"none\">opettajan tilannearvion mukaisesti ja tarpeen vaatiessa.<\/span><\/li>\n<\/ul>\n<p>&nbsp;<\/p>\n<p>Lis\u00e4tietoja:<\/p>\n<p><a href=\"https:\/\/blog.edu.turku.fi\/rieskalahteenkoulu\/files\/2025\/08\/Koulupoissaoloihin_puuttuminen_ohjeistus_huoltajille-lv2025-2026.pptx\" target=\"_blank\" rel=\"noopener\">Koulupoissaoloihin puuttuminen ohjeistus huoltajille lv. 2025-2026<\/a><\/p>\n","protected":false},"excerpt":{"rendered":"<p>Lains\u00e4\u00e4d\u00e4nt\u00f6 tukee koulunk\u00e4ynti\u00e4 1.8.2023 voimaan tulleen lains\u00e4\u00e4d\u00e4nn\u00f6n mukaan: \u200b Koulutuksen j\u00e4rjest\u00e4j\u00e4: Ennaltaehk\u00e4ist\u00e4 perusopetukseen osallistuvan oppilaan poissaoloja sek\u00e4 seurata ja puuttua niihin suunnitelmallisesti. Opetuksen j\u00e4rjest\u00e4j\u00e4n tulee ilmoittaa luvattomista poissaoloista oppilaan huoltajalle.(Perusopetuslain 26 \u00a7:n 2 momentin mukaan (947\/2022). \u200b Koulu: Luo turvallisen ja viihtyis\u00e4n kouluymp\u00e4rist\u00f6n.\u200b Opettaja: Poissaolojen merkint\u00e4 ja seuranta (Wilma).\u200b Huoltaja: Velvollisuus ilmoittaa oppilaan poissaolosta mahdollisimman &hellip; <a href=\"https:\/\/blog.edu.turku.fi\/rieskalahteenkoulu\/koulupoissaolot\/\" class=\"more-link\">Jatka lukemista<span class=\"screen-reader-text\"> &#8221;Koulupoissaolot&#8221;<\/span><\/a><\/p>\n","protected":false},"author":3566,"featured_media":0,"parent":0,"menu_order":0,"comment_status":"closed","ping_status":"closed","template":"","meta":{"footnotes":""},"class_list":["post-2982","page","type-page","status-publish","hentry"],"_links":{"self":[{"href":"https:\/\/blog.edu.turku.fi\/rieskalahteenkoulu\/wp-json\/wp\/v2\/pages\/2982","targetHints":{"allow":["GET"]}}],"collection":[{"href":"https:\/\/blog.edu.turku.fi\/rieskalahteenkoulu\/wp-json\/wp\/v2\/pages"}],"about":[{"href":"https:\/\/blog.edu.turku.fi\/rieskalahteenkoulu\/wp-json\/wp\/v2\/types\/page"}],"author":[{"embeddable":true,"href":"https:\/\/blog.edu.turku.fi\/rieskalahteenkoulu\/wp-json\/wp\/v2\/users\/3566"}],"replies":[{"embeddable":true,"href":"https:\/\/blog.edu.turku.fi\/rieskalahteenkoulu\/wp-json\/wp\/v2\/comments?post=2982"}],"version-history":[{"count":6,"href":"https:\/\/blog.edu.turku.fi\/rieskalahteenkoulu\/wp-json\/wp\/v2\/pages\/2982\/revisions"}],"predecessor-version":[{"id":3008,"href":"https:\/\/blog.edu.turku.fi\/rieskalahteenkoulu\/wp-json\/wp\/v2\/pages\/2982\/revisions\/3008"}],"wp:attachment":[{"href":"https:\/\/blog.edu.turku.fi\/rieskalahteenkoulu\/wp-json\/wp\/v2\/media?parent=2982"}],"curies":[{"name":"wp","href":"https:\/\/api.w.org\/{rel}","templated":true}]}}