{"id":2848,"date":"2024-10-10T13:58:31","date_gmt":"2024-10-10T10:58:31","guid":{"rendered":"https:\/\/blog.edu.turku.fi\/rieskalahteenkoulu\/?page_id=2848"},"modified":"2026-02-25T13:13:05","modified_gmt":"2026-02-25T10:13:05","slug":"liikuntapainotus","status":"publish","type":"page","link":"https:\/\/blog.edu.turku.fi\/rieskalahteenkoulu\/liikuntapainotus\/","title":{"rendered":"Liikuntapainotus"},"content":{"rendered":"<p>Rieskal\u00e4hteen koulussa toimii lukuvuodesta 2025-2026 alkaen liikuntapainotteinen yleisvalmennuslinja.<\/p>\n<p>Rieskal\u00e4hteen liikuntapainotteisessa yl\u00e4koulussa Turussa aloittaa opintonsa eri lajien urheilijoita. Liikuntapainotukseen valitut ovat oppilaat jaettuna normaalissa kouluty\u00f6ss\u00e4 kahdelle eri luokalle, mutta liikunta- ja harjoitusajat ovat liikuntapainotuksessa oleville yhten\u00e4iset. Koulu tarjoaa liikuntapainotukseen valituille noin 6-8 tuntia liikuntaa sek\u00e4 harjoitteluaikaa kouluviikkoon.<\/p>\n<p>Liikuntatuntien sis\u00e4ll\u00f6iss\u00e4 korostetaan yleisi\u00e4 fyysisi\u00e4 ominaisuuksia ja motorisia perustaitoja.<\/p>\n<p>Rieskal\u00e4hteen liikuntapainotukseen valitaan vuosittain max. 27 oppilasta. Valinnat tehd\u00e4\u00e4n valtakunnallisen soveltuvuuskokeen perusteella.<\/p>\n<p>Oppilasvalinnat tehd\u00e4\u00e4n pisteiden perusteella. Jos oppilaan pisteet eiv\u00e4t riit\u00e4 1. hakutoiveeseen, katsotaan riitt\u00e4v\u00e4tk\u00f6 pisteet 2. tai 3. hakutoiveeseen. Ensimm\u00e4isest\u00e4 hakutoiveesta ei saa lis\u00e4pisteit\u00e4.<\/p>\n<p><a href=\"https:\/\/blog.edu.turku.fi\/rieskalahteenkoulu\/files\/2024\/10\/Nayttokuva_10-10-2024_1560_www.urheiluakatemia.fi_.jpeg\"><img loading=\"lazy\" decoding=\"async\" class=\"alignnone size-medium wp-image-2868\" src=\"https:\/\/blog.edu.turku.fi\/rieskalahteenkoulu\/files\/2024\/10\/Nayttokuva_10-10-2024_1560_www.urheiluakatemia.fi_-320x137.jpeg\" alt=\"\" width=\"320\" height=\"137\" srcset=\"https:\/\/blog.edu.turku.fi\/rieskalahteenkoulu\/files\/2024\/10\/Nayttokuva_10-10-2024_1560_www.urheiluakatemia.fi_-320x137.jpeg 320w, https:\/\/blog.edu.turku.fi\/rieskalahteenkoulu\/files\/2024\/10\/Nayttokuva_10-10-2024_1560_www.urheiluakatemia.fi_.jpeg 1024w\" sizes=\"auto, (max-width: 320px) 85vw, 320px\" \/><\/a>Lukuj\u00e4rjestys on suuntaa antava ja muutokset ovat mahdollisia.<\/p>\n<p>Lis\u00e4tietoja: <a href=\"https:\/\/www.urheiluakatemia.fi\/\" target=\"_blank\" rel=\"noopener\">Turun Seudun Urheiluakatemia<\/a><\/p>\n<p>&nbsp;<\/p>\n<p><b><span data-contrast=\"auto\">HAKU URHEILULUOKALLE 2026-2027<\/span><\/b><span data-ccp-props=\"{&quot;201341983&quot;:0,&quot;335559740&quot;:240}\">\u00a0<\/span><\/p>\n<p><b><span data-contrast=\"auto\">Rieskal\u00e4hteen koulun urheiluluokalla on yleisvalmennuslinja. <\/span><\/b><\/p>\n<p><span data-contrast=\"auto\">Oppilas voi hakea Turun urheiluluokkahaussa kolmelle eri linjalle. Ensimm\u00e4isen\u00e4 vaihtoehtona voi valita lajilinjan tai yleisvalmennuslinjan ja toisena ja kolmantena vaihtoehtona yleisvalmennuslinjan.\u00a0<\/span><span data-ccp-props=\"{&quot;201341983&quot;:0,&quot;335559740&quot;:240}\">\u00a0<\/span><\/p>\n<p><span class=\"TextRun SCXW256307182 BCX8\" lang=\"FI-FI\" xml:lang=\"FI-FI\" data-contrast=\"none\"><span class=\"NormalTextRun SCXW256307182 BCX8\">Hakijan on hyv\u00e4 huomioida, ett\u00e4 urheiluseurojen aamuharjoittelutoiminta on seurojen hallinnoimaa<\/span><span class=\"NormalTextRun SCXW256307182 BCX8\"> ja urheiluluokkapaikka ei automaattisesti tarkoita paikkaa oman lajin aamuharjoituksissa<\/span><span class=\"NormalTextRun SCXW256307182 BCX8\">. <\/span><span class=\"NormalTextRun SCXW256307182 BCX8\">Urheiluluokkapaikka mahdollistaa oppilaalle <\/span><span class=\"NormalTextRun SCXW256307182 BCX8\">aamuharjoitteluaja<\/span><span class=\"NormalTextRun SCXW256307182 BCX8\">t<\/span> <span class=\"NormalTextRun SCXW256307182 BCX8\">lukuj\u00e4rjestykseen <\/span><span class=\"NormalTextRun SCXW256307182 BCX8\">ja moni<\/span><span class=\"NormalTextRun SCXW256307182 BCX8\">puolisen<\/span><span class=\"NormalTextRun SCXW256307182 BCX8\"> yleisvalmennukse<\/span><span class=\"NormalTextRun SCXW256307182 BCX8\">n<\/span><span class=\"NormalTextRun SCXW256307182 BCX8\">.<\/span><span class=\"NormalTextRun SCXW256307182 BCX8\"> Aamuharjoittelusta tulee siis sopia oman urheiluseuran kanssa.\u00a0<\/span><\/span><span class=\"EOP SCXW256307182 BCX8\" data-ccp-props=\"{&quot;201341983&quot;:0,&quot;335559740&quot;:240}\">\u00a0<\/span><\/p>\n<p><span data-contrast=\"auto\">Oppilasvalinnat urheiluluokkien lajilinjoille tehd\u00e4\u00e4n soveltuvuuskokeen ja lajitestien perusteella. Yleisvalmennuslinjalle oppilasvalinnat tehd\u00e4\u00e4n pelk\u00e4n soveltuvuuskokeen perusteella. Lis\u00e4tietoja valintamenettelyst\u00e4 ja urheiluluokkatoiminnasta koulun esittelytilaisuudessa ja koulun kotisivuilta.\u00a0<\/span><span data-ccp-props=\"{&quot;201341983&quot;:0,&quot;335559740&quot;:240}\">\u00a0<\/span><\/p>\n<p><b><span data-contrast=\"auto\">Koulumme esittelytilaisuus j\u00e4rjestet\u00e4\u00e4n torstaina 4.12.2025 klo 18.00-19.30 Rieskal\u00e4hteen koulun ruokasalissa (J\u00f6llintie 3 202300 Turku).<\/span><\/b><span data-ccp-props=\"{&quot;201341983&quot;:0,&quot;335559740&quot;:240}\">\u00a0<\/span><\/p>\n<p><span data-contrast=\"auto\">Lis\u00e4tietoja<\/span> <span data-contrast=\"auto\">koulumme urheiluluokkahakuun liittyen: Rieskal\u00e4hteen koulun apulaisrehtori Marko Rantanen (marko.rantanen@edu.turku.fi) 0449074395. <\/span><span data-ccp-props=\"{&quot;201341983&quot;:0,&quot;335559740&quot;:240}\">\u00a0<\/span><\/p>\n<p><span data-ccp-props=\"{&quot;201341983&quot;:0,&quot;335559740&quot;:240}\">\u00a0<\/span><\/p>\n<p>Hakemus tulee tehd\u00e4 <strong>viimeist\u00e4\u00e4n maanantaihin 12.1.2026 klo 16 menness\u00e4.<\/strong><\/p>\n<p><b><span data-contrast=\"auto\">Testeihin ei l\u00e4hetet\u00e4 erillist\u00e4 kutsua.<\/span><\/b><\/p>\n<p>&nbsp;<\/p>\n<p><b><span data-contrast=\"auto\">Turkulaiset hakijat \u2013 hakeminen ja paikan vastaanottaminen<\/span><\/b><span data-ccp-props=\"{&quot;201341983&quot;:0,&quot;335559740&quot;:240}\">\u00a0<\/span><\/p>\n<p><span data-contrast=\"none\">Turkulaiset oppilaat hakevat urheiluluokalle Wilmassa. <\/span><span data-contrast=\"auto\">Hakija voi hakea Turun urheiluluokkahaussa kolmelle eri linjalle. Ensimm\u00e4isen\u00e4 vaihtoehtona voi valita lajilinjan tai yleisvalmennuslinjan ja toisena ja kolmantena vaihtoehtona yleisvalmennuslinjan.<\/span><span data-ccp-props=\"{&quot;201341983&quot;:0,&quot;335559740&quot;:240}\">\u00a0<\/span><\/p>\n<p><span data-contrast=\"none\">P\u00e4\u00e4t\u00f6s urheiluluokkapaikasta ilmoitetaan huoltajille Wilmassa Turun kaupungin erikseen ilmoittaman aikataulun mukaan.\u00a0<\/span><\/p>\n<p><span data-contrast=\"auto\">Urheiluluokkapaikka otetaan vastaan Wilmassa viimeist\u00e4\u00e4n kolmen p\u00e4iv\u00e4n kuluessa p\u00e4\u00e4t\u00f6ksen tiedoksisaannista.<\/span><\/p>\n<p><span data-ccp-props=\"{&quot;201341983&quot;:0,&quot;335559740&quot;:240}\">\u00a0<\/span><\/p>\n<p><b><span data-contrast=\"none\">Vieraspaikkakuntalaiset hakijat \u2013 hakeminen ja paikan vastaanottaminen<\/span><\/b><span data-ccp-props=\"{&quot;201341983&quot;:0,&quot;335559740&quot;:240}\">\u00a0<\/span><\/p>\n<p><span data-contrast=\"none\">Vieraspaikkakuntalaiset hakijat l\u00e4hett\u00e4v\u00e4t <\/span><a href=\"https:\/\/www.turku.fi\/sites\/default\/files\/document\/turun_kaupunki_hakemus_urheiluluokalle_1.pdf\"><span data-contrast=\"none\">t\u00e4m\u00e4n hakemuksen<\/span><\/a> <span data-contrast=\"auto\">osoitteeseen <\/span><a href=\"mailto:liikuntaluokka@edu.turku.fi\"><span data-contrast=\"none\">liikuntaluokka@edu.turku.fi<\/span><\/a><span data-contrast=\"auto\">. Kirjoita s\u00e4hk\u00f6postin otsikkoon, mihin urheiluyl\u00e4kouluun ensisijainen hakutoive on osoitettu. Urheiluluokalle hyv\u00e4ksyttyjen vieraspaikkakuntalaisten oppilaiden tulee lis\u00e4ksi toimittaa\u202f<\/span><a href=\"https:\/\/www.turku.fi\/sites\/default\/files\/document\/turun-kaupunki-vieraskuntalaishakemus_0.pdf\"><span data-contrast=\"none\">vieraskuntalaishakemus<\/span><\/a><span data-contrast=\"auto\">\u202fennen lopullista p\u00e4\u00e4t\u00f6st\u00e4 oppilaspaikasta osoitteeseen tuomas.kankaanpaa@edu.turku.fi.\u00a0<\/span><\/p>\n<p><span data-contrast=\"none\">P\u00e4\u00e4t\u00f6kset urheiluluokkapaikasta ilmoitetaan hakijoille Wilmassa (turkulaiset hakijat) tai s\u00e4hk\u00f6postilla (vieraskuntalaiset).\u00a0<\/span><\/p>\n<p><span data-contrast=\"auto\">Jos vieraspaikkakuntalainen hakija hakee Turun urheiluluokan lis\u00e4ksi oman asuinpaikkakuntansa urheilu- tai liikuntaluokalle, on hakijan osallistuttava ainakin Turun koulujen soveltuvuuskokeisiin. Soveltuvuuskokeiden pisteiden siirtoa Turun testeist\u00e4 oman asuinpaikkakunnan liikunta- ja urheiluluokkahakuun voi pyyt\u00e4\u00e4: <\/span><a href=\"mailto:patrik.pakkala@edu.turku.fi\"><span data-contrast=\"none\">patrik.pakkala@edu.turku.fi<\/span><\/a><span data-contrast=\"auto\">. Hakija voi osallistua halutessaan molempien hakukaupunkien soveltuvuuskokeisiin, t\u00e4ll\u00f6in valinnoissa hy\u00f6dynnet\u00e4\u00e4n aina kyseisen kaupungin koetulosta.\u202f<\/span><\/p>\n<p><span data-ccp-props=\"{&quot;201341983&quot;:0,&quot;335559740&quot;:240}\">\u00a0<\/span><\/p>\n<p><b><span data-contrast=\"auto\">Soveltuvuuskoe<\/span><\/b><span data-ccp-props=\"{&quot;201341983&quot;:0,&quot;335559740&quot;:240}\">\u00a0<\/span><\/p>\n<p><span data-contrast=\"auto\">Kaikkien urheiluluokalle hakevien on suoritettava valtakunnallinen soveltuvuuskoe <\/span><a href=\"http:\/\/www.soveltuvuuskoe.fi\/\"><span data-contrast=\"none\">www.soveltuvuuskoe.fi. <\/span><\/a><span data-contrast=\"auto\">Turun soveltuvuuskokeessa on kuusi osiota, joista heikoin j\u00e4tet\u00e4\u00e4n huomioimatta pisteytyksess\u00e4. Turun koulujen haussa ei ole k\u00e4yt\u00f6ss\u00e4 koulukohtaista osaa.\u00a0\u00a0<\/span><span data-ccp-props=\"{&quot;201341983&quot;:0,&quot;335559740&quot;:240}\">\u00a0<\/span><\/p>\n<p><span data-contrast=\"none\">Rieskal\u00e4hteen koulun<\/span><span data-contrast=\"auto\"> soveltuvuuskoe<\/span><span data-contrast=\"none\"> j\u00e4rjestet\u00e4\u00e4n <strong>21.1.2026 <\/strong><\/span><span data-contrast=\"auto\">Kupittaan palloiluhallissa (Lemmink\u00e4isenkatu 32a). Hakijoita ohjataan klo 8.30-8.45 pukutiloihin. Yhteinen alkul\u00e4mmittely ja ohjeistus alkaa klo 9.00.\u00a0<\/span><span data-ccp-props=\"{&quot;201341983&quot;:0,&quot;335559740&quot;:240}\">\u00a0<\/span><\/p>\n<p><span data-ccp-props=\"{&quot;201341983&quot;:0,&quot;335559740&quot;:240}\">\u00a0<\/span><\/p>\n<p><b><span data-contrast=\"auto\">Soveltuvuuskokeeseen osallistujan ohjeet:\u00a0<\/span><\/b><span data-ccp-props=\"{&quot;201341983&quot;:0,&quot;335559740&quot;:240}\">\u00a0<\/span><\/p>\n<ul>\n<li><span data-contrast=\"auto\">Halliin sis\u00e4\u00e4n vain hakijat, ei vanhempia tai muuta yleis\u00f6\u00e4\u00a0<\/span><span data-ccp-props=\"{&quot;201341983&quot;:0,&quot;335559740&quot;:240}\">\u00a0<\/span><\/li>\n<li><span data-contrast=\"auto\">Mukaan sis\u00e4liikuntavarusteet, sis\u00e4keng\u00e4t, juotavaa ja ev\u00e4st\u00e4 (testeiss\u00e4 ei ole j\u00e4rjestetty\u00e4 ruokailua)<\/span><span data-ccp-props=\"{&quot;201341983&quot;:0,&quot;335559740&quot;:240}\">\u00a0<\/span><\/li>\n<li><span data-contrast=\"auto\">Soveltuvuuskokeita voi harjoitella etuk\u00e4teen (<\/span><a href=\"http:\/\/www.soveltuvuuskoe.fi\/\"><span data-contrast=\"none\">www.soveltuvuuskoe.fi<\/span><\/a><span data-contrast=\"auto\">)\u00a0<\/span><span data-ccp-props=\"{&quot;201341983&quot;:0,&quot;335559740&quot;:240}\">\u00a0<\/span><\/li>\n<li><span data-contrast=\"auto\">Sairaudet ja vammat ilmoitettava etuk\u00e4teen l\u00e4\u00e4k\u00e4rintodistuksella Rieskal\u00e4hteen apulaisrehtori Marko Rantaselle (marko.rantanen@edu.turku.fi), p. 0449074395<\/span><\/li>\n<li><span data-contrast=\"auto\">Soveltuvuuskoe p\u00e4\u00e4ttyy ryhmitt\u00e4in porrastetusti noin klo 14.00-15.00<\/span><\/li>\n<\/ul>\n<p>Soveltuvuuskokeen varatesti j\u00e4rjestet\u00e4\u00e4n ke 4.2.2026 (kokoontuminen klo 9.30) Kupittaan palloiluhallissa. Varatesti tarjolla vain eritt\u00e4in painavista syist\u00e4, esim. ennen varsinaista testip\u00e4iv\u00e4\u00e4 toimitetulla l\u00e4\u00e4k\u00e4rintodistuksella. <span data-ccp-props=\"{&quot;201341983&quot;:0,&quot;335559740&quot;:240}\">\u00a0<\/span><\/p>\n<p><span data-ccp-props=\"{&quot;201341983&quot;:0,&quot;335559740&quot;:240}\">\u00a0<\/span><\/p>\n<p><b><span data-contrast=\"auto\">Lajilinjojen lajitestit<\/span><\/b><span data-ccp-props=\"{&quot;201341983&quot;:0,&quot;335559740&quot;:240}\">\u00a0<\/span><\/p>\n<p><span data-contrast=\"auto\">Kaikkien lajilinjoille hakevien on suoritettava soveltuvuuskokeen lis\u00e4ksi oman lajinsa lajitesti.<\/span><span data-ccp-props=\"{&quot;201341983&quot;:0,&quot;335559740&quot;:240}\">\u00a0<\/span><\/p>\n<p><span data-contrast=\"auto\">Yleisvalmennuslinjalle oppilasvalinnat tehd\u00e4\u00e4n pelk\u00e4n soveltuvuuskokeen perusteella.<\/span><span data-ccp-props=\"{&quot;201341983&quot;:0,&quot;335559740&quot;:240}\">\u00a0<\/span><\/p>\n<p><span data-ccp-props=\"{&quot;201341983&quot;:0,&quot;335559740&quot;:240}\">\u00a0<\/span><\/p>\n<p><b><span data-contrast=\"auto\">Hakijoiden pisteytys\u00a0<\/span><\/b><span data-ccp-props=\"{&quot;201341983&quot;:0,&quot;335559740&quot;:240}\">\u00a0<\/span><\/p>\n<p><span data-contrast=\"auto\">Oppilasvalintoja tehd\u00e4\u00e4n pisteiden perusteella. Jos oppilaan pisteet eiv\u00e4t riit\u00e4 1. hakutoiveeseen, katsotaan riitt\u00e4v\u00e4tk\u00f6 pisteet 2. tai 3. hakutoiveeseen. Ensimm\u00e4isest\u00e4 hakutoiveesta ei saa lis\u00e4pisteit\u00e4.\u00a0<\/span><span data-ccp-props=\"{&quot;201341983&quot;:0,&quot;335559740&quot;:240}\">\u00a0<\/span><\/p>\n<p><span data-ccp-props=\"{&quot;201341983&quot;:0,&quot;335559740&quot;:240}\">\u00a0<\/span><\/p>\n<p><b><span data-contrast=\"auto\">LIS\u00c4TIETOJA URHEILU- JA LIIKUNTALUOKKATOIMINNASTA TURUN SEUDULLA<\/span><\/b><span data-ccp-props=\"{&quot;201341983&quot;:0,&quot;335559740&quot;:240}\">\u00a0<\/span><\/p>\n<p><b><span data-contrast=\"auto\">Voit tutustua Turun seudun urheilu- ja liikuntaluokkatoimintaan laajemmin Turun Seudun Urheiluakatemian esitteen kautta: <\/span><\/b><a href=\"https:\/\/www.urheiluakatemia.fi\/ylakoulut\/\"><b><span data-contrast=\"none\">https:\/\/www.urheiluakatemia.fi\/ylakoulut\/<\/span><\/b><\/a><b><span data-contrast=\"auto\">\u00a0<\/span><\/b><span data-ccp-props=\"{&quot;201341983&quot;:0,&quot;335559740&quot;:240}\">\u00a0<\/span><\/p>\n","protected":false},"excerpt":{"rendered":"<p>Rieskal\u00e4hteen koulussa toimii lukuvuodesta 2025-2026 alkaen liikuntapainotteinen yleisvalmennuslinja. Rieskal\u00e4hteen liikuntapainotteisessa yl\u00e4koulussa Turussa aloittaa opintonsa eri lajien urheilijoita. Liikuntapainotukseen valitut ovat oppilaat jaettuna normaalissa kouluty\u00f6ss\u00e4 kahdelle eri luokalle, mutta liikunta- ja harjoitusajat ovat liikuntapainotuksessa oleville yhten\u00e4iset. Koulu tarjoaa liikuntapainotukseen valituille noin 6-8 tuntia liikuntaa sek\u00e4 harjoitteluaikaa kouluviikkoon. Liikuntatuntien sis\u00e4ll\u00f6iss\u00e4 korostetaan yleisi\u00e4 fyysisi\u00e4 ominaisuuksia ja motorisia perustaitoja. &hellip; <a href=\"https:\/\/blog.edu.turku.fi\/rieskalahteenkoulu\/liikuntapainotus\/\" class=\"more-link\">Jatka lukemista<span class=\"screen-reader-text\"> &#8221;Liikuntapainotus&#8221;<\/span><\/a><\/p>\n","protected":false},"author":137,"featured_media":0,"parent":0,"menu_order":0,"comment_status":"closed","ping_status":"closed","template":"","meta":{"footnotes":""},"class_list":["post-2848","page","type-page","status-publish","hentry"],"_links":{"self":[{"href":"https:\/\/blog.edu.turku.fi\/rieskalahteenkoulu\/wp-json\/wp\/v2\/pages\/2848","targetHints":{"allow":["GET"]}}],"collection":[{"href":"https:\/\/blog.edu.turku.fi\/rieskalahteenkoulu\/wp-json\/wp\/v2\/pages"}],"about":[{"href":"https:\/\/blog.edu.turku.fi\/rieskalahteenkoulu\/wp-json\/wp\/v2\/types\/page"}],"author":[{"embeddable":true,"href":"https:\/\/blog.edu.turku.fi\/rieskalahteenkoulu\/wp-json\/wp\/v2\/users\/137"}],"replies":[{"embeddable":true,"href":"https:\/\/blog.edu.turku.fi\/rieskalahteenkoulu\/wp-json\/wp\/v2\/comments?post=2848"}],"version-history":[{"count":29,"href":"https:\/\/blog.edu.turku.fi\/rieskalahteenkoulu\/wp-json\/wp\/v2\/pages\/2848\/revisions"}],"predecessor-version":[{"id":3065,"href":"https:\/\/blog.edu.turku.fi\/rieskalahteenkoulu\/wp-json\/wp\/v2\/pages\/2848\/revisions\/3065"}],"wp:attachment":[{"href":"https:\/\/blog.edu.turku.fi\/rieskalahteenkoulu\/wp-json\/wp\/v2\/media?parent=2848"}],"curies":[{"name":"wp","href":"https:\/\/api.w.org\/{rel}","templated":true}]}}