{"id":18,"date":"2012-05-21T18:29:34","date_gmt":"2012-05-21T15:29:34","guid":{"rendered":"https:\/\/blog.edu.turku.fi\/rieskalahteenkoulu\/?page_id=18"},"modified":"2026-02-17T14:58:49","modified_gmt":"2026-02-17T11:58:49","slug":"koulu","status":"publish","type":"page","link":"https:\/\/blog.edu.turku.fi\/rieskalahteenkoulu\/koulu\/","title":{"rendered":"Koulu"},"content":{"rendered":"<p><a href=\"https:\/\/youtu.be\/rGucv8Ai1kU\">Rieskal\u00e4hteen koulun esittelyvideo<\/a><\/p>\n<p>Rieskal\u00e4hteen koulu on yli 700 oppilaan ja noin 70:n opettajan ja koulunk\u00e4ynninohjaajan ty\u00f6paikka Turussa, V\u00e4tin kaupunginosassa Satakunnantien ja Tampereentien v\u00e4liss\u00e4. Koulu sijaitsee kukkulan p\u00e4\u00e4ll\u00e4 pientaloalueen ymp\u00e4r\u00f6im\u00e4n\u00e4. Turun keskustaan matkaa on noin 3 km.<\/p>\n<p>Koulussa on matematiikkaluokka sek\u00e4 liikuntapainotteista opetusta yleisvalmennuslinjalla. Oppilaskohtaista tukea toteutetaan Rieskal\u00e4hteell\u00e4 pienryhmien ohella my\u00f6s erityisluokissa, joita on kaikilla luokka-asteilla. Uutena koululla on lukuvuonna 2025-26 aloittanut my\u00f6s joustavan perusopetuksen opetusryhm\u00e4. Lis\u00e4ksi koulussa tarjotaan valmistavaa opetusta.<\/p>\n<p>Koulussa toimii oppilaskunnan hallitus ja vire\u00e4\u00e4 tukioppilastoimintaa. Koulumme kerhotoiminta on monipuolista. Opettajat ovat mukavia ja auttavat mielell\u00e4\u00e4n. Koulumme ruokala Herkkurieska on palkittu yhdeksi Suomen parhaaksi ruokalaksi. Meilt\u00e4 l\u00f6ytyy my\u00f6s oma kirjasto. Kieliopintoina koulussamme opiskellaan ruotsin ja englannin lis\u00e4ksi saksaa ja espanjaa. Opiskeluhuollon ty\u00f6ntekij\u00f6iden lis\u00e4ksi koululla toimii nuorten tukena my\u00f6s koulunuorisoty\u00f6ntekij\u00e4.<\/p>\n<p><strong>L\u00f6yt\u00f6tavarat<\/strong><\/p>\n<p>K\u00e4y kyselem\u00e4ss\u00e4 koulun kansliasta kadottamiasi tavaroita. Tavaroita s\u00e4ilytet\u00e4\u00e4n rajoitettu aika.<\/p>\n<p>Vinkki: Ota f\u00f6likortin takaosasta (jossa on tunnistenumerosarja) k\u00e4nnyk\u00e4ll\u00e4 kuva. T\u00e4m\u00e4 helpottaa kortin omistajan l\u00f6ytymist\u00e4.<\/p>\n<p>&nbsp;<\/p>\n","protected":false},"excerpt":{"rendered":"<p>Rieskal\u00e4hteen koulun esittelyvideo Rieskal\u00e4hteen koulu on yli 700 oppilaan ja noin 70:n opettajan ja koulunk\u00e4ynninohjaajan ty\u00f6paikka Turussa, V\u00e4tin kaupunginosassa Satakunnantien ja Tampereentien v\u00e4liss\u00e4. Koulu sijaitsee kukkulan p\u00e4\u00e4ll\u00e4 pientaloalueen ymp\u00e4r\u00f6im\u00e4n\u00e4. Turun keskustaan matkaa on noin 3 km. Koulussa on matematiikkaluokka sek\u00e4 liikuntapainotteista opetusta yleisvalmennuslinjalla. Oppilaskohtaista tukea toteutetaan Rieskal\u00e4hteell\u00e4 pienryhmien ohella my\u00f6s erityisluokissa, joita on kaikilla luokka-asteilla. &hellip; <a href=\"https:\/\/blog.edu.turku.fi\/rieskalahteenkoulu\/koulu\/\" class=\"more-link\">Jatka lukemista<span class=\"screen-reader-text\"> &#8221;Koulu&#8221;<\/span><\/a><\/p>\n","protected":false},"author":137,"featured_media":0,"parent":0,"menu_order":0,"comment_status":"closed","ping_status":"closed","template":"","meta":{"footnotes":""},"class_list":["post-18","page","type-page","status-publish","hentry"],"_links":{"self":[{"href":"https:\/\/blog.edu.turku.fi\/rieskalahteenkoulu\/wp-json\/wp\/v2\/pages\/18","targetHints":{"allow":["GET"]}}],"collection":[{"href":"https:\/\/blog.edu.turku.fi\/rieskalahteenkoulu\/wp-json\/wp\/v2\/pages"}],"about":[{"href":"https:\/\/blog.edu.turku.fi\/rieskalahteenkoulu\/wp-json\/wp\/v2\/types\/page"}],"author":[{"embeddable":true,"href":"https:\/\/blog.edu.turku.fi\/rieskalahteenkoulu\/wp-json\/wp\/v2\/users\/137"}],"replies":[{"embeddable":true,"href":"https:\/\/blog.edu.turku.fi\/rieskalahteenkoulu\/wp-json\/wp\/v2\/comments?post=18"}],"version-history":[{"count":34,"href":"https:\/\/blog.edu.turku.fi\/rieskalahteenkoulu\/wp-json\/wp\/v2\/pages\/18\/revisions"}],"predecessor-version":[{"id":3063,"href":"https:\/\/blog.edu.turku.fi\/rieskalahteenkoulu\/wp-json\/wp\/v2\/pages\/18\/revisions\/3063"}],"wp:attachment":[{"href":"https:\/\/blog.edu.turku.fi\/rieskalahteenkoulu\/wp-json\/wp\/v2\/media?parent=18"}],"curies":[{"name":"wp","href":"https:\/\/api.w.org\/{rel}","templated":true}]}}