{"id":164,"date":"2012-08-31T14:16:07","date_gmt":"2012-08-31T11:16:07","guid":{"rendered":"https:\/\/blog.edu.turku.fi\/rieskalahteenkoulu\/?page_id=164"},"modified":"2016-10-07T10:24:17","modified_gmt":"2016-10-07T07:24:17","slug":"opetussuunnitelma","status":"publish","type":"page","link":"https:\/\/blog.edu.turku.fi\/rieskalahteenkoulu\/opetus\/opetussuunnitelma\/","title":{"rendered":"Opetussuunnitelma ja tuki"},"content":{"rendered":"<p>&nbsp;<\/p>\n<p><a href=\"https:\/\/blog.edu.turku.fi\/rieskalahteenkoulu\/files\/2016\/10\/RIESKAL\u00c4HDE-OPS-2016.pdf\">Rieskal\u00e4hteen koulun opetussuunnitelma<\/a><\/p>\n<p><a href=\"https:\/\/blog.edu.turku.fi\/rieskalahteenkoulu\/opetus\/opetussuunnitelma\/rieskalahteen_koulun_yrittajyyspolku\/\" rel=\"attachment wp-att-352\">Rieskal\u00e4hteen koulun yritt\u00e4jyyspolku<\/a><\/p>\n<p><a href=\"https:\/\/blog.edu.turku.fi\/rieskalahteenkoulu\/files\/2016\/02\/8-luokan-valinnaiset-2016-2017.pdf\">Valinnaisaineopas 8lk<\/a><\/p>\n<p><a href=\"https:\/\/blog.edu.turku.fi\/rieskalahteenkoulu\/files\/2016\/02\/9-lk-valinnaisaineet-2016-2017.pdf\">Valinnaisaineopas 9lk<\/a><\/p>\n<p><a href=\"https:\/\/blog.edu.turku.fi\/rieskalahteenkoulu\/files\/2012\/11\/Rieskal\u00e4hteen-koulun-toimintasuunnitelmaVALMIS.pdf\">Rieskal\u00e4hteen koulun toimintasuunnitelma<\/a><\/p>\n<p><a href=\"https:\/\/blog.edu.turku.fi\/rieskalahteenkoulu\/files\/2012\/11\/YTEmuokattu.pdf\">YTE portaat<\/a><\/p>\n<p>&nbsp;<\/p>\n<p>&nbsp;<\/p>\n","protected":false},"excerpt":{"rendered":"<p>&nbsp; Rieskal\u00e4hteen koulun opetussuunnitelma Rieskal\u00e4hteen koulun yritt\u00e4jyyspolku Valinnaisaineopas 8lk Valinnaisaineopas 9lk Rieskal\u00e4hteen koulun toimintasuunnitelma YTE portaat &nbsp; &nbsp;<\/p>\n","protected":false},"author":137,"featured_media":0,"parent":16,"menu_order":0,"comment_status":"closed","ping_status":"closed","template":"","meta":{"footnotes":""},"class_list":["post-164","page","type-page","status-publish","hentry"],"_links":{"self":[{"href":"https:\/\/blog.edu.turku.fi\/rieskalahteenkoulu\/wp-json\/wp\/v2\/pages\/164","targetHints":{"allow":["GET"]}}],"collection":[{"href":"https:\/\/blog.edu.turku.fi\/rieskalahteenkoulu\/wp-json\/wp\/v2\/pages"}],"about":[{"href":"https:\/\/blog.edu.turku.fi\/rieskalahteenkoulu\/wp-json\/wp\/v2\/types\/page"}],"author":[{"embeddable":true,"href":"https:\/\/blog.edu.turku.fi\/rieskalahteenkoulu\/wp-json\/wp\/v2\/users\/137"}],"replies":[{"embeddable":true,"href":"https:\/\/blog.edu.turku.fi\/rieskalahteenkoulu\/wp-json\/wp\/v2\/comments?post=164"}],"version-history":[{"count":34,"href":"https:\/\/blog.edu.turku.fi\/rieskalahteenkoulu\/wp-json\/wp\/v2\/pages\/164\/revisions"}],"predecessor-version":[{"id":1340,"href":"https:\/\/blog.edu.turku.fi\/rieskalahteenkoulu\/wp-json\/wp\/v2\/pages\/164\/revisions\/1340"}],"up":[{"embeddable":true,"href":"https:\/\/blog.edu.turku.fi\/rieskalahteenkoulu\/wp-json\/wp\/v2\/pages\/16"}],"wp:attachment":[{"href":"https:\/\/blog.edu.turku.fi\/rieskalahteenkoulu\/wp-json\/wp\/v2\/media?parent=164"}],"curies":[{"name":"wp","href":"https:\/\/api.w.org\/{rel}","templated":true}]}}