{"id":16,"date":"2012-05-21T18:29:05","date_gmt":"2012-05-21T15:29:05","guid":{"rendered":"https:\/\/blog.edu.turku.fi\/rieskalahteenkoulu\/?page_id=16"},"modified":"2026-02-17T14:58:31","modified_gmt":"2026-02-17T11:58:31","slug":"opetus","status":"publish","type":"page","link":"https:\/\/blog.edu.turku.fi\/rieskalahteenkoulu\/opetus\/","title":{"rendered":"Opetus"},"content":{"rendered":"<p>&nbsp;<\/p>\n<p><strong>YLEIST\u00c4<\/strong><\/p>\n<p>Rieskal\u00e4hteen koulu on yli 700 oppilaan ja noin 70:n opettajan ja koulunk\u00e4ynninohjaajan ty\u00f6paikka Turussa, V\u00e4tin kaupunginosassa Satakunnantien ja Tampereentien v\u00e4liss\u00e4. Koulu sijaitsee kukkulan p\u00e4\u00e4ll\u00e4 pientaloalueen ymp\u00e4r\u00f6im\u00e4n\u00e4. Turun keskustaan matkaa on noin 3 km.<\/p>\n<p>Koulussa on matematiikkaluokka sek\u00e4 liikuntapainotteista opetusta yleisvalmennuslinjalla. Oppilaskohtaista tukea toteutetaan Rieskal\u00e4hteell\u00e4 pienryhmien ohella my\u00f6s erityisluokissa, joita on kaikilla luokka-asteilla. Uutena koululla on lukuvuonna 2025-26 aloittanut my\u00f6s joustavan perusopetuksen opetusryhm\u00e4. Lis\u00e4ksi koulussa tarjotaan valmistavaa opetusta.<\/p>\n<p>Koulussa toimii oppilaskunnan hallitus ja vire\u00e4\u00e4 tukioppilastoimintaa. Koulumme kerhotoiminta on monipuolista. Opettajat ovat mukavia ja auttavat mielell\u00e4\u00e4n. Koulumme ruokala Herkkurieska on palkittu yhdeksi Suomen parhaaksi ruokalaksi. Meilt\u00e4 l\u00f6ytyy my\u00f6s oma kirjasto. Kieliopintoina koulussamme opiskellaan ruotsin ja englannin lis\u00e4ksi saksaa ja espanjaa. Opiskeluhuollon ty\u00f6ntekij\u00f6iden lis\u00e4ksi koululla toimii nuorten tukena my\u00f6s koulunuorisoty\u00f6ntekij\u00e4.<\/p>\n<p>&nbsp;<\/p>\n<p><a href=\"https:\/\/blog.edu.turku.fi\/rieskalahteenkoulu\/files\/2025\/11\/Jarjestyssaannot-2025-2026-1.pdf\" target=\"_blank\" rel=\"noopener\">J\u00e4rjestyss\u00e4\u00e4nn\u00f6t 2025-2026 <\/a>(pdf)<\/p>\n<p><strong>Koko Suomessa tulee voimaan 1.8.2025 uusi laki, joka m\u00e4\u00e4r\u00e4\u00e4 siit\u00e4, miten oppilaat saavat k\u00e4ytt\u00e4\u00e4 mobiililaitteitaan koulup\u00e4iv\u00e4n aikana. Mobiililaitteilla tarkoitetaan muun muassa \u00e4lypuhelimia, tabletteja, \u00e4lykelloja ja kuulokkeita. Turussa lakia on tarkennettu niin, ett\u00e4 mobiililaitteiden k\u00e4ytt\u00f6\u00e4 v\u00e4hennet\u00e4\u00e4n oppituntien lis\u00e4ksi v\u00e4litunneilla, retkill\u00e4 ja ruokailun aikana.<\/strong><\/p>\n<p><u>Turussa on p\u00e4\u00e4tetty, ett\u00e4 mobiililaitteita ei k\u00e4ytet\u00e4 my\u00f6sk\u00e4\u00e4n v\u00e4litunneilla, retkill\u00e4 ja ruokailun aikana.<\/u><\/p>\n<p>Kouluty\u00f6n alettua 7.elokuuta turkulaisissa peruskouluissa<\/p>\n<p><u><strong>1.\u20139. luokkien oppilaat<\/strong>\u00a0eiv\u00e4t k\u00e4yt\u00e4 mobiililaitteita koulup\u00e4iv\u00e4n aikana lainkaan ilman opettajan tai rehtorin lupaa.<\/u><\/p>\n<p><span class=\"TextRun SCXW236095802 BCX8\" lang=\"FI-FI\" xml:lang=\"FI-FI\" data-contrast=\"auto\"><span class=\"NormalTextRun SCXW236095802 BCX8\">Rieskal\u00e4hteen koulussa puhelimia s\u00e4ilytet\u00e4\u00e4n 7.8.2025 lukien oppilaiden repuissa tai laukuissa koko koulup\u00e4iv\u00e4n ajan.\u00a0<\/span><\/span><span class=\"EOP SCXW236095802 BCX8\" data-ccp-props=\"{&quot;335559685&quot;:720}\">\u00a0<\/span><\/p>\n<p>&nbsp;<\/p>\n<p><a href=\"https:\/\/blog.edu.turku.fi\/rieskalahteenkoulu\/files\/2025\/10\/Turun-kaupungin-suomenkielisen-perusopetuksen-opetussuunnitelma-1-8-2025-alkaen-1.pdf\" target=\"_blank\" rel=\"noopener\">Turun kaupungin suomenkielisen perusopetuksen opetussuunnitelma 1.8.2025 alkaen <\/a>(pdf)<\/p>\n<p><a href=\"https:\/\/blog.edu.turku.fi\/rieskalahteenkoulu\/files\/2016\/10\/RIESKAL\u00c4HDE-OPS-2016.pdf\" target=\"_blank\" rel=\"noopener\">Rieskal\u00e4hteen koulun opetussuunnitelma 2016<\/a> (pdf)<\/p>\n<p><a href=\"https:\/\/blog.edu.turku.fi\/rieskalahteenkoulu\/files\/2012\/05\/Luku-15-7-9lk.pdf\" target=\"_blank\" rel=\"noopener noreferrer\">Turun perusopetuksen opetussuunnitelma luku 15 vuosiluokat 7-9 2016 <\/a>(pdf)<\/p>\n<p><a href=\"https:\/\/www.oph.fi\/fi\/koulutus-ja-tutkinnot\/oppilaan-oppimisen-ja-osaamisen-arviointi-ja-paattoarvioinnin-kriteerit\" target=\"_blank\" rel=\"noopener\">Oppilaan oppimisen ja osaamisen arviointi ja p\u00e4\u00e4tt\u00f6arvioinnin kriteerit<\/a><\/p>\n<p>Valinnaisaineopas lukuvuodelle 2026-2027\u00a0 <a href=\"https:\/\/blog.edu.turku.fi\/rieskalahteenkoulu\/files\/2025\/11\/8-luokan-valinnaisaineopas-2026-27.pdf\" target=\"_blank\" rel=\"noopener\">8.luokka<\/a> (pdf)<\/p>\n<p>Valinnaisaineopas lukuvuodelle 2026-2027 <a href=\"https:\/\/blog.edu.turku.fi\/rieskalahteenkoulu\/files\/2026\/01\/9.lk-Valinnaiskurssiopas-2026-2027-1.pdf\" target=\"_blank\" rel=\"noopener\">9.luokka<\/a> (pdf)<\/p>\n<p>&nbsp;<\/p>\n<p>&nbsp;<\/p>\n<p>&nbsp;<\/p>\n<p>&nbsp;<\/p>\n","protected":false},"excerpt":{"rendered":"<p>&nbsp; YLEIST\u00c4 Rieskal\u00e4hteen koulu on yli 700 oppilaan ja noin 70:n opettajan ja koulunk\u00e4ynninohjaajan ty\u00f6paikka Turussa, V\u00e4tin kaupunginosassa Satakunnantien ja Tampereentien v\u00e4liss\u00e4. Koulu sijaitsee kukkulan p\u00e4\u00e4ll\u00e4 pientaloalueen ymp\u00e4r\u00f6im\u00e4n\u00e4. Turun keskustaan matkaa on noin 3 km. Koulussa on matematiikkaluokka sek\u00e4 liikuntapainotteista opetusta yleisvalmennuslinjalla. Oppilaskohtaista tukea toteutetaan Rieskal\u00e4hteell\u00e4 pienryhmien ohella my\u00f6s erityisluokissa, joita on kaikilla luokka-asteilla. Uutena &hellip; <a href=\"https:\/\/blog.edu.turku.fi\/rieskalahteenkoulu\/opetus\/\" class=\"more-link\">Jatka lukemista<span class=\"screen-reader-text\"> &#8221;Opetus&#8221;<\/span><\/a><\/p>\n","protected":false},"author":137,"featured_media":0,"parent":0,"menu_order":0,"comment_status":"closed","ping_status":"closed","template":"","meta":{"footnotes":""},"class_list":["post-16","page","type-page","status-publish","hentry"],"_links":{"self":[{"href":"https:\/\/blog.edu.turku.fi\/rieskalahteenkoulu\/wp-json\/wp\/v2\/pages\/16","targetHints":{"allow":["GET"]}}],"collection":[{"href":"https:\/\/blog.edu.turku.fi\/rieskalahteenkoulu\/wp-json\/wp\/v2\/pages"}],"about":[{"href":"https:\/\/blog.edu.turku.fi\/rieskalahteenkoulu\/wp-json\/wp\/v2\/types\/page"}],"author":[{"embeddable":true,"href":"https:\/\/blog.edu.turku.fi\/rieskalahteenkoulu\/wp-json\/wp\/v2\/users\/137"}],"replies":[{"embeddable":true,"href":"https:\/\/blog.edu.turku.fi\/rieskalahteenkoulu\/wp-json\/wp\/v2\/comments?post=16"}],"version-history":[{"count":80,"href":"https:\/\/blog.edu.turku.fi\/rieskalahteenkoulu\/wp-json\/wp\/v2\/pages\/16\/revisions"}],"predecessor-version":[{"id":3062,"href":"https:\/\/blog.edu.turku.fi\/rieskalahteenkoulu\/wp-json\/wp\/v2\/pages\/16\/revisions\/3062"}],"wp:attachment":[{"href":"https:\/\/blog.edu.turku.fi\/rieskalahteenkoulu\/wp-json\/wp\/v2\/media?parent=16"}],"curies":[{"name":"wp","href":"https:\/\/api.w.org\/{rel}","templated":true}]}}