{"id":1268,"date":"2016-09-20T10:16:29","date_gmt":"2016-09-20T07:16:29","guid":{"rendered":"https:\/\/blog.edu.turku.fi\/rieskalahteenkoulu\/?page_id=1268"},"modified":"2025-11-25T10:34:24","modified_gmt":"2025-11-25T07:34:24","slug":"vanhempainyhdistys","status":"publish","type":"page","link":"https:\/\/blog.edu.turku.fi\/rieskalahteenkoulu\/vanhempainyhdistys\/","title":{"rendered":"Vanhempainyhdistys"},"content":{"rendered":"<div>\n<div class=\"page\" title=\"Page 1\">\n<div class=\"layoutArea\">\n<div class=\"column\"><\/div>\n<\/div>\n<div class=\"layoutArea\">\n<div class=\"column\">\n<p>Rieskal\u00e4hteen koulun vanhempainyhdistys ry on perustettu 26.9.2016.<\/p>\n<\/div>\n<\/div>\n<\/div>\n<\/div>\n<p>Kaikilla Rieskal\u00e4hteen koulun oppilaiden vanhemmilla on mahdollisuus osallistua vanhempainyhdistyksen toimintaan. Yhdistyksen kokoukset ovat kaikille vanhemmille avoimia. Otamme mielell\u00e4mme vastaan ideoita ja ajatuksia siit\u00e4, miten vanhempainyhdistys voisi toimia koulun oppilaiden ja perheiden hyv\u00e4ksi.<\/p>\n<p>&nbsp;<\/p>\n<p>Yhdistyksen tarkoituksena on:<\/p>\n<p style=\"padding-left: 30px\">&#8211; Edist\u00e4\u00e4 oppilaiden, vanhempien ja koulun v\u00e4list\u00e4 yhteistoimintaa.<br \/>\n&#8211; Tukea koteja ja koulua niiden pyrkimyksess\u00e4 luoda nuorille hyv\u00e4 oppimis- ja kasvuymp\u00e4rist\u00f6.<br \/>\n&#8211; Tuoda esille vanhempien kannanottoja koulua ja kasvatusta koskevissa kysymyksiss\u00e4.<\/p>\n<div>\n<div><strong>Kaudella 2025-2026<\/strong><\/div>\n<div><\/div>\n<div>\n<p>Vanhempainyhdistyksen hallitus:<\/p>\n<div>\n<p>puheenjohtaja<strong> Anita Nieminen<\/strong><\/p>\n<p>varapuheenjohtaja <strong>Jenni Sahonen<\/strong><\/p>\n<p class=\"x_MsoNormal\">sihteeri<strong> Anita Nieminen<\/strong><\/p>\n<\/div>\n<div>\n<p class=\"x_MsoNormal\">rahastonhoitaja<strong> Jenni V\u00e4lkky<\/strong><\/p>\n<\/div>\n<div>\n<p class=\"x_MsoNormal\">j\u00e4sen <strong>Niina Kortelainen<\/strong><\/p>\n<p>j\u00e4sen<strong> Annika Haaristo<\/strong><\/p>\n<p>j\u00e4sen <strong>Kirsi Suomalainen<\/strong><\/p>\n<p>j\u00e4sen <strong>Jenni V\u00e4lkky<\/strong><\/p>\n<\/div>\n<\/div>\n<\/div>\n<p>Lis\u00e4tietoja vanhempainyhdistyksen toiminnasta saat t\u00e4lt\u00e4 sivustolta<br \/>\ntai kirjoittamalla s\u00e4hk\u00f6postia osoitteeseen rieskalahteenvy@gmail.com<br \/>\ntai <a href=\"https:\/\/www.facebook.com\/rieskalahteenvy\/?fref=ts\">Facebookista<\/a> tai <a href=\"https:\/\/www.instagram.com\/rieskanvanhempainyhdistys\/\">Instagram<\/a><\/p>\n<p>&nbsp;<\/p>\n<p>Yhdistyksen toimintaa voi tukea maksamalla kannatusmaksun.<br \/>\nRieskal\u00e4hteen koulun vanhempainyhdistys ry<br \/>\nYhdistyksen tilinumero on FI 16 5710 0420 5958 52<br \/>\nMaksaessasi kirjoita viitekentt\u00e4\u00e4n numerot 123.<\/p>\n<p>Kiit\u00e4mme kaikkia, jotka ovat osallistuneet maksamalla kannatusmaksun!<\/p>\n<p>Vanhempainyhdistys on <a href=\"http:\/\/www.vanhempainliitto.fi\/\">Suomen Vanhempainliitto ry:n<\/a> ja Turun alueellisen vanhempainyhdistyksen, <a href=\"https:\/\/www.turvary.fi\/\">Turvary ry:n<\/a> j\u00e4sen.<\/p>\n<p>Rieskal\u00e4hteen koulun vanhempainyhdistyksen <a href=\"https:\/\/blog.edu.turku.fi\/rieskalahteenkoulu\/files\/2016\/10\/Rieskal\u00e4hteen-koulun-vanhempainyhdistyksen-s\u00e4\u00e4nn\u00f6t.pdf\" target=\"_blank\" rel=\"noopener noreferrer\">s\u00e4\u00e4nn\u00f6t<\/a><\/p>\n<p>Rieskal\u00e4hteen koulun vanhempainyhdistyksen <a href=\"https:\/\/blog.edu.turku.fi\/rieskalahteenkoulu\/files\/2025\/11\/TietosuojaselosteRLVY2025.pdf\" target=\"_blank\" rel=\"attachment noopener wp-att-2253 noreferrer\">tietosuojaseloste<\/a><\/p>\n<p>&nbsp;<\/p>\n","protected":false},"excerpt":{"rendered":"<p>Rieskal\u00e4hteen koulun vanhempainyhdistys ry on perustettu 26.9.2016. Kaikilla Rieskal\u00e4hteen koulun oppilaiden vanhemmilla on mahdollisuus osallistua vanhempainyhdistyksen toimintaan. Yhdistyksen kokoukset ovat kaikille vanhemmille avoimia. Otamme mielell\u00e4mme vastaan ideoita ja ajatuksia siit\u00e4, miten vanhempainyhdistys voisi toimia koulun oppilaiden ja perheiden hyv\u00e4ksi. &nbsp; Yhdistyksen tarkoituksena on: &#8211; Edist\u00e4\u00e4 oppilaiden, vanhempien ja koulun v\u00e4list\u00e4 yhteistoimintaa. &#8211; Tukea koteja ja &hellip; <a href=\"https:\/\/blog.edu.turku.fi\/rieskalahteenkoulu\/vanhempainyhdistys\/\" class=\"more-link\">Jatka lukemista<span class=\"screen-reader-text\"> &#8221;Vanhempainyhdistys&#8221;<\/span><\/a><\/p>\n","protected":false},"author":137,"featured_media":0,"parent":0,"menu_order":0,"comment_status":"closed","ping_status":"closed","template":"","meta":{"footnotes":""},"class_list":["post-1268","page","type-page","status-publish","hentry"],"_links":{"self":[{"href":"https:\/\/blog.edu.turku.fi\/rieskalahteenkoulu\/wp-json\/wp\/v2\/pages\/1268","targetHints":{"allow":["GET"]}}],"collection":[{"href":"https:\/\/blog.edu.turku.fi\/rieskalahteenkoulu\/wp-json\/wp\/v2\/pages"}],"about":[{"href":"https:\/\/blog.edu.turku.fi\/rieskalahteenkoulu\/wp-json\/wp\/v2\/types\/page"}],"author":[{"embeddable":true,"href":"https:\/\/blog.edu.turku.fi\/rieskalahteenkoulu\/wp-json\/wp\/v2\/users\/137"}],"replies":[{"embeddable":true,"href":"https:\/\/blog.edu.turku.fi\/rieskalahteenkoulu\/wp-json\/wp\/v2\/comments?post=1268"}],"version-history":[{"count":97,"href":"https:\/\/blog.edu.turku.fi\/rieskalahteenkoulu\/wp-json\/wp\/v2\/pages\/1268\/revisions"}],"predecessor-version":[{"id":3036,"href":"https:\/\/blog.edu.turku.fi\/rieskalahteenkoulu\/wp-json\/wp\/v2\/pages\/1268\/revisions\/3036"}],"wp:attachment":[{"href":"https:\/\/blog.edu.turku.fi\/rieskalahteenkoulu\/wp-json\/wp\/v2\/media?parent=1268"}],"curies":[{"name":"wp","href":"https:\/\/api.w.org\/{rel}","templated":true}]}}