{"id":90,"date":"2014-01-15T11:50:18","date_gmt":"2014-01-15T09:50:18","guid":{"rendered":"https:\/\/blog.edu.turku.fi\/raunistula\/?page_id=90"},"modified":"2025-08-08T09:39:00","modified_gmt":"2025-08-08T06:39:00","slug":"raunistulan-yksikko-henkilosta","status":"publish","type":"page","link":"https:\/\/blog.edu.turku.fi\/raunistula\/raunistulan-yksikko-henkilosta\/","title":{"rendered":"Henkil\u00f6kunta"},"content":{"rendered":"<p>S\u00e4hk\u00f6postiosoitteet ovat muotoa etunimi.sukunimi@edu.turku.fi<\/p>\n<p><strong>Kanslia<\/strong><\/p>\n<p>rehtori Annamari Tulla<br \/>\np. 040 129 2435<\/p>\n<p>koulusihteeri Marja-Liisa Rehula<br \/>\np. 044 9074 468<br \/>\nRaunistulan yksik\u00f6ss\u00e4 to sek\u00e4 pe ja K\u00e4h\u00e4rin yksik\u00f6ss\u00e4 ma<\/p>\n<p><strong>Opiskeljahuollon henkil\u00f6st\u00f6<\/strong><\/p>\n<p>koulukuraattori Maria Eriksson<br \/>\np. 044 7104 819 (maria.eriksson@varha.fi)<\/p>\n<p>koulupsykologi Antti K\u00e4rn\u00e4<br \/>\np. 050 432 3177 (antti.karna@varha.fi)<\/p>\n<p>terveydenhoitaja Kirsi Hakala<br \/>\np. 040 1795 702 (kirsi.hakala@varha.fi)<\/p>\n<p>psykiatrinen sairaanhoitaja Pia M\u00f6ls\u00e4<br \/>\np.&nbsp; 044 9074871 (pia.molsa@varha.fi)<\/p>\n<p><strong>Koulunk\u00e4ynninohjaajat<br \/>\n<\/strong><br \/>\nRaunistulan yksikk\u00f6, p. 040 1908 527<br \/>\nMiia Anttila,&nbsp; p. 044 9075 241<br \/>\nSari Korhonen<br \/>\nKiia Kuusela<br \/>\nHanna Ryyn\u00e4nen<\/p>\n<p>K\u00e4h\u00e4rin yksikk\u00f6<br \/>\nNina Jussila, p. 040 1425 716<\/p>\n<p><strong>Keitti\u00f6<\/strong><\/p>\n<p>Rieskal\u00e4hteen koulun keitti\u00f6 p. 040 626 0309<br \/>\nRaunistulan yksik\u00f6n keitti\u00f6: Eija Kankaanp\u00e4\u00e4, p. 040 8697 246 (eija.kankaanpaa@kaarea.fi)<br \/>\nK\u00e4h\u00e4rin yksik\u00f6n keitti\u00f6: ilm. my\u00f6h.<\/p>\n<p>&nbsp;<\/p>\n<p>&nbsp;<\/p>\n<p>&nbsp;<\/p>\n","protected":false},"excerpt":{"rendered":"<p>S\u00e4hk\u00f6postiosoitteet ovat muotoa etunimi.sukunimi@edu.turku.fi Kanslia rehtori Annamari Tulla p. 040 129 2435 koulusihteeri Marja-Liisa Rehula p. 044 9074 468 Raunistulan yksik\u00f6ss\u00e4 to sek\u00e4 pe ja K\u00e4h\u00e4rin yksik\u00f6ss\u00e4 ma Opiskeljahuollon henkil\u00f6st\u00f6 koulukuraattori Maria Eriksson p. 044 7104 819 (maria.eriksson@varha.fi) koulupsykologi Antti K\u00e4rn\u00e4 p. 050 432 3177 (antti.karna@varha.fi) terveydenhoitaja Kirsi Hakala p. 040 1795 702 (kirsi.hakala@varha.fi) psykiatrinen &hellip; <a href=\"https:\/\/blog.edu.turku.fi\/raunistula\/raunistulan-yksikko-henkilosta\/\" class=\"more-link\">Jatka lukemista<span class=\"screen-reader-text\"> &#8221;Henkil\u00f6kunta&#8221;<\/span><\/a><\/p>\n","protected":false},"author":1139,"featured_media":0,"parent":0,"menu_order":0,"comment_status":"closed","ping_status":"closed","template":"","meta":{"ngg_post_thumbnail":0,"footnotes":""},"class_list":["post-90","page","type-page","status-publish","hentry"],"_links":{"self":[{"href":"https:\/\/blog.edu.turku.fi\/raunistula\/wp-json\/wp\/v2\/pages\/90","targetHints":{"allow":["GET"]}}],"collection":[{"href":"https:\/\/blog.edu.turku.fi\/raunistula\/wp-json\/wp\/v2\/pages"}],"about":[{"href":"https:\/\/blog.edu.turku.fi\/raunistula\/wp-json\/wp\/v2\/types\/page"}],"author":[{"embeddable":true,"href":"https:\/\/blog.edu.turku.fi\/raunistula\/wp-json\/wp\/v2\/users\/1139"}],"replies":[{"embeddable":true,"href":"https:\/\/blog.edu.turku.fi\/raunistula\/wp-json\/wp\/v2\/comments?post=90"}],"version-history":[{"count":90,"href":"https:\/\/blog.edu.turku.fi\/raunistula\/wp-json\/wp\/v2\/pages\/90\/revisions"}],"predecessor-version":[{"id":1597,"href":"https:\/\/blog.edu.turku.fi\/raunistula\/wp-json\/wp\/v2\/pages\/90\/revisions\/1597"}],"wp:attachment":[{"href":"https:\/\/blog.edu.turku.fi\/raunistula\/wp-json\/wp\/v2\/media?parent=90"}],"curies":[{"name":"wp","href":"https:\/\/api.w.org\/{rel}","templated":true}]}}