{"id":69,"date":"2014-01-15T11:31:04","date_gmt":"2014-01-15T09:31:04","guid":{"rendered":"https:\/\/blog.edu.turku.fi\/raunistula\/?page_id=69"},"modified":"2026-04-08T10:58:28","modified_gmt":"2026-04-08T07:58:28","slug":"etusivu-2","status":"publish","type":"page","link":"https:\/\/blog.edu.turku.fi\/raunistula\/","title":{"rendered":"Etusivu"},"content":{"rendered":"<h3>Raunistulan koulu<\/h3>\n<p><strong>Raunistulan&nbsp;koulussa<\/strong> opiskelevat perusopetuksen luokat 1-6.<br \/>\nLukukaudesta 2021-2022 alkaen kouluun kuuluu kaksi yksikk\u00f6\u00e4, Raunistulan sek\u00e4 K\u00e4h\u00e4rin yksik\u00f6t. Raunistulan yksik\u00f6ss\u00e4 toimii perusopetuksen lis\u00e4ksi Kastun p\u00e4iv\u00e4kodin esiopetusryhm\u00e4 ja kummassakin yksik\u00f6ss\u00e4 erikseen iltap\u00e4iv\u00e4kerho, jonka toiminnasta vastaavat Turku Setlementti ry (Raunistulan yksikk\u00f6, p. 045 128 9807) sek\u00e4 Tuto ry (K\u00e4h\u00e4rin ykiskk\u00f6 p. 040 131 9358).<\/p>\n","protected":false},"excerpt":{"rendered":"<p>Raunistulan koulu Raunistulan&nbsp;koulussa opiskelevat perusopetuksen luokat 1-6. Lukukaudesta 2021-2022 alkaen kouluun kuuluu kaksi yksikk\u00f6\u00e4, Raunistulan sek\u00e4 K\u00e4h\u00e4rin yksik\u00f6t. Raunistulan yksik\u00f6ss\u00e4 toimii perusopetuksen lis\u00e4ksi Kastun p\u00e4iv\u00e4kodin esiopetusryhm\u00e4 ja kummassakin yksik\u00f6ss\u00e4 erikseen iltap\u00e4iv\u00e4kerho, jonka toiminnasta vastaavat Turku Setlementti ry (Raunistulan yksikk\u00f6, p. 045 128 9807) sek\u00e4 Tuto ry (K\u00e4h\u00e4rin ykiskk\u00f6 p. 040 131 9358).<\/p>\n","protected":false},"author":1139,"featured_media":0,"parent":0,"menu_order":0,"comment_status":"closed","ping_status":"closed","template":"","meta":{"ngg_post_thumbnail":0,"footnotes":""},"class_list":["post-69","page","type-page","status-publish","hentry"],"_links":{"self":[{"href":"https:\/\/blog.edu.turku.fi\/raunistula\/wp-json\/wp\/v2\/pages\/69","targetHints":{"allow":["GET"]}}],"collection":[{"href":"https:\/\/blog.edu.turku.fi\/raunistula\/wp-json\/wp\/v2\/pages"}],"about":[{"href":"https:\/\/blog.edu.turku.fi\/raunistula\/wp-json\/wp\/v2\/types\/page"}],"author":[{"embeddable":true,"href":"https:\/\/blog.edu.turku.fi\/raunistula\/wp-json\/wp\/v2\/users\/1139"}],"replies":[{"embeddable":true,"href":"https:\/\/blog.edu.turku.fi\/raunistula\/wp-json\/wp\/v2\/comments?post=69"}],"version-history":[{"count":159,"href":"https:\/\/blog.edu.turku.fi\/raunistula\/wp-json\/wp\/v2\/pages\/69\/revisions"}],"predecessor-version":[{"id":1635,"href":"https:\/\/blog.edu.turku.fi\/raunistula\/wp-json\/wp\/v2\/pages\/69\/revisions\/1635"}],"wp:attachment":[{"href":"https:\/\/blog.edu.turku.fi\/raunistula\/wp-json\/wp\/v2\/media?parent=69"}],"curies":[{"name":"wp","href":"https:\/\/api.w.org\/{rel}","templated":true}]}}