{"id":547,"date":"2014-11-11T15:25:30","date_gmt":"2014-11-11T13:25:30","guid":{"rendered":"https:\/\/blog.edu.turku.fi\/raunistula\/?page_id=547"},"modified":"2025-08-13T16:35:37","modified_gmt":"2025-08-13T13:35:37","slug":"vanhempainyhdistys","status":"publish","type":"page","link":"https:\/\/blog.edu.turku.fi\/raunistula\/vanhempainyhdistys\/","title":{"rendered":"Vanhempain-yhdistykset"},"content":{"rendered":"<p><strong>Raunistulan yksik\u00f6n vanhempainyhdistys<\/strong><\/p>\n<p>Raunistulan koulun vanhempainyhdistyksen hallitus toivottaa kaikki koululaisten vanhemmat mukaan yhdistyksen toimintaan. Vanhemmat voivat osallistua yhdistyksen toimintaan ja tapahtumiin sek\u00e4 niiden ideoimiseen. Lis\u00e4ksi p\u00e4\u00e4set vaikuttamaan lapsenne kouluhyvinvointiin sek\u00e4 vahvistamaan koulun ja kodin yhteisty\u00f6t\u00e4.<\/p>\n<p>Vanhempainyhdistys tukee luokkaretki\u00e4, osallistuu erilaisiin v\u00e4line- ja v\u00e4lituntialue-hankitoihin ja on perinteisesti kustantanut kev\u00e4tjuhlissa jaettavat hymypatsaat sek\u00e4 ruusut kuudesluokkalaisille.<\/p>\n<p>Yhdistyksen tarkoituksena on tuottaa hyv\u00e4\u00e4, olematta kuitenkaan taloudellinen tai runsaasti aikaa tai vaivaa vaativa rasite j\u00e4senilleen. Yhdistykseen kuuluminen ei velvoita mihink\u00e4\u00e4n. Halukkaille aikaansa tai ty\u00f6panostaan tarjoaville j\u00e4senillemme yhdistys tarjoaa monenlaista puuhaa kertaluonteisesti toimijaringiss\u00e4 tai toistuvammin hallituksen johtokunnassa. Kokoukset ovat avoimia kaikille. Mukaan toimintaan p\u00e4\u00e4set tulemalla paikan p\u00e4\u00e4lle kokouksiin, tervetuloa!<\/p>\n<p>Voit liitty\u00e4 my\u00f6s<strong> facebook ryhm\u00e4\u00e4n<\/strong>; <strong>raunistulan koulun vanhempainyhdistys<\/strong>.<br \/>\nSit\u00e4 kautta saat lis\u00e4tietoa toiminnastamme.<\/p>\n<p>Yhteystiedot:<br \/>\nJenni Sahonen pj.&nbsp;<br \/>\nRaunistulan yksik\u00f6n vanhempainyhdistys<br \/>\nraunistulan.vanhempainyhdistys@gmail.com<\/p>\n<div dir=\"auto\">&nbsp;<\/div>\n<p><strong>K\u00e4h\u00e4rin yksik\u00f6n vanhempainyhdistys<\/strong><\/p>\n<p>Yhdistyksen tarkoituksena on edist\u00e4\u00e4 kodin ja koulun yhteisty\u00f6t\u00e4 sek\u00e4 tukea opettajien kasvatusty\u00f6t\u00e4. Yhdistys tuo esille vanhempien kannanottoja koulua koskevissa asioissa. Mukaan toimintaan voit tulla milloin vain riippumatta siit\u00e4, mill\u00e4 luokalla lapsesi opiskelee.<\/p>\n<p>Vanhempainyhdistys tukee luokkaretki\u00e4, osallistuu v\u00e4linehankintoihin, j\u00e4rjest\u00e4\u00e4 toimintaa koululla ja on perinteisesti kustantanut kev\u00e4tjuhlissa jaettavat hymypatsaat sek\u00e4 stipendit 1., 3. ja 5.-luokille. Vanhempainyhdistys on lis\u00e4ksi kustantanut oppilaille ruokailun j\u00e4lkeen jaettavat ksylitolipastillit.<\/p>\n<p>Saadaksesi j\u00e4senpostia, laita s\u00e4hk\u00f6postiviesti osoitteeseen <strong>paakayttaja.kaharin.vy@gmail.com<\/strong>. Voit my\u00f6s liitty\u00e4 yhdistyksen f<strong>acebook-ryhm\u00e4\u00e4n; K\u00e4h\u00e4rin koulun vanhempainyhdistys.<\/strong><\/p>\n<p>Yhdistyst\u00e4 voi kannattaa maksamalla 15 euron j\u00e4senmaksun yhdistyksen tilille FI31 1175 3000 2067 80.<\/p>\n<p>Yhteystiedot:<br \/>\nK\u00e4h\u00e4rin koulun vanhempainyhdistys<br \/>\npj. Anna-Maija Marjakangas<br \/>\n<strong>paakayttaja.kaharin.vy@gmail.com<\/strong><\/p>\n","protected":false},"excerpt":{"rendered":"<p>Raunistulan yksik\u00f6n vanhempainyhdistys Raunistulan koulun vanhempainyhdistyksen hallitus toivottaa kaikki koululaisten vanhemmat mukaan yhdistyksen toimintaan. Vanhemmat voivat osallistua yhdistyksen toimintaan ja tapahtumiin sek\u00e4 niiden ideoimiseen. Lis\u00e4ksi p\u00e4\u00e4set vaikuttamaan lapsenne kouluhyvinvointiin sek\u00e4 vahvistamaan koulun ja kodin yhteisty\u00f6t\u00e4. Vanhempainyhdistys tukee luokkaretki\u00e4, osallistuu erilaisiin v\u00e4line- ja v\u00e4lituntialue-hankitoihin ja on perinteisesti kustantanut kev\u00e4tjuhlissa jaettavat hymypatsaat sek\u00e4 ruusut kuudesluokkalaisille. Yhdistyksen tarkoituksena &hellip; <a href=\"https:\/\/blog.edu.turku.fi\/raunistula\/vanhempainyhdistys\/\" class=\"more-link\">Jatka lukemista<span class=\"screen-reader-text\"> &#8221;Vanhempain-yhdistykset&#8221;<\/span><\/a><\/p>\n","protected":false},"author":1139,"featured_media":0,"parent":0,"menu_order":0,"comment_status":"closed","ping_status":"closed","template":"","meta":{"ngg_post_thumbnail":0,"footnotes":""},"class_list":["post-547","page","type-page","status-publish","hentry"],"_links":{"self":[{"href":"https:\/\/blog.edu.turku.fi\/raunistula\/wp-json\/wp\/v2\/pages\/547","targetHints":{"allow":["GET"]}}],"collection":[{"href":"https:\/\/blog.edu.turku.fi\/raunistula\/wp-json\/wp\/v2\/pages"}],"about":[{"href":"https:\/\/blog.edu.turku.fi\/raunistula\/wp-json\/wp\/v2\/types\/page"}],"author":[{"embeddable":true,"href":"https:\/\/blog.edu.turku.fi\/raunistula\/wp-json\/wp\/v2\/users\/1139"}],"replies":[{"embeddable":true,"href":"https:\/\/blog.edu.turku.fi\/raunistula\/wp-json\/wp\/v2\/comments?post=547"}],"version-history":[{"count":81,"href":"https:\/\/blog.edu.turku.fi\/raunistula\/wp-json\/wp\/v2\/pages\/547\/revisions"}],"predecessor-version":[{"id":1603,"href":"https:\/\/blog.edu.turku.fi\/raunistula\/wp-json\/wp\/v2\/pages\/547\/revisions\/1603"}],"wp:attachment":[{"href":"https:\/\/blog.edu.turku.fi\/raunistula\/wp-json\/wp\/v2\/media?parent=547"}],"curies":[{"name":"wp","href":"https:\/\/api.w.org\/{rel}","templated":true}]}}