{"id":362,"date":"2014-04-25T11:31:23","date_gmt":"2014-04-25T08:31:23","guid":{"rendered":"https:\/\/blog.edu.turku.fi\/raunistula\/?page_id=362"},"modified":"2026-05-05T11:45:14","modified_gmt":"2026-05-05T08:45:14","slug":"alakoulun-valinnaisaineet","status":"publish","type":"page","link":"https:\/\/blog.edu.turku.fi\/raunistula\/alakoulun-valinnaisaineet\/","title":{"rendered":"Valinnaisaineet 2026-2027"},"content":{"rendered":"<p>&nbsp;<\/p>\n<p>Alla kuvana koulumme valinnaisten aineiden&nbsp; tarjonta. Kuvaa klikkaamalla saat sen suuremmaksi.&nbsp;<\/p>\n<p><a href=\"https:\/\/blog.edu.turku.fi\/raunistula\/files\/2026\/04\/valinnaiset.jpeg\"><img loading=\"lazy\" decoding=\"async\" class=\"size-medium wp-image-1644 aligncenter\" src=\"https:\/\/blog.edu.turku.fi\/raunistula\/files\/2026\/04\/valinnaiset-300x166.jpeg\" alt=\"\" width=\"300\" height=\"166\" srcset=\"https:\/\/blog.edu.turku.fi\/raunistula\/files\/2026\/04\/valinnaiset-300x166.jpeg 300w, https:\/\/blog.edu.turku.fi\/raunistula\/files\/2026\/04\/valinnaiset.jpeg 1024w\" sizes=\"auto, (max-width: 300px) 85vw, 300px\" \/><\/a><\/p>\n<p>Seuraavasta linkist\u00e4 p\u00e4\u00e4set tutustumaan koulumme tarjoamiin valinnaisaineisiin, niiden sis\u00e4lt\u00f6ihin ja tavoitteisiin.<\/p>\n<p><a href=\"https:\/\/blog.edu.turku.fi\/raunistula\/files\/2026\/05\/Valinnaisten-aineiden-tavoitteet-ja-sisallot-lv.-2026-2027.pdf\">Valinnaisten aineiden tavoitteet ja sis\u00e4ll\u00f6t lv. 2026-2027<\/a><\/p>\n<p>Seuraavasta linkist\u00e4 p\u00e4\u00e4set tutustumaan koulun matematiikkalinjan valinnaisen sis\u00e4lt\u00f6ihin.<\/p>\n<p><a href=\"https:\/\/blog.edu.turku.fi\/raunistula\/files\/2026\/05\/Valinnaisten-aineiden-tavoitteet-ja-sisallot_ma_linjat.pdf\">Valinnaisten aineiden tavoitteet ja sis\u00e4ll\u00f6t_ma_linjat<\/a><\/p>\n","protected":false},"excerpt":{"rendered":"<p>&nbsp; Alla kuvana koulumme valinnaisten aineiden&nbsp; tarjonta. Kuvaa klikkaamalla saat sen suuremmaksi.&nbsp; Seuraavasta linkist\u00e4 p\u00e4\u00e4set tutustumaan koulumme tarjoamiin valinnaisaineisiin, niiden sis\u00e4lt\u00f6ihin ja tavoitteisiin. Valinnaisten aineiden tavoitteet ja sis\u00e4ll\u00f6t lv. 2026-2027 Seuraavasta linkist\u00e4 p\u00e4\u00e4set tutustumaan koulun matematiikkalinjan valinnaisen sis\u00e4lt\u00f6ihin. Valinnaisten aineiden tavoitteet ja sis\u00e4ll\u00f6t_ma_linjat<\/p>\n","protected":false},"author":1139,"featured_media":0,"parent":0,"menu_order":0,"comment_status":"closed","ping_status":"closed","template":"","meta":{"ngg_post_thumbnail":0,"footnotes":""},"class_list":["post-362","page","type-page","status-publish","hentry"],"_links":{"self":[{"href":"https:\/\/blog.edu.turku.fi\/raunistula\/wp-json\/wp\/v2\/pages\/362","targetHints":{"allow":["GET"]}}],"collection":[{"href":"https:\/\/blog.edu.turku.fi\/raunistula\/wp-json\/wp\/v2\/pages"}],"about":[{"href":"https:\/\/blog.edu.turku.fi\/raunistula\/wp-json\/wp\/v2\/types\/page"}],"author":[{"embeddable":true,"href":"https:\/\/blog.edu.turku.fi\/raunistula\/wp-json\/wp\/v2\/users\/1139"}],"replies":[{"embeddable":true,"href":"https:\/\/blog.edu.turku.fi\/raunistula\/wp-json\/wp\/v2\/comments?post=362"}],"version-history":[{"count":22,"href":"https:\/\/blog.edu.turku.fi\/raunistula\/wp-json\/wp\/v2\/pages\/362\/revisions"}],"predecessor-version":[{"id":1659,"href":"https:\/\/blog.edu.turku.fi\/raunistula\/wp-json\/wp\/v2\/pages\/362\/revisions\/1659"}],"wp:attachment":[{"href":"https:\/\/blog.edu.turku.fi\/raunistula\/wp-json\/wp\/v2\/media?parent=362"}],"curies":[{"name":"wp","href":"https:\/\/api.w.org\/{rel}","templated":true}]}}