{"id":27,"date":"2014-01-15T10:39:23","date_gmt":"2014-01-15T08:39:23","guid":{"rendered":"https:\/\/blog.edu.turku.fi\/raunistula\/?page_id=27"},"modified":"2025-08-27T08:34:32","modified_gmt":"2025-08-27T05:34:32","slug":"opetus","status":"publish","type":"page","link":"https:\/\/blog.edu.turku.fi\/raunistula\/opetus\/","title":{"rendered":"Opetus"},"content":{"rendered":"<p><strong>Koulujen ty\u00f6- ja loma-ajat Turussa lukuvuonna 2025\u20132026&nbsp;&nbsp;&nbsp;&nbsp;&nbsp;&nbsp;&nbsp;&nbsp;&nbsp;&nbsp;&nbsp;&nbsp;&nbsp;<\/strong><\/p>\n<p>Syyslukukausi&nbsp;to 7.8. &#8211; la 20.12.2025&nbsp;<\/p>\n<ul>\n<li>Syysloma:&nbsp;ma 13.10. &#8211; su 19.10.2025 (vk 42)<\/li>\n<li>Joululoma: su 21.12.2025 &#8211; ma 6.1.2026<\/li>\n<\/ul>\n<p>Kev\u00e4tlukukausi:&nbsp;ke 7.1. &#8211; la 30.5.2026<\/p>\n<ul>\n<li>Talviloma:&nbsp;ma 16.2. &#8211; su 22.2.2026 (vk 8)<\/li>\n<li>vapaap\u00e4iv\u00e4t:<br \/>\npe 3.4. pitk\u00e4perjantai<br \/>\nma 6.4. toinen p\u00e4\u00e4si\u00e4isp\u00e4iv\u00e4<br \/>\npe 1.5. vapunp\u00e4iv\u00e4<br \/>\nto 14.5. helatorstai<\/li>\n<\/ul>\n<p>&nbsp;<\/p>\n<p>&nbsp;<\/p>\n<p>&nbsp;<\/p>\n<p>&nbsp;<\/p>\n<div dir=\"ltr\">&nbsp;<\/div>\n<div dir=\"ltr\">&nbsp;<\/div>\n<p>&nbsp;<\/p>\n","protected":false},"excerpt":{"rendered":"<p>Koulujen ty\u00f6- ja loma-ajat Turussa lukuvuonna 2025\u20132026&nbsp;&nbsp;&nbsp;&nbsp;&nbsp;&nbsp;&nbsp;&nbsp;&nbsp;&nbsp;&nbsp;&nbsp;&nbsp; Syyslukukausi&nbsp;to 7.8. &#8211; la 20.12.2025&nbsp; Syysloma:&nbsp;ma 13.10. &#8211; su 19.10.2025 (vk 42) Joululoma: su 21.12.2025 &#8211; ma 6.1.2026 Kev\u00e4tlukukausi:&nbsp;ke 7.1. &#8211; la 30.5.2026 Talviloma:&nbsp;ma 16.2. &#8211; su 22.2.2026 (vk 8) vapaap\u00e4iv\u00e4t: pe 3.4. pitk\u00e4perjantai ma 6.4. toinen p\u00e4\u00e4si\u00e4isp\u00e4iv\u00e4 pe 1.5. vapunp\u00e4iv\u00e4 to 14.5. helatorstai &nbsp; &nbsp; &nbsp; &nbsp; &hellip; <a href=\"https:\/\/blog.edu.turku.fi\/raunistula\/opetus\/\" class=\"more-link\">Jatka lukemista<span class=\"screen-reader-text\"> &#8221;Opetus&#8221;<\/span><\/a><\/p>\n","protected":false},"author":1139,"featured_media":0,"parent":0,"menu_order":0,"comment_status":"closed","ping_status":"closed","template":"","meta":{"ngg_post_thumbnail":0,"footnotes":""},"class_list":["post-27","page","type-page","status-publish","hentry"],"_links":{"self":[{"href":"https:\/\/blog.edu.turku.fi\/raunistula\/wp-json\/wp\/v2\/pages\/27","targetHints":{"allow":["GET"]}}],"collection":[{"href":"https:\/\/blog.edu.turku.fi\/raunistula\/wp-json\/wp\/v2\/pages"}],"about":[{"href":"https:\/\/blog.edu.turku.fi\/raunistula\/wp-json\/wp\/v2\/types\/page"}],"author":[{"embeddable":true,"href":"https:\/\/blog.edu.turku.fi\/raunistula\/wp-json\/wp\/v2\/users\/1139"}],"replies":[{"embeddable":true,"href":"https:\/\/blog.edu.turku.fi\/raunistula\/wp-json\/wp\/v2\/comments?post=27"}],"version-history":[{"count":29,"href":"https:\/\/blog.edu.turku.fi\/raunistula\/wp-json\/wp\/v2\/pages\/27\/revisions"}],"predecessor-version":[{"id":1610,"href":"https:\/\/blog.edu.turku.fi\/raunistula\/wp-json\/wp\/v2\/pages\/27\/revisions\/1610"}],"wp:attachment":[{"href":"https:\/\/blog.edu.turku.fi\/raunistula\/wp-json\/wp\/v2\/media?parent=27"}],"curies":[{"name":"wp","href":"https:\/\/api.w.org\/{rel}","templated":true}]}}