{"id":125,"date":"2014-01-15T12:52:38","date_gmt":"2014-01-15T10:52:38","guid":{"rendered":"https:\/\/blog.edu.turku.fi\/raunistula\/?page_id=125"},"modified":"2024-11-22T14:48:05","modified_gmt":"2024-11-22T12:48:05","slug":"matematiikkaluokka","status":"publish","type":"page","link":"https:\/\/blog.edu.turku.fi\/raunistula\/matematiikkaluokka\/","title":{"rendered":"Matematiikkalinja"},"content":{"rendered":"<p><span data-olk-copy-source=\"MessageBody\">Voit hakea matematiikkalinjalle ja muille 3. luokalta alkaville erikoisluokille tammikuussa. Koulut kutsuvat luokalle pyrkiv\u00e4t oppilaat soveltuvuustesteihin, joilla varmennetaan oppilaan riitt\u00e4v\u00e4 osaaminen ja valmius luokalla opiskeluun. Koulut j\u00e4rjest\u00e4v\u00e4t soveltuvuustestit vuosittain helmikuussa.<\/span><\/p>\n","protected":false},"excerpt":{"rendered":"<p>Voit hakea matematiikkalinjalle ja muille 3. luokalta alkaville erikoisluokille tammikuussa. Koulut kutsuvat luokalle pyrkiv\u00e4t oppilaat soveltuvuustesteihin, joilla varmennetaan oppilaan riitt\u00e4v\u00e4 osaaminen ja valmius luokalla opiskeluun. Koulut j\u00e4rjest\u00e4v\u00e4t soveltuvuustestit vuosittain helmikuussa.<\/p>\n","protected":false},"author":1139,"featured_media":0,"parent":0,"menu_order":0,"comment_status":"closed","ping_status":"closed","template":"","meta":{"ngg_post_thumbnail":0,"footnotes":""},"class_list":["post-125","page","type-page","status-publish","hentry"],"_links":{"self":[{"href":"https:\/\/blog.edu.turku.fi\/raunistula\/wp-json\/wp\/v2\/pages\/125","targetHints":{"allow":["GET"]}}],"collection":[{"href":"https:\/\/blog.edu.turku.fi\/raunistula\/wp-json\/wp\/v2\/pages"}],"about":[{"href":"https:\/\/blog.edu.turku.fi\/raunistula\/wp-json\/wp\/v2\/types\/page"}],"author":[{"embeddable":true,"href":"https:\/\/blog.edu.turku.fi\/raunistula\/wp-json\/wp\/v2\/users\/1139"}],"replies":[{"embeddable":true,"href":"https:\/\/blog.edu.turku.fi\/raunistula\/wp-json\/wp\/v2\/comments?post=125"}],"version-history":[{"count":7,"href":"https:\/\/blog.edu.turku.fi\/raunistula\/wp-json\/wp\/v2\/pages\/125\/revisions"}],"predecessor-version":[{"id":1589,"href":"https:\/\/blog.edu.turku.fi\/raunistula\/wp-json\/wp\/v2\/pages\/125\/revisions\/1589"}],"wp:attachment":[{"href":"https:\/\/blog.edu.turku.fi\/raunistula\/wp-json\/wp\/v2\/media?parent=125"}],"curies":[{"name":"wp","href":"https:\/\/api.w.org\/{rel}","templated":true}]}}