{"id":1042,"date":"2016-11-22T10:03:05","date_gmt":"2016-11-22T08:03:05","guid":{"rendered":"https:\/\/blog.edu.turku.fi\/raunistula\/?page_id=1042"},"modified":"2021-10-03T10:49:46","modified_gmt":"2021-10-03T07:49:46","slug":"kastun-yksikko-7-9","status":"publish","type":"page","link":"https:\/\/blog.edu.turku.fi\/raunistula\/kastun-yksikko-7-9\/","title":{"rendered":"Oppilaskunta"},"content":{"rendered":"<p>Perusopetuslain mukaan koululla tulee olla sen oppilaista muodostuva oppilaskunta. Oppilaskunnan ja sen toimielinten teht\u00e4v\u00e4n\u00e4 on edist\u00e4\u00e4 oppilaiden yhteistoimintaa, vaikutusmahdollisuuksia ja osallistumista. Se innostaa oppilaita esitt\u00e4m\u00e4\u00e4n n\u00e4kemyksi\u00e4\u00e4n, toimimaan ja vaikuttamaan omiin ja yhteisiin asioihin. Oppilaskunta sek\u00e4 koulun ja kunnan muut osallisuutta tukevat rakenteet ja toimintatavat tarjoavat tilaisuuksia harjoitella demokratiataitoja k\u00e4yt\u00e4nn\u00f6ss\u00e4.<\/p>\n<p>Jokaisessa koulussa oppilaskuntaa edustaa oppilasj\u00e4senist\u00e4 muodostettu hallitus, jota ohjaa oppilaskunnan ohjaaja. Alakoulujen oppilaskunnat tekev\u00e4t yhteisty\u00f6t\u00e4 Turun Lasten Parlamentin kanssa.<\/p>\n<p>Raunistulan koulussa toimii yksi oppilaskunta kummassakin yksik\u00f6ss\u00e4. Raunistulan yksik\u00f6n oppilaskunnan hallituksessa on j\u00e4seni\u00e4 jokaiselta vuosiluokilta 2-6. K\u00e4h\u00e4rin yksik\u00f6ss\u00e4 hallituksen j\u00e4senet ovat vuosiluokilta 1-6.<\/p>\n<p>Oppilaskunnan hallitukseen valitun j\u00e4senen pesti kest\u00e4\u00e4 vuoden kerrallaan. Hallituksen toimintakausi on syyskuulta toukokuulle.<\/p>\n<p>Raunistulan koulun oppilaskuntaan kuuluvat kaikki koulun oppilaat. Oppilaskunnan toiminnasta vastaa ja p\u00e4\u00e4tt\u00e4\u00e4 oppilaskunnan hallitus sek\u00e4 oppilaskuntaa ohjaavat opettajat. Rehtori vastaa yleisesti kaikesta koulun toiminnasta.<\/p>\n<p>Oppilaskunnan hallitus koostuu oppilaista, jotka on valittu \u00e4\u00e4nest\u00e4m\u00e4ll\u00e4. Vain oppilailla on \u00e4\u00e4nioikeus oppilaskunnan vaaleissa.<\/p>\n<p>Jokaisesta luokasta valitaan yksi edustaja hallitukseen. Lis\u00e4ksi h\u00e4nelle valitaan varaj\u00e4sen.<\/p>\n<p>Varsinaisen hallituksen j\u00e4senen ollessa poissa kokouksesta, varaj\u00e4sen toimii t\u00e4ysivaltaisena hallituksen j\u00e4senen\u00e4 kokouksen ajan.<\/p>\n<p>Hallituksen j\u00e4senist\u00e4 valitaan oppilaat hoitamaan seuraavia luottamusteht\u00e4vi\u00e4: puheenjohtaja, varapuheenjohtaja, sihteeri ja varasihteeri.<\/p>\n<p>Oppilaskunnan hallitus kokoontuu keskim\u00e4\u00e4rin kerran kuukaudessa sek\u00e4 tarvittaessa muuna aikana.<\/p>\n","protected":false},"excerpt":{"rendered":"<p>Perusopetuslain mukaan koululla tulee olla sen oppilaista muodostuva oppilaskunta. Oppilaskunnan ja sen toimielinten teht\u00e4v\u00e4n\u00e4 on edist\u00e4\u00e4 oppilaiden yhteistoimintaa, vaikutusmahdollisuuksia ja osallistumista. Se innostaa oppilaita esitt\u00e4m\u00e4\u00e4n n\u00e4kemyksi\u00e4\u00e4n, toimimaan ja vaikuttamaan omiin ja yhteisiin asioihin. Oppilaskunta sek\u00e4 koulun ja kunnan muut osallisuutta tukevat rakenteet ja toimintatavat tarjoavat tilaisuuksia harjoitella demokratiataitoja k\u00e4yt\u00e4nn\u00f6ss\u00e4. Jokaisessa koulussa oppilaskuntaa edustaa oppilasj\u00e4senist\u00e4 muodostettu &hellip; <a href=\"https:\/\/blog.edu.turku.fi\/raunistula\/kastun-yksikko-7-9\/\" class=\"more-link\">Jatka lukemista<span class=\"screen-reader-text\"> &#8221;Oppilaskunta&#8221;<\/span><\/a><\/p>\n","protected":false},"author":1139,"featured_media":0,"parent":0,"menu_order":0,"comment_status":"closed","ping_status":"closed","template":"","meta":{"ngg_post_thumbnail":0,"footnotes":""},"class_list":["post-1042","page","type-page","status-publish","hentry"],"_links":{"self":[{"href":"https:\/\/blog.edu.turku.fi\/raunistula\/wp-json\/wp\/v2\/pages\/1042","targetHints":{"allow":["GET"]}}],"collection":[{"href":"https:\/\/blog.edu.turku.fi\/raunistula\/wp-json\/wp\/v2\/pages"}],"about":[{"href":"https:\/\/blog.edu.turku.fi\/raunistula\/wp-json\/wp\/v2\/types\/page"}],"author":[{"embeddable":true,"href":"https:\/\/blog.edu.turku.fi\/raunistula\/wp-json\/wp\/v2\/users\/1139"}],"replies":[{"embeddable":true,"href":"https:\/\/blog.edu.turku.fi\/raunistula\/wp-json\/wp\/v2\/comments?post=1042"}],"version-history":[{"count":14,"href":"https:\/\/blog.edu.turku.fi\/raunistula\/wp-json\/wp\/v2\/pages\/1042\/revisions"}],"predecessor-version":[{"id":1459,"href":"https:\/\/blog.edu.turku.fi\/raunistula\/wp-json\/wp\/v2\/pages\/1042\/revisions\/1459"}],"wp:attachment":[{"href":"https:\/\/blog.edu.turku.fi\/raunistula\/wp-json\/wp\/v2\/media?parent=1042"}],"curies":[{"name":"wp","href":"https:\/\/api.w.org\/{rel}","templated":true}]}}