{"id":10,"date":"2015-10-19T10:57:16","date_gmt":"2015-10-19T07:57:16","guid":{"rendered":"https:\/\/blog.edu.turku.fi\/rahjekadunphy\/?page_id=10"},"modified":"2024-03-14T09:54:10","modified_gmt":"2024-03-14T07:54:10","slug":"viikarit-ja-pikkuviikarit-puh-040-716-2408","status":"publish","type":"page","link":"https:\/\/blog.edu.turku.fi\/rahjekadunpk\/viikarit-ja-pikkuviikarit-puh-040-716-2408\/","title":{"rendered":"Yhteystiedot"},"content":{"rendered":"<div class=\"entry-content\">\n<p>Rahjekatu 5, 20210 Turku <a href=\"http:\/\/opaskartta.turku.fi\/IMS\/?layers=Opaskartta&amp;cp=6705844,23456069&amp;z=2\">(Karttalinkki)<\/a><\/p>\n<p><strong>P\u00e4iv\u00e4kodinjohtaja:\u00a0<\/strong>Jaana Raitanen, puh. 050 3967035<\/p>\n<p><strong>P\u00e4\u00e4skyt: <\/strong>050 5955052<\/p>\n<p><strong>P\u00f6ll\u00f6t: <\/strong>040 5462014<\/p>\n<p><strong>Peipot: <\/strong>040 7162408<\/p>\n<p><strong>Avoin p\u00e4iv\u00e4koti Untuvikot: <\/strong>040 3528256<\/p>\n<\/div>\n<div class=\"entry-content\">\n<p>&nbsp;<\/p>\n<p>&nbsp;<\/p>\n<p>&nbsp;<\/p>\n<\/div>\n","protected":false},"excerpt":{"rendered":"<p>Rahjekatu 5, 20210 Turku (Karttalinkki) P\u00e4iv\u00e4kodinjohtaja:\u00a0Jaana Raitanen, puh. 050 3967035 P\u00e4\u00e4skyt: 050 5955052 P\u00f6ll\u00f6t: 040 5462014 Peipot: 040 7162408 Avoin p\u00e4iv\u00e4koti Untuvikot: 040 3528256 &nbsp; &nbsp; &nbsp;<\/p>\n","protected":false},"author":1558,"featured_media":0,"parent":0,"menu_order":0,"comment_status":"closed","ping_status":"closed","template":"","meta":{"footnotes":""},"class_list":["post-10","page","type-page","status-publish","hentry"],"_links":{"self":[{"href":"https:\/\/blog.edu.turku.fi\/rahjekadunpk\/wp-json\/wp\/v2\/pages\/10","targetHints":{"allow":["GET"]}}],"collection":[{"href":"https:\/\/blog.edu.turku.fi\/rahjekadunpk\/wp-json\/wp\/v2\/pages"}],"about":[{"href":"https:\/\/blog.edu.turku.fi\/rahjekadunpk\/wp-json\/wp\/v2\/types\/page"}],"author":[{"embeddable":true,"href":"https:\/\/blog.edu.turku.fi\/rahjekadunpk\/wp-json\/wp\/v2\/users\/1558"}],"replies":[{"embeddable":true,"href":"https:\/\/blog.edu.turku.fi\/rahjekadunpk\/wp-json\/wp\/v2\/comments?post=10"}],"version-history":[{"count":42,"href":"https:\/\/blog.edu.turku.fi\/rahjekadunpk\/wp-json\/wp\/v2\/pages\/10\/revisions"}],"predecessor-version":[{"id":1003,"href":"https:\/\/blog.edu.turku.fi\/rahjekadunpk\/wp-json\/wp\/v2\/pages\/10\/revisions\/1003"}],"wp:attachment":[{"href":"https:\/\/blog.edu.turku.fi\/rahjekadunpk\/wp-json\/wp\/v2\/media?parent=10"}],"curies":[{"name":"wp","href":"https:\/\/api.w.org\/{rel}","templated":true}]}}