{"id":98,"date":"2015-09-07T12:40:22","date_gmt":"2015-09-07T09:40:22","guid":{"rendered":"https:\/\/blog.edu.turku.fi\/puropeltoaidinkieli\/?page_id=98"},"modified":"2015-12-02T17:28:30","modified_gmt":"2015-12-02T15:28:30","slug":"hauskoja-huomioita","status":"publish","type":"page","link":"https:\/\/blog.edu.turku.fi\/puropeltoaidinkieli\/suomen-kieli-ja-kulttuuri\/hauskoja-huomioita\/","title":{"rendered":"Hauskoja huomioita"},"content":{"rendered":"<p><em><strong>TEHT\u00c4V\u00c4 1: Mik\u00e4 on pisin suomen kielen sana, jonka tied\u00e4t?<\/strong><\/em><\/p>\n<p>Katso, mit\u00e4 asiasta kirjoittaa Iltasanomat: <a href=\"http:\/\/www.iltasanomat.fi\/kotimaa\/art-1288571602689.html\">Suomen kielen pisin sana<\/a><\/p>\n<p><em><strong>TEHT\u00c4V\u00c4 2: Mik\u00e4 on mielest\u00e4si suomen kielen hauskin sana?<\/strong><\/em><\/p>\n<p>Katso, mit\u00e4 asiasta kirjoitetaan t\u00e4\u00e4ll\u00e4: <a href=\"http:\/\/www.kotus.fi\/nyt\/kotus-blogi\/blogiarkisto\/eero_voutilainen\/hopso_kieli.5875.blog\">Suomen kielen hauskin sana<\/a><\/p>\n<p><em><strong>TEHT\u00c4V\u00c4 3: Mik\u00e4 on mielest\u00e4si suomen kielen rumin sana? Ent\u00e4 vaikein?<\/strong><\/em><\/p>\n<p>Katso, mit\u00e4 asiasta kirjoitetaan t\u00e4\u00e4ll\u00e4: <a href=\"http:\/\/yle.fi\/vintti\/yle.fi\/naytetaankielta\/koneb8b5.html?sivu=sivu3\">N\u00e4ytet\u00e4\u00e4n kielt\u00e4!<\/a><\/p>\n<p><em><strong>TEHT\u00c4V\u00c4 4: Mik\u00e4 on mielest\u00e4si suomen kielen kaunein sana?<\/strong><\/em><\/p>\n<p>Katso, mit\u00e4 asiasta kirjoitetaan t\u00e4\u00e4ll\u00e4: <a href=\"http:\/\/www.kielikello.fi\/index.php?mid=2&amp;pid=11&amp;aid=1958\">Suomen kielen kaunein sana<\/a><\/p>\n<p><a href=\"http:\/\/yle.fi\/uutiset\/somessa_aikuinen_kirjoittaa_nuori_kuittaa__pistekin_on_turha_ja_toykea\/8396842\">Somen kieli<\/a><\/p>\n<p><a href=\"http:\/\/yle.fi\/aihe\/artikkeli\/2015\/09\/21\/sosiaalisen-median-seitseman-kaskya\">Somen 7 k\u00e4sky\u00e4<\/a><\/p>\n<p><a href=\"http:\/\/yle.fi\/uutiset\/taululle_kirjoittaminen_on_ajanhaaskausta__luennoista_luopuminen_moninkertaisti_lapaisijoiden_maaran\/8410213\">Innolla opiskelemaan!<\/a><\/p>\n","protected":false},"excerpt":{"rendered":"<p>TEHT\u00c4V\u00c4 1: Mik\u00e4 on pisin suomen kielen sana, jonka tied\u00e4t? Katso, mit\u00e4 asiasta kirjoittaa Iltasanomat: Suomen kielen pisin sana TEHT\u00c4V\u00c4 2: Mik\u00e4 on mielest\u00e4si suomen kielen hauskin sana? Katso, mit\u00e4 asiasta kirjoitetaan t\u00e4\u00e4ll\u00e4: Suomen kielen hauskin sana TEHT\u00c4V\u00c4 3: Mik\u00e4 &hellip; <a href=\"https:\/\/blog.edu.turku.fi\/puropeltoaidinkieli\/suomen-kieli-ja-kulttuuri\/hauskoja-huomioita\/\">Lue loppuun <span class=\"meta-nav\">&rarr;<\/span><\/a><\/p>\n","protected":false},"author":681,"featured_media":0,"parent":10,"menu_order":3,"comment_status":"closed","ping_status":"closed","template":"","meta":{"footnotes":""},"class_list":["post-98","page","type-page","status-publish","hentry"],"_links":{"self":[{"href":"https:\/\/blog.edu.turku.fi\/puropeltoaidinkieli\/wp-json\/wp\/v2\/pages\/98","targetHints":{"allow":["GET"]}}],"collection":[{"href":"https:\/\/blog.edu.turku.fi\/puropeltoaidinkieli\/wp-json\/wp\/v2\/pages"}],"about":[{"href":"https:\/\/blog.edu.turku.fi\/puropeltoaidinkieli\/wp-json\/wp\/v2\/types\/page"}],"author":[{"embeddable":true,"href":"https:\/\/blog.edu.turku.fi\/puropeltoaidinkieli\/wp-json\/wp\/v2\/users\/681"}],"replies":[{"embeddable":true,"href":"https:\/\/blog.edu.turku.fi\/puropeltoaidinkieli\/wp-json\/wp\/v2\/comments?post=98"}],"version-history":[{"count":7,"href":"https:\/\/blog.edu.turku.fi\/puropeltoaidinkieli\/wp-json\/wp\/v2\/pages\/98\/revisions"}],"predecessor-version":[{"id":275,"href":"https:\/\/blog.edu.turku.fi\/puropeltoaidinkieli\/wp-json\/wp\/v2\/pages\/98\/revisions\/275"}],"up":[{"embeddable":true,"href":"https:\/\/blog.edu.turku.fi\/puropeltoaidinkieli\/wp-json\/wp\/v2\/pages\/10"}],"wp:attachment":[{"href":"https:\/\/blog.edu.turku.fi\/puropeltoaidinkieli\/wp-json\/wp\/v2\/media?parent=98"}],"curies":[{"name":"wp","href":"https:\/\/api.w.org\/{rel}","templated":true}]}}