{"id":8,"date":"2015-09-07T09:57:17","date_gmt":"2015-09-07T06:57:17","guid":{"rendered":"https:\/\/blog.edu.turku.fi\/puropeltoaidinkieli\/?page_id=8"},"modified":"2015-12-02T18:01:42","modified_gmt":"2015-12-02T16:01:42","slug":"kielenhuoltoa","status":"publish","type":"page","link":"https:\/\/blog.edu.turku.fi\/puropeltoaidinkieli\/kielenhuoltoa\/","title":{"rendered":"Kielenhuoltoa"},"content":{"rendered":"<p>Mik\u00e4 tahan suomeen kieleen liittyv\u00e4 mielt\u00e4si askarruttaa, vastaus l\u00f6ytynee t\u00e4\u00e4lt\u00e4:<\/p>\n<p><a href=\"http:\/\/scripta.kotus.fi\/visk\/etusivu.php\">Iso suomen kielioppi netiss\u00e4<\/a><\/p>\n<p><a href=\"https:\/\/www.riemurasia.net\/kuva\/Uudet-valimerkit\/154882\">Uudet v\u00e4limerkit!<\/a><\/p>\n<p><a href=\"http:\/\/www.kielitohtori.fi\/kielenhuoltovinkit-ohjeartikkelit\/vuodenvaihteen-juhlien-oikeinkirjoitusvinkit\">Oikeinkirjoitusvinkit<\/a><\/p>\n<p><a href=\"http:\/\/blogit.iltalehti.fi\/eeva-liisa-sjoholm\/2013\/06\/03\/kielioppia-nykynuorille\/\">Kielioppia nykynuorille<\/a><\/p>\n<p><a href=\"https:\/\/blog.edu.turku.fi\/puropeltoaidinkieli\/files\/2015\/09\/image.jpg\"><img loading=\"lazy\" decoding=\"async\" src=\"https:\/\/blog.edu.turku.fi\/puropeltoaidinkieli\/files\/2015\/09\/image-300x193.jpg\" alt=\"Kielioppia nykynuorille\" width=\"300\" height=\"193\" class=\"alignnone size-medium wp-image-279\" srcset=\"https:\/\/blog.edu.turku.fi\/puropeltoaidinkieli\/files\/2015\/09\/image-300x193.jpg 300w, https:\/\/blog.edu.turku.fi\/puropeltoaidinkieli\/files\/2015\/09\/image-467x300.jpg 467w, https:\/\/blog.edu.turku.fi\/puropeltoaidinkieli\/files\/2015\/09\/image.jpg 595w\" sizes=\"auto, (max-width: 300px) 100vw, 300px\" \/><\/a><\/p>\n","protected":false},"excerpt":{"rendered":"<p>Mik\u00e4 tahan suomeen kieleen liittyv\u00e4 mielt\u00e4si askarruttaa, vastaus l\u00f6ytynee t\u00e4\u00e4lt\u00e4: Iso suomen kielioppi netiss\u00e4 Uudet v\u00e4limerkit! Oikeinkirjoitusvinkit Kielioppia nykynuorille<\/p>\n","protected":false},"author":681,"featured_media":0,"parent":0,"menu_order":7,"comment_status":"closed","ping_status":"closed","template":"","meta":{"footnotes":""},"class_list":["post-8","page","type-page","status-publish","hentry"],"_links":{"self":[{"href":"https:\/\/blog.edu.turku.fi\/puropeltoaidinkieli\/wp-json\/wp\/v2\/pages\/8","targetHints":{"allow":["GET"]}}],"collection":[{"href":"https:\/\/blog.edu.turku.fi\/puropeltoaidinkieli\/wp-json\/wp\/v2\/pages"}],"about":[{"href":"https:\/\/blog.edu.turku.fi\/puropeltoaidinkieli\/wp-json\/wp\/v2\/types\/page"}],"author":[{"embeddable":true,"href":"https:\/\/blog.edu.turku.fi\/puropeltoaidinkieli\/wp-json\/wp\/v2\/users\/681"}],"replies":[{"embeddable":true,"href":"https:\/\/blog.edu.turku.fi\/puropeltoaidinkieli\/wp-json\/wp\/v2\/comments?post=8"}],"version-history":[{"count":7,"href":"https:\/\/blog.edu.turku.fi\/puropeltoaidinkieli\/wp-json\/wp\/v2\/pages\/8\/revisions"}],"predecessor-version":[{"id":362,"href":"https:\/\/blog.edu.turku.fi\/puropeltoaidinkieli\/wp-json\/wp\/v2\/pages\/8\/revisions\/362"}],"wp:attachment":[{"href":"https:\/\/blog.edu.turku.fi\/puropeltoaidinkieli\/wp-json\/wp\/v2\/media?parent=8"}],"curies":[{"name":"wp","href":"https:\/\/api.w.org\/{rel}","templated":true}]}}