{"id":69,"date":"2015-09-07T11:49:22","date_gmt":"2015-09-07T08:49:22","guid":{"rendered":"https:\/\/blog.edu.turku.fi\/puropeltoaidinkieli\/?page_id=69"},"modified":"2015-09-07T11:54:06","modified_gmt":"2015-09-07T08:54:06","slug":"yhdyssanat","status":"publish","type":"page","link":"https:\/\/blog.edu.turku.fi\/puropeltoaidinkieli\/kielenhuoltoa\/yhdyssanat\/","title":{"rendered":"Yhdyssanat"},"content":{"rendered":"<p><a href=\"http:\/\/norssi.oulu.fi\/suomi\/yhdyssanat001.htm\">Yhdyssanateht\u00e4vi\u00e4<\/a><\/p>\n<p><a href=\"http:\/\/norssi.oulu.fi\/suomi\/yhdysmerkki001.htm\">Yhdysmerkkiteht\u00e4vi\u00e4<\/a><\/p>\n","protected":false},"excerpt":{"rendered":"<p>Yhdyssanateht\u00e4vi\u00e4 Yhdysmerkkiteht\u00e4vi\u00e4<\/p>\n","protected":false},"author":681,"featured_media":0,"parent":8,"menu_order":0,"comment_status":"closed","ping_status":"closed","template":"","meta":{"footnotes":""},"class_list":["post-69","page","type-page","status-publish","hentry"],"_links":{"self":[{"href":"https:\/\/blog.edu.turku.fi\/puropeltoaidinkieli\/wp-json\/wp\/v2\/pages\/69","targetHints":{"allow":["GET"]}}],"collection":[{"href":"https:\/\/blog.edu.turku.fi\/puropeltoaidinkieli\/wp-json\/wp\/v2\/pages"}],"about":[{"href":"https:\/\/blog.edu.turku.fi\/puropeltoaidinkieli\/wp-json\/wp\/v2\/types\/page"}],"author":[{"embeddable":true,"href":"https:\/\/blog.edu.turku.fi\/puropeltoaidinkieli\/wp-json\/wp\/v2\/users\/681"}],"replies":[{"embeddable":true,"href":"https:\/\/blog.edu.turku.fi\/puropeltoaidinkieli\/wp-json\/wp\/v2\/comments?post=69"}],"version-history":[{"count":2,"href":"https:\/\/blog.edu.turku.fi\/puropeltoaidinkieli\/wp-json\/wp\/v2\/pages\/69\/revisions"}],"predecessor-version":[{"id":77,"href":"https:\/\/blog.edu.turku.fi\/puropeltoaidinkieli\/wp-json\/wp\/v2\/pages\/69\/revisions\/77"}],"up":[{"embeddable":true,"href":"https:\/\/blog.edu.turku.fi\/puropeltoaidinkieli\/wp-json\/wp\/v2\/pages\/8"}],"wp:attachment":[{"href":"https:\/\/blog.edu.turku.fi\/puropeltoaidinkieli\/wp-json\/wp\/v2\/media?parent=69"}],"curies":[{"name":"wp","href":"https:\/\/api.w.org\/{rel}","templated":true}]}}