{"id":61,"date":"2015-09-07T11:43:04","date_gmt":"2015-09-07T08:43:04","guid":{"rendered":"https:\/\/blog.edu.turku.fi\/puropeltoaidinkieli\/?page_id=61"},"modified":"2015-09-19T17:56:28","modified_gmt":"2015-09-19T14:56:28","slug":"maailman-kielet","status":"publish","type":"page","link":"https:\/\/blog.edu.turku.fi\/puropeltoaidinkieli\/maailman-kielet\/","title":{"rendered":"Maailman kielet"},"content":{"rendered":"<p><a href=\"https:\/\/blog.edu.turku.fi\/puropeltoaidinkieli\/files\/2015\/09\/kiitos-eri-kielill\u00e4.jpg\"><img loading=\"lazy\" decoding=\"async\" class=\" size-medium wp-image-138 aligncenter\" src=\"https:\/\/blog.edu.turku.fi\/puropeltoaidinkieli\/files\/2015\/09\/kiitos-eri-kielill\u00e4-300x174.jpg\" alt=\"kiitos eri kielill\u00e4\" width=\"300\" height=\"174\" srcset=\"https:\/\/blog.edu.turku.fi\/puropeltoaidinkieli\/files\/2015\/09\/kiitos-eri-kielill\u00e4-300x174.jpg 300w, https:\/\/blog.edu.turku.fi\/puropeltoaidinkieli\/files\/2015\/09\/kiitos-eri-kielill\u00e4-500x291.jpg 500w, https:\/\/blog.edu.turku.fi\/puropeltoaidinkieli\/files\/2015\/09\/kiitos-eri-kielill\u00e4.jpg 716w\" sizes=\"auto, (max-width: 300px) 100vw, 300px\" \/><\/a><\/p>\n<p>K\u00e4y vastaamassa alla oleviin kysymyksiin osoitteessa <a href=\"http:\/\/padlet.com\/marika_maunu\/9E\">padlet.com\/marika_maunu\/9E<\/a><\/p>\n<p><em><strong>Mit\u00e4 kieli\u00e4 osaat? Mit\u00e4 kieli\u00e4 haluaisit oppia? Mitk\u00e4 kielet ovat mielest\u00e4si maailman valtakieli\u00e4 ja miksi?<\/strong><\/em><\/p>\n<p>K\u00e4y katsomassa PP-esitys maailman kielist\u00e4 alla olevasta linkist\u00e4:<\/p>\n<p><a href=\"https:\/\/blog.edu.turku.fi\/puropeltoaidinkieli\/files\/2015\/09\/Maailman-kielet.ppt\">Maailman kielet<\/a><\/p>\n<p>Lis\u00e4tietoa maailman kielist\u00e4 l\u00f6yd\u00e4t vaikkapa\u00a0<a href=\"http:\/\/http:\/\/www.solki.jyu.fi\/kielistakiinni\/docs\/kieletmaailmassab6.htm\">t\u00e4\u00e4lt\u00e4<\/a>.<\/p>\n","protected":false},"excerpt":{"rendered":"<p>K\u00e4y vastaamassa alla oleviin kysymyksiin osoitteessa padlet.com\/marika_maunu\/9E Mit\u00e4 kieli\u00e4 osaat? Mit\u00e4 kieli\u00e4 haluaisit oppia? Mitk\u00e4 kielet ovat mielest\u00e4si maailman valtakieli\u00e4 ja miksi? K\u00e4y katsomassa PP-esitys maailman kielist\u00e4 alla olevasta linkist\u00e4: Maailman kielet Lis\u00e4tietoa maailman kielist\u00e4 l\u00f6yd\u00e4t vaikkapa\u00a0t\u00e4\u00e4lt\u00e4.<\/p>\n","protected":false},"author":681,"featured_media":0,"parent":0,"menu_order":4,"comment_status":"closed","ping_status":"closed","template":"","meta":{"footnotes":""},"class_list":["post-61","page","type-page","status-publish","hentry"],"_links":{"self":[{"href":"https:\/\/blog.edu.turku.fi\/puropeltoaidinkieli\/wp-json\/wp\/v2\/pages\/61","targetHints":{"allow":["GET"]}}],"collection":[{"href":"https:\/\/blog.edu.turku.fi\/puropeltoaidinkieli\/wp-json\/wp\/v2\/pages"}],"about":[{"href":"https:\/\/blog.edu.turku.fi\/puropeltoaidinkieli\/wp-json\/wp\/v2\/types\/page"}],"author":[{"embeddable":true,"href":"https:\/\/blog.edu.turku.fi\/puropeltoaidinkieli\/wp-json\/wp\/v2\/users\/681"}],"replies":[{"embeddable":true,"href":"https:\/\/blog.edu.turku.fi\/puropeltoaidinkieli\/wp-json\/wp\/v2\/comments?post=61"}],"version-history":[{"count":4,"href":"https:\/\/blog.edu.turku.fi\/puropeltoaidinkieli\/wp-json\/wp\/v2\/pages\/61\/revisions"}],"predecessor-version":[{"id":228,"href":"https:\/\/blog.edu.turku.fi\/puropeltoaidinkieli\/wp-json\/wp\/v2\/pages\/61\/revisions\/228"}],"wp:attachment":[{"href":"https:\/\/blog.edu.turku.fi\/puropeltoaidinkieli\/wp-json\/wp\/v2\/media?parent=61"}],"curies":[{"name":"wp","href":"https:\/\/api.w.org\/{rel}","templated":true}]}}