{"id":36,"date":"2015-09-07T10:29:35","date_gmt":"2015-09-07T07:29:35","guid":{"rendered":"https:\/\/blog.edu.turku.fi\/puropeltoaidinkieli\/?page_id=36"},"modified":"2015-09-07T12:21:24","modified_gmt":"2015-09-07T09:21:24","slug":"saame","status":"publish","type":"page","link":"https:\/\/blog.edu.turku.fi\/puropeltoaidinkieli\/suomen-sukukielet\/saame\/","title":{"rendered":"Saame"},"content":{"rendered":"<p><a href=\"https:\/\/www.youtube.com\/watch?v=xBHF731DnYY\">Kuuntele t\u00e4st\u00e4 saamenkielist\u00e4 r\u00e4ppi\u00e4!<\/a><\/p>\n<p><em><strong>Onko saamea helppo ymm\u00e4rt\u00e4\u00e4? Mist\u00e4 kappale kertoo?<\/strong><\/em><\/p>\n","protected":false},"excerpt":{"rendered":"<p>Kuuntele t\u00e4st\u00e4 saamenkielist\u00e4 r\u00e4ppi\u00e4! Onko saamea helppo ymm\u00e4rt\u00e4\u00e4? Mist\u00e4 kappale kertoo?<\/p>\n","protected":false},"author":681,"featured_media":0,"parent":28,"menu_order":1,"comment_status":"closed","ping_status":"closed","template":"","meta":{"footnotes":""},"class_list":["post-36","page","type-page","status-publish","hentry"],"_links":{"self":[{"href":"https:\/\/blog.edu.turku.fi\/puropeltoaidinkieli\/wp-json\/wp\/v2\/pages\/36","targetHints":{"allow":["GET"]}}],"collection":[{"href":"https:\/\/blog.edu.turku.fi\/puropeltoaidinkieli\/wp-json\/wp\/v2\/pages"}],"about":[{"href":"https:\/\/blog.edu.turku.fi\/puropeltoaidinkieli\/wp-json\/wp\/v2\/types\/page"}],"author":[{"embeddable":true,"href":"https:\/\/blog.edu.turku.fi\/puropeltoaidinkieli\/wp-json\/wp\/v2\/users\/681"}],"replies":[{"embeddable":true,"href":"https:\/\/blog.edu.turku.fi\/puropeltoaidinkieli\/wp-json\/wp\/v2\/comments?post=36"}],"version-history":[{"count":2,"href":"https:\/\/blog.edu.turku.fi\/puropeltoaidinkieli\/wp-json\/wp\/v2\/pages\/36\/revisions"}],"predecessor-version":[{"id":38,"href":"https:\/\/blog.edu.turku.fi\/puropeltoaidinkieli\/wp-json\/wp\/v2\/pages\/36\/revisions\/38"}],"up":[{"embeddable":true,"href":"https:\/\/blog.edu.turku.fi\/puropeltoaidinkieli\/wp-json\/wp\/v2\/pages\/28"}],"wp:attachment":[{"href":"https:\/\/blog.edu.turku.fi\/puropeltoaidinkieli\/wp-json\/wp\/v2\/media?parent=36"}],"curies":[{"name":"wp","href":"https:\/\/api.w.org\/{rel}","templated":true}]}}