{"id":32,"date":"2015-09-07T10:29:13","date_gmt":"2015-09-07T07:29:13","guid":{"rendered":"https:\/\/blog.edu.turku.fi\/puropeltoaidinkieli\/?page_id=32"},"modified":"2018-04-06T18:37:39","modified_gmt":"2018-04-06T15:37:39","slug":"viro","status":"publish","type":"page","link":"https:\/\/blog.edu.turku.fi\/puropeltoaidinkieli\/suomen-sukukielet\/viro\/","title":{"rendered":"Viro"},"content":{"rendered":"<p><a href=\"https:\/\/www.youtube.com\/watch?v=pBDn4WTCeSg\">Kuuntele Viron edustuskappale Euroviisuissa vuonna 1996.<\/a><\/p>\n<p><em><strong>Onko viroa helppo ymm\u00e4rt\u00e4\u00e4? Mist\u00e4 kappale kertoo?<\/strong><\/em><\/p>\n<p>Tutkikaa viron kielen matkasanakirjaa ja koettakaa k\u00e4yd\u00e4 yksinkertaista keskustelua pareittain.<\/p>\n<p><a href=\"http:\/\/wikitravel.org\/fi\/Viron_matkasanakirja\">Viron matkasanakirja<\/a><\/p>\n<p><em><strong>Mik\u00e4 kieless\u00e4 on samanlaista kuin suomessa? Ent\u00e4 erilaista?<\/strong><\/em><\/p>\n<p><a href=\"http:\/\/www.studio55.fi\/matkailu\/article\/suomen-ja-viron-kielen-hauskuudet-varo-naita-sanoja-ja-lauseita\/132072\">Suomen ja viron kielen hauskuudet!<\/a><\/p>\n<p>Kuuntele viel\u00e4 lopuksi, mist\u00e4 t\u00e4ss\u00e4 kappaleessa kerrotaan:<\/p>\n<p><a href=\"https:\/\/www.youtube.com\/watch?v=PRD64KgEQS0\">https:\/\/www.youtube.com\/watch?v=PRD64KgEQS0<\/a><\/p>\n","protected":false},"excerpt":{"rendered":"<p>Kuuntele Viron edustuskappale Euroviisuissa vuonna 1996. Onko viroa helppo ymm\u00e4rt\u00e4\u00e4? Mist\u00e4 kappale kertoo? Tutkikaa viron kielen matkasanakirjaa ja koettakaa k\u00e4yd\u00e4 yksinkertaista keskustelua pareittain. Viron matkasanakirja Mik\u00e4 kieless\u00e4 on samanlaista kuin suomessa? Ent\u00e4 erilaista? Suomen ja viron kielen hauskuudet! Kuuntele viel\u00e4 &hellip; <a href=\"https:\/\/blog.edu.turku.fi\/puropeltoaidinkieli\/suomen-sukukielet\/viro\/\">Lue loppuun <span class=\"meta-nav\">&rarr;<\/span><\/a><\/p>\n","protected":false},"author":1950,"featured_media":0,"parent":28,"menu_order":2,"comment_status":"closed","ping_status":"closed","template":"","meta":{"footnotes":""},"class_list":["post-32","page","type-page","status-publish","hentry"],"_links":{"self":[{"href":"https:\/\/blog.edu.turku.fi\/puropeltoaidinkieli\/wp-json\/wp\/v2\/pages\/32","targetHints":{"allow":["GET"]}}],"collection":[{"href":"https:\/\/blog.edu.turku.fi\/puropeltoaidinkieli\/wp-json\/wp\/v2\/pages"}],"about":[{"href":"https:\/\/blog.edu.turku.fi\/puropeltoaidinkieli\/wp-json\/wp\/v2\/types\/page"}],"author":[{"embeddable":true,"href":"https:\/\/blog.edu.turku.fi\/puropeltoaidinkieli\/wp-json\/wp\/v2\/users\/1950"}],"replies":[{"embeddable":true,"href":"https:\/\/blog.edu.turku.fi\/puropeltoaidinkieli\/wp-json\/wp\/v2\/comments?post=32"}],"version-history":[{"count":7,"href":"https:\/\/blog.edu.turku.fi\/puropeltoaidinkieli\/wp-json\/wp\/v2\/pages\/32\/revisions"}],"predecessor-version":[{"id":328,"href":"https:\/\/blog.edu.turku.fi\/puropeltoaidinkieli\/wp-json\/wp\/v2\/pages\/32\/revisions\/328"}],"up":[{"embeddable":true,"href":"https:\/\/blog.edu.turku.fi\/puropeltoaidinkieli\/wp-json\/wp\/v2\/pages\/28"}],"wp:attachment":[{"href":"https:\/\/blog.edu.turku.fi\/puropeltoaidinkieli\/wp-json\/wp\/v2\/media?parent=32"}],"curies":[{"name":"wp","href":"https:\/\/api.w.org\/{rel}","templated":true}]}}