{"id":28,"date":"2015-09-07T10:23:06","date_gmt":"2015-09-07T07:23:06","guid":{"rendered":"https:\/\/blog.edu.turku.fi\/puropeltoaidinkieli\/?page_id=28"},"modified":"2015-09-07T12:25:31","modified_gmt":"2015-09-07T09:25:31","slug":"suomen-sukukielet","status":"publish","type":"page","link":"https:\/\/blog.edu.turku.fi\/puropeltoaidinkieli\/suomen-sukukielet\/","title":{"rendered":"Suomen sukukielet"},"content":{"rendered":"<p>Suomi kuuluu <em>uralilaiseen kielikuntaan<\/em>, tarkemmin ryhmiteltyn\u00e4 <em>suomalais-ugrilaisiin kieliin<\/em>. N\u00e4ille kielille tyypillisi\u00e4 piirteit\u00e4 ovat sijamuodot, omistusliite, verbien modukset ja persoona- ja aikamuodot sek\u00e4 kieltosanan taipuminen.<\/p>\n<p>Tutuimpia suomen sukukieli\u00e4 ovat viro, unkari ja saame.<\/p>\n<div id=\"attachment_56\" style=\"width: 310px\" class=\"wp-caption alignnone\"><a href=\"https:\/\/blog.edu.turku.fi\/puropeltoaidinkieli\/files\/2015\/09\/suomensukukielet_kartta.jpg\"><img loading=\"lazy\" decoding=\"async\" aria-describedby=\"caption-attachment-56\" class=\"wp-image-56 size-medium\" src=\"https:\/\/blog.edu.turku.fi\/puropeltoaidinkieli\/files\/2015\/09\/suomensukukielet_kartta-300x210.jpg\" alt=\"suomensukukielet_kartta\" width=\"300\" height=\"210\" srcset=\"https:\/\/blog.edu.turku.fi\/puropeltoaidinkieli\/files\/2015\/09\/suomensukukielet_kartta-300x210.jpg 300w, https:\/\/blog.edu.turku.fi\/puropeltoaidinkieli\/files\/2015\/09\/suomensukukielet_kartta.jpg 400w\" sizes=\"auto, (max-width: 300px) 100vw, 300px\" \/><\/a><p id=\"caption-attachment-56\" class=\"wp-caption-text\">L\u00e4hde: turunseurakunnat.fi<\/p><\/div>\n<p><strong>HUOM<\/strong>. Muistathan, ett\u00e4 kielten nimet kirjoitetaan pienell\u00e4 alkukirjaimella ja suomen kieli erikseen mutta suomenkielinen yhteen!<\/p>\n<p><em><strong>Miksi suomen kielt\u00e4 on hankala oppia? Miksi kielenoppijan on helpohko lukea suomenkielist\u00e4 teksti\u00e4 \u00e4\u00e4neen?<\/strong><\/em><\/p>\n","protected":false},"excerpt":{"rendered":"<p>Suomi kuuluu uralilaiseen kielikuntaan, tarkemmin ryhmiteltyn\u00e4 suomalais-ugrilaisiin kieliin. N\u00e4ille kielille tyypillisi\u00e4 piirteit\u00e4 ovat sijamuodot, omistusliite, verbien modukset ja persoona- ja aikamuodot sek\u00e4 kieltosanan taipuminen. Tutuimpia suomen sukukieli\u00e4 ovat viro, unkari ja saame. HUOM. Muistathan, ett\u00e4 kielten nimet kirjoitetaan pienell\u00e4 alkukirjaimella &hellip; <a href=\"https:\/\/blog.edu.turku.fi\/puropeltoaidinkieli\/suomen-sukukielet\/\">Lue loppuun <span class=\"meta-nav\">&rarr;<\/span><\/a><\/p>\n","protected":false},"author":681,"featured_media":0,"parent":0,"menu_order":3,"comment_status":"closed","ping_status":"closed","template":"","meta":{"footnotes":""},"class_list":["post-28","page","type-page","status-publish","hentry"],"_links":{"self":[{"href":"https:\/\/blog.edu.turku.fi\/puropeltoaidinkieli\/wp-json\/wp\/v2\/pages\/28","targetHints":{"allow":["GET"]}}],"collection":[{"href":"https:\/\/blog.edu.turku.fi\/puropeltoaidinkieli\/wp-json\/wp\/v2\/pages"}],"about":[{"href":"https:\/\/blog.edu.turku.fi\/puropeltoaidinkieli\/wp-json\/wp\/v2\/types\/page"}],"author":[{"embeddable":true,"href":"https:\/\/blog.edu.turku.fi\/puropeltoaidinkieli\/wp-json\/wp\/v2\/users\/681"}],"replies":[{"embeddable":true,"href":"https:\/\/blog.edu.turku.fi\/puropeltoaidinkieli\/wp-json\/wp\/v2\/comments?post=28"}],"version-history":[{"count":6,"href":"https:\/\/blog.edu.turku.fi\/puropeltoaidinkieli\/wp-json\/wp\/v2\/pages\/28\/revisions"}],"predecessor-version":[{"id":81,"href":"https:\/\/blog.edu.turku.fi\/puropeltoaidinkieli\/wp-json\/wp\/v2\/pages\/28\/revisions\/81"}],"wp:attachment":[{"href":"https:\/\/blog.edu.turku.fi\/puropeltoaidinkieli\/wp-json\/wp\/v2\/media?parent=28"}],"curies":[{"name":"wp","href":"https:\/\/api.w.org\/{rel}","templated":true}]}}