{"id":252,"date":"2015-11-25T19:07:34","date_gmt":"2015-11-25T17:07:34","guid":{"rendered":"https:\/\/blog.edu.turku.fi\/puropeltoaidinkieli\/?page_id=252"},"modified":"2017-12-11T11:59:01","modified_gmt":"2017-12-11T09:59:01","slug":"kirjallisuuskansion-tehtavat","status":"publish","type":"page","link":"https:\/\/blog.edu.turku.fi\/puropeltoaidinkieli\/esimerkkisivu\/kirjallisuuskansion-tehtavat\/","title":{"rendered":"Kirjallisuuskansion teht\u00e4v\u00e4t"},"content":{"rendered":"<p>1) Suullinen kansanperinne<br \/>\n&#8211; oma loitsu kalevalamittaa hy\u00f6dynt\u00e4en (s. 82 t. 2)<\/p>\n<p>2) Kirjakielen synty<br \/>\n&#8211; henkil\u00f6tietokortti Mikael Agricolasta<\/p>\n<p>3) Romantiikka<br \/>\n&#8211; henkil\u00f6tietokortti J.L. Runebergist\u00e4<br \/>\n&#8211; romanttinen kuva + perustelut<br \/>\n&#8211; henkil\u00f6tietokortti Elias L\u00f6nrotista<br \/>\n&#8211; uutinen Kalevalan Kyllikin ry\u00f6st\u00f6 -runon pohjalta<br \/>\n&#8211; henkil\u00f6tietokortti Aleksis Kivest\u00e4<\/p>\n<p>4) Realismi<\/p>\n<p>&#8211; s. 118 t.4<br \/>\n&#8211; henkil\u00f6tietokortti Minna Canthista<br \/>\n&#8211; realistinen kuva + perustelut<\/p>\n<p>&#8211; Lapsenpiika-novellin teht\u00e4v\u00e4t &amp; NOVELLIANALYYSI<\/p>\n<p>Uusromantiikka<\/p>\n<p>&#8211; henkil\u00f6tietokortti Eino Leinosta<\/p>\n<p>5) Modernismi<br \/>\n&#8211; oma dada-runo<\/p>\n<p>6) H\u00e4r\u00e4ntappoase-lukukirjaan liittyv\u00e4 kirjoitusteht\u00e4v\u00e4<\/p>\n","protected":false},"excerpt":{"rendered":"<p>1) Suullinen kansanperinne &#8211; oma loitsu kalevalamittaa hy\u00f6dynt\u00e4en (s. 82 t. 2) 2) Kirjakielen synty &#8211; henkil\u00f6tietokortti Mikael Agricolasta 3) Romantiikka &#8211; henkil\u00f6tietokortti J.L. Runebergist\u00e4 &#8211; romanttinen kuva + perustelut &#8211; henkil\u00f6tietokortti Elias L\u00f6nrotista &#8211; uutinen Kalevalan Kyllikin ry\u00f6st\u00f6 -runon &hellip; <a href=\"https:\/\/blog.edu.turku.fi\/puropeltoaidinkieli\/esimerkkisivu\/kirjallisuuskansion-tehtavat\/\">Lue loppuun <span class=\"meta-nav\">&rarr;<\/span><\/a><\/p>\n","protected":false},"author":1950,"featured_media":0,"parent":2,"menu_order":1,"comment_status":"closed","ping_status":"closed","template":"","meta":{"footnotes":""},"class_list":["post-252","page","type-page","status-publish","hentry"],"_links":{"self":[{"href":"https:\/\/blog.edu.turku.fi\/puropeltoaidinkieli\/wp-json\/wp\/v2\/pages\/252","targetHints":{"allow":["GET"]}}],"collection":[{"href":"https:\/\/blog.edu.turku.fi\/puropeltoaidinkieli\/wp-json\/wp\/v2\/pages"}],"about":[{"href":"https:\/\/blog.edu.turku.fi\/puropeltoaidinkieli\/wp-json\/wp\/v2\/types\/page"}],"author":[{"embeddable":true,"href":"https:\/\/blog.edu.turku.fi\/puropeltoaidinkieli\/wp-json\/wp\/v2\/users\/1950"}],"replies":[{"embeddable":true,"href":"https:\/\/blog.edu.turku.fi\/puropeltoaidinkieli\/wp-json\/wp\/v2\/comments?post=252"}],"version-history":[{"count":7,"href":"https:\/\/blog.edu.turku.fi\/puropeltoaidinkieli\/wp-json\/wp\/v2\/pages\/252\/revisions"}],"predecessor-version":[{"id":319,"href":"https:\/\/blog.edu.turku.fi\/puropeltoaidinkieli\/wp-json\/wp\/v2\/pages\/252\/revisions\/319"}],"up":[{"embeddable":true,"href":"https:\/\/blog.edu.turku.fi\/puropeltoaidinkieli\/wp-json\/wp\/v2\/pages\/2"}],"wp:attachment":[{"href":"https:\/\/blog.edu.turku.fi\/puropeltoaidinkieli\/wp-json\/wp\/v2\/media?parent=252"}],"curies":[{"name":"wp","href":"https:\/\/api.w.org\/{rel}","templated":true}]}}