{"id":199,"date":"2015-09-07T14:15:02","date_gmt":"2015-09-07T11:15:02","guid":{"rendered":"https:\/\/blog.edu.turku.fi\/puropeltoaidinkieli\/?page_id=199"},"modified":"2018-04-06T18:34:58","modified_gmt":"2018-04-06T15:34:58","slug":"nimisto","status":"publish","type":"page","link":"https:\/\/blog.edu.turku.fi\/puropeltoaidinkieli\/suomen-kieli-ja-kulttuuri\/sanasto\/nimisto\/","title":{"rendered":"Nimist\u00f6"},"content":{"rendered":"<p>Ota selv\u00e4\u00e4 oman nimesi taustasta ja historiasta!<\/p>\n<p>a. Mist\u00e4 etunimesi on per\u00e4isin? Mit\u00e4 merkityksi\u00e4 l\u00f6yd\u00e4t nimellesi? Miksi sinulle valittiin juuri t\u00e4m\u00e4 nimi?<\/p>\n<p>b. Mist\u00e4 toinen\/toiset nimesi ovat per\u00e4isin? Mit\u00e4 merkityksi\u00e4 l\u00f6yd\u00e4t toiselle nimellesi? Miksi sinulle valittiin juuri t\u00e4m\u00e4 \u00a0nimi?<\/p>\n<p>c. Mit\u00e4 tied\u00e4t sukunimesi historiasta? Onko kaikilla perheess\u00e4si sama sukunimi.<\/p>\n<p>Ota selv\u00e4\u00e4, kuinka yleinen sukunimesi ja etunimesi on. <a href=\"http:\/\/verkkopalvelu.vrk.fi\/Nimipalvelu\/\">http:\/\/verkkopalvelu.vrk.fi\/Nimipalvelu\/<\/a><\/p>\n<p>Esittele itsesi luokalle taiteiljanimell\u00e4si = toinen nimesi ja \u00e4itisi tytt\u00f6nimi.<\/p>\n","protected":false},"excerpt":{"rendered":"<p>Ota selv\u00e4\u00e4 oman nimesi taustasta ja historiasta! a. Mist\u00e4 etunimesi on per\u00e4isin? Mit\u00e4 merkityksi\u00e4 l\u00f6yd\u00e4t nimellesi? Miksi sinulle valittiin juuri t\u00e4m\u00e4 nimi? b. Mist\u00e4 toinen\/toiset nimesi ovat per\u00e4isin? Mit\u00e4 merkityksi\u00e4 l\u00f6yd\u00e4t toiselle nimellesi? Miksi sinulle valittiin juuri t\u00e4m\u00e4 \u00a0nimi? c. &hellip; <a href=\"https:\/\/blog.edu.turku.fi\/puropeltoaidinkieli\/suomen-kieli-ja-kulttuuri\/sanasto\/nimisto\/\">Lue loppuun <span class=\"meta-nav\">&rarr;<\/span><\/a><\/p>\n","protected":false},"author":1950,"featured_media":0,"parent":105,"menu_order":3,"comment_status":"closed","ping_status":"closed","template":"","meta":{"footnotes":""},"class_list":["post-199","page","type-page","status-publish","hentry"],"_links":{"self":[{"href":"https:\/\/blog.edu.turku.fi\/puropeltoaidinkieli\/wp-json\/wp\/v2\/pages\/199","targetHints":{"allow":["GET"]}}],"collection":[{"href":"https:\/\/blog.edu.turku.fi\/puropeltoaidinkieli\/wp-json\/wp\/v2\/pages"}],"about":[{"href":"https:\/\/blog.edu.turku.fi\/puropeltoaidinkieli\/wp-json\/wp\/v2\/types\/page"}],"author":[{"embeddable":true,"href":"https:\/\/blog.edu.turku.fi\/puropeltoaidinkieli\/wp-json\/wp\/v2\/users\/1950"}],"replies":[{"embeddable":true,"href":"https:\/\/blog.edu.turku.fi\/puropeltoaidinkieli\/wp-json\/wp\/v2\/comments?post=199"}],"version-history":[{"count":3,"href":"https:\/\/blog.edu.turku.fi\/puropeltoaidinkieli\/wp-json\/wp\/v2\/pages\/199\/revisions"}],"predecessor-version":[{"id":325,"href":"https:\/\/blog.edu.turku.fi\/puropeltoaidinkieli\/wp-json\/wp\/v2\/pages\/199\/revisions\/325"}],"up":[{"embeddable":true,"href":"https:\/\/blog.edu.turku.fi\/puropeltoaidinkieli\/wp-json\/wp\/v2\/pages\/105"}],"wp:attachment":[{"href":"https:\/\/blog.edu.turku.fi\/puropeltoaidinkieli\/wp-json\/wp\/v2\/media?parent=199"}],"curies":[{"name":"wp","href":"https:\/\/api.w.org\/{rel}","templated":true}]}}