{"id":192,"date":"2015-09-07T14:01:51","date_gmt":"2015-09-07T11:01:51","guid":{"rendered":"https:\/\/blog.edu.turku.fi\/puropeltoaidinkieli\/?page_id=192"},"modified":"2015-09-07T14:23:32","modified_gmt":"2015-09-07T11:23:32","slug":"stadin-slangi","status":"publish","type":"page","link":"https:\/\/blog.edu.turku.fi\/puropeltoaidinkieli\/suomen-kieli-ja-kulttuuri\/murteet\/stadin-slangi\/","title":{"rendered":"Stadin slangi"},"content":{"rendered":"<p><a href=\"https:\/\/www.youtube.com\/watch?v=HQZK-DKmcPI\">https:\/\/www.youtube.com\/watch?v=HQZK-DKmcPI<\/a><\/p>\n<p><em><strong>TEHT\u00c4V\u00c4:<\/strong><\/em> K\u00e4y lukemassa Tsilari 3\/2015 -lehdess\u00e4 ilmestynyt Sami Garamin p\u00e4\u00e4kirjoitus <a href=\"http:\/\/www.printbox.fi\/flipbooks\/malli\/tsilari-3-2015\/\">t\u00e4\u00e4lt\u00e4<\/a>.<\/p>\n<p><em><strong>1) Mit\u00e4 sanoja on vaikea ymm\u00e4rt\u00e4\u00e4? Etsi murresanoille yleiskieliset selitykset.<\/strong><\/em><\/p>\n<p><em><strong>2) Mik\u00e4 on tekstin aihe? Mist\u00e4 Garam kirjoittaa? Kenelle teksti on suunnattu?<\/strong><\/em><\/p>\n<p>&nbsp;<\/p>\n","protected":false},"excerpt":{"rendered":"<p>TEHT\u00c4V\u00c4: K\u00e4y lukemassa Tsilari 3\/2015 -lehdess\u00e4 ilmestynyt Sami Garamin p\u00e4\u00e4kirjoitus t\u00e4\u00e4lt\u00e4. 1) Mit\u00e4 sanoja on vaikea ymm\u00e4rt\u00e4\u00e4? Etsi murresanoille yleiskieliset selitykset. 2) Mik\u00e4 on tekstin aihe? Mist\u00e4 Garam kirjoittaa? Kenelle teksti on suunnattu? &nbsp;<\/p>\n","protected":false},"author":681,"featured_media":0,"parent":140,"menu_order":7,"comment_status":"closed","ping_status":"closed","template":"","meta":{"footnotes":""},"class_list":["post-192","page","type-page","status-publish","hentry"],"_links":{"self":[{"href":"https:\/\/blog.edu.turku.fi\/puropeltoaidinkieli\/wp-json\/wp\/v2\/pages\/192","targetHints":{"allow":["GET"]}}],"collection":[{"href":"https:\/\/blog.edu.turku.fi\/puropeltoaidinkieli\/wp-json\/wp\/v2\/pages"}],"about":[{"href":"https:\/\/blog.edu.turku.fi\/puropeltoaidinkieli\/wp-json\/wp\/v2\/types\/page"}],"author":[{"embeddable":true,"href":"https:\/\/blog.edu.turku.fi\/puropeltoaidinkieli\/wp-json\/wp\/v2\/users\/681"}],"replies":[{"embeddable":true,"href":"https:\/\/blog.edu.turku.fi\/puropeltoaidinkieli\/wp-json\/wp\/v2\/comments?post=192"}],"version-history":[{"count":7,"href":"https:\/\/blog.edu.turku.fi\/puropeltoaidinkieli\/wp-json\/wp\/v2\/pages\/192\/revisions"}],"predecessor-version":[{"id":205,"href":"https:\/\/blog.edu.turku.fi\/puropeltoaidinkieli\/wp-json\/wp\/v2\/pages\/192\/revisions\/205"}],"up":[{"embeddable":true,"href":"https:\/\/blog.edu.turku.fi\/puropeltoaidinkieli\/wp-json\/wp\/v2\/pages\/140"}],"wp:attachment":[{"href":"https:\/\/blog.edu.turku.fi\/puropeltoaidinkieli\/wp-json\/wp\/v2\/media?parent=192"}],"curies":[{"name":"wp","href":"https:\/\/api.w.org\/{rel}","templated":true}]}}