{"id":182,"date":"2015-09-07T13:59:14","date_gmt":"2015-09-07T10:59:14","guid":{"rendered":"https:\/\/blog.edu.turku.fi\/puropeltoaidinkieli\/?page_id=182"},"modified":"2015-09-07T14:24:42","modified_gmt":"2015-09-07T11:24:42","slug":"hamalaismurteet","status":"publish","type":"page","link":"https:\/\/blog.edu.turku.fi\/puropeltoaidinkieli\/suomen-kieli-ja-kulttuuri\/murteet\/hamalaismurteet\/","title":{"rendered":"H\u00e4m\u00e4l\u00e4ismurteet"},"content":{"rendered":"<p><a href=\"https:\/\/www.youtube.com\/watch?v=igmFo28x4f0\">https:\/\/www.youtube.com\/watch?v=igmFo28x4f0<\/a><\/p>\n","protected":false},"excerpt":{"rendered":"","protected":false},"author":681,"featured_media":0,"parent":140,"menu_order":2,"comment_status":"closed","ping_status":"closed","template":"","meta":{"footnotes":""},"class_list":["post-182","page","type-page","status-publish","hentry"],"_links":{"self":[{"href":"https:\/\/blog.edu.turku.fi\/puropeltoaidinkieli\/wp-json\/wp\/v2\/pages\/182","targetHints":{"allow":["GET"]}}],"collection":[{"href":"https:\/\/blog.edu.turku.fi\/puropeltoaidinkieli\/wp-json\/wp\/v2\/pages"}],"about":[{"href":"https:\/\/blog.edu.turku.fi\/puropeltoaidinkieli\/wp-json\/wp\/v2\/types\/page"}],"author":[{"embeddable":true,"href":"https:\/\/blog.edu.turku.fi\/puropeltoaidinkieli\/wp-json\/wp\/v2\/users\/681"}],"replies":[{"embeddable":true,"href":"https:\/\/blog.edu.turku.fi\/puropeltoaidinkieli\/wp-json\/wp\/v2\/comments?post=182"}],"version-history":[{"count":2,"href":"https:\/\/blog.edu.turku.fi\/puropeltoaidinkieli\/wp-json\/wp\/v2\/pages\/182\/revisions"}],"predecessor-version":[{"id":207,"href":"https:\/\/blog.edu.turku.fi\/puropeltoaidinkieli\/wp-json\/wp\/v2\/pages\/182\/revisions\/207"}],"up":[{"embeddable":true,"href":"https:\/\/blog.edu.turku.fi\/puropeltoaidinkieli\/wp-json\/wp\/v2\/pages\/140"}],"wp:attachment":[{"href":"https:\/\/blog.edu.turku.fi\/puropeltoaidinkieli\/wp-json\/wp\/v2\/media?parent=182"}],"curies":[{"name":"wp","href":"https:\/\/api.w.org\/{rel}","templated":true}]}}