{"id":165,"date":"2015-09-07T13:42:20","date_gmt":"2015-09-07T10:42:20","guid":{"rendered":"https:\/\/blog.edu.turku.fi\/puropeltoaidinkieli\/?page_id=165"},"modified":"2015-09-19T18:01:55","modified_gmt":"2015-09-19T15:01:55","slug":"kansallisromantiikka-kalevala","status":"publish","type":"page","link":"https:\/\/blog.edu.turku.fi\/puropeltoaidinkieli\/kirjallisuushistoria\/romantiikan-aikakausi\/kansallisromantiikka-kalevala\/","title":{"rendered":"Kansallisromantiikka: KALEVALA"},"content":{"rendered":"<p><a href=\"http:\/\/neba.finlit.fi\/kalevala\/index.php?m=1&amp;l=1\">T\u00e4\u00e4ll\u00e4 voit lukea koko Kalevalan!<\/a><\/p>\n<p><a href=\"http:\/\/neba.finlit.fi\/kalevala\/index.php?m=11&amp;s=40&amp;l=1\">T\u00e4\u00e4lt\u00e4 l\u00f6ytyy tietoa Elias L\u00f6nrotista<\/a>.<\/p>\n<p>Lis\u00e4tietoa l\u00f6ytyy\u00a0<a href=\"http:\/\/kalevalaseura.fi\/kalevalasta\/\">t\u00e4\u00e4lt\u00e4<\/a>.<\/p>\n<p>Kalevala on innoittanut monia taiteilijoita, kuten <b>Akseli Gallen-Kallelaa kansallisroma<b>ntiikan aikana 18<b>9<\/b>0-luvulla.<\/b><\/b><\/p>\n<p>&nbsp;<\/p>\n\n\t\t<style type=\"text\/css\">\n\t\t\t#gallery-1 {\n\t\t\t\tmargin: auto;\n\t\t\t}\n\t\t\t#gallery-1 .gallery-item {\n\t\t\t\tfloat: left;\n\t\t\t\tmargin-top: 10px;\n\t\t\t\ttext-align: center;\n\t\t\t\twidth: 33%;\n\t\t\t}\n\t\t\t#gallery-1 img {\n\t\t\t\tborder: 2px solid #cfcfcf;\n\t\t\t}\n\t\t\t#gallery-1 .gallery-caption {\n\t\t\t\tmargin-left: 0;\n\t\t\t}\n\t\t\t\/* see gallery_shortcode() in wp-includes\/media.php *\/\n\t\t<\/style>\n\t\t<div id='gallery-1' class='gallery galleryid-165 gallery-columns-3 gallery-size-thumbnail'><dl class='gallery-item'>\n\t\t\t<dt class='gallery-icon landscape'>\n\t\t\t\t<a href='https:\/\/blog.edu.turku.fi\/puropeltoaidinkieli\/kirjallisuushistoria\/romantiikan-aikakausi\/kansallisromantiikka-kalevala\/gallen_kallela_the_aino_triptych-2\/'><img loading=\"lazy\" decoding=\"async\" width=\"150\" height=\"150\" src=\"https:\/\/blog.edu.turku.fi\/puropeltoaidinkieli\/files\/2015\/09\/Gallen_Kallela_The_Aino_Triptych-2-150x150.jpg\" class=\"attachment-thumbnail size-thumbnail\" alt=\"\" aria-describedby=\"gallery-1-168\" srcset=\"https:\/\/blog.edu.turku.fi\/puropeltoaidinkieli\/files\/2015\/09\/Gallen_Kallela_The_Aino_Triptych-2-150x150.jpg 150w, https:\/\/blog.edu.turku.fi\/puropeltoaidinkieli\/files\/2015\/09\/Gallen_Kallela_The_Aino_Triptych-2-300x300.jpg 300w, https:\/\/blog.edu.turku.fi\/puropeltoaidinkieli\/files\/2015\/09\/Gallen_Kallela_The_Aino_Triptych-2-1024x1022.jpg 1024w, https:\/\/blog.edu.turku.fi\/puropeltoaidinkieli\/files\/2015\/09\/Gallen_Kallela_The_Aino_Triptych-2.jpg 1945w\" sizes=\"auto, (max-width: 150px) 100vw, 150px\" \/><\/a>\n\t\t\t<\/dt>\n\t\t\t\t<dd class='wp-caption-text gallery-caption' id='gallery-1-168'>\n\t\t\t\tAino\n\t\t\t\t<\/dd><\/dl><dl class='gallery-item'>\n\t\t\t<dt class='gallery-icon landscape'>\n\t\t\t\t<a href='https:\/\/blog.edu.turku.fi\/puropeltoaidinkieli\/kirjallisuushistoria\/romantiikan-aikakausi\/kansallisromantiikka-kalevala\/sammon_puolustus\/'><img loading=\"lazy\" decoding=\"async\" width=\"150\" height=\"150\" src=\"https:\/\/blog.edu.turku.fi\/puropeltoaidinkieli\/files\/2015\/09\/Sammon_puolustus-150x150.jpg\" class=\"attachment-thumbnail size-thumbnail\" alt=\"\" aria-describedby=\"gallery-1-170\" \/><\/a>\n\t\t\t<\/dt>\n\t\t\t\t<dd class='wp-caption-text gallery-caption' id='gallery-1-170'>\n\t\t\t\tSammon puolustus\n\t\t\t\t<\/dd><\/dl><dl class='gallery-item'>\n\t\t\t<dt class='gallery-icon landscape'>\n\t\t\t\t<a href='https:\/\/blog.edu.turku.fi\/puropeltoaidinkieli\/kirjallisuushistoria\/romantiikan-aikakausi\/kansallisromantiikka-kalevala\/gallen_kallela_lemminkainens_mother-2\/'><img loading=\"lazy\" decoding=\"async\" width=\"150\" height=\"150\" src=\"https:\/\/blog.edu.turku.fi\/puropeltoaidinkieli\/files\/2015\/09\/Gallen_Kallela_Lemminkainens_Mother1-150x150.jpg\" class=\"attachment-thumbnail size-thumbnail\" alt=\"\" aria-describedby=\"gallery-1-167\" \/><\/a>\n\t\t\t<\/dt>\n\t\t\t\t<dd class='wp-caption-text gallery-caption' id='gallery-1-167'>\n\t\t\t\tLemmink\u00e4isen \u00e4iti\n\t\t\t\t<\/dd><\/dl><br style=\"clear: both\" \/>\n\t\t<\/div>\n\n<p><em><strong>TEHT\u00c4V\u00c4: Etsi netist\u00e4 tietoa siit\u00e4, mihin kaikkeen Kalevalasta on vuosien saatossa otettu <\/strong><strong>vaikutteita. (esim. eri taiteen lajit ja nimist\u00f6)<\/strong><\/em><\/p>\n","protected":false},"excerpt":{"rendered":"<p>T\u00e4\u00e4ll\u00e4 voit lukea koko Kalevalan! T\u00e4\u00e4lt\u00e4 l\u00f6ytyy tietoa Elias L\u00f6nrotista. Lis\u00e4tietoa l\u00f6ytyy\u00a0t\u00e4\u00e4lt\u00e4. Kalevala on innoittanut monia taiteilijoita, kuten Akseli Gallen-Kallelaa kansallisromantiikan aikana 1890-luvulla. &nbsp; TEHT\u00c4V\u00c4: Etsi netist\u00e4 tietoa siit\u00e4, mihin kaikkeen Kalevalasta on vuosien saatossa otettu vaikutteita. (esim. eri taiteen &hellip; <a href=\"https:\/\/blog.edu.turku.fi\/puropeltoaidinkieli\/kirjallisuushistoria\/romantiikan-aikakausi\/kansallisromantiikka-kalevala\/\">Lue loppuun <span class=\"meta-nav\">&rarr;<\/span><\/a><\/p>\n","protected":false},"author":681,"featured_media":0,"parent":115,"menu_order":0,"comment_status":"closed","ping_status":"closed","template":"","meta":{"footnotes":""},"class_list":["post-165","page","type-page","status-publish","hentry"],"_links":{"self":[{"href":"https:\/\/blog.edu.turku.fi\/puropeltoaidinkieli\/wp-json\/wp\/v2\/pages\/165","targetHints":{"allow":["GET"]}}],"collection":[{"href":"https:\/\/blog.edu.turku.fi\/puropeltoaidinkieli\/wp-json\/wp\/v2\/pages"}],"about":[{"href":"https:\/\/blog.edu.turku.fi\/puropeltoaidinkieli\/wp-json\/wp\/v2\/types\/page"}],"author":[{"embeddable":true,"href":"https:\/\/blog.edu.turku.fi\/puropeltoaidinkieli\/wp-json\/wp\/v2\/users\/681"}],"replies":[{"embeddable":true,"href":"https:\/\/blog.edu.turku.fi\/puropeltoaidinkieli\/wp-json\/wp\/v2\/comments?post=165"}],"version-history":[{"count":4,"href":"https:\/\/blog.edu.turku.fi\/puropeltoaidinkieli\/wp-json\/wp\/v2\/pages\/165\/revisions"}],"predecessor-version":[{"id":231,"href":"https:\/\/blog.edu.turku.fi\/puropeltoaidinkieli\/wp-json\/wp\/v2\/pages\/165\/revisions\/231"}],"up":[{"embeddable":true,"href":"https:\/\/blog.edu.turku.fi\/puropeltoaidinkieli\/wp-json\/wp\/v2\/pages\/115"}],"wp:attachment":[{"href":"https:\/\/blog.edu.turku.fi\/puropeltoaidinkieli\/wp-json\/wp\/v2\/media?parent=165"}],"curies":[{"name":"wp","href":"https:\/\/api.w.org\/{rel}","templated":true}]}}